{"id":3826,"date":"2024-05-07T17:36:49","date_gmt":"2024-05-07T15:36:49","guid":{"rendered":"https:\/\/profma.ma\/?post_type=product&#038;p=3826"},"modified":"2024-06-06T22:01:26","modified_gmt":"2024-06-06T20:01:26","slug":"tampon-applicateur-en-microfibre-x5","status":"publish","type":"product","link":"https:\/\/profma.ma\/en\/product\/tampon-applicateur-en-microfibre-x5\/","title":{"rendered":"TAMPON APPLICATEUR EN MICROFIBRE X5"},"content":{"rendered":"<p>Utilisations : application uniforme de cires, vernis, produits r\u00e9novateurs, rev\u00eatements c\u00e9ramiques, etc.<\/p>\n<p>Sans risques de rayures.<\/p>\n<p>Caract\u00e9ristiques :<\/p>\n<ul>\n<li>Forme ronde<\/li>\n<li>En microfibre lavable<\/li>\n<li>Dimensions : 15 cm x 2.5 cm<\/li>\n<li>Coloris orange<\/li>\n<li>Avec une poche pour une prise plus facile :<\/li>\n<\/ul>\n<p>&nbsp;<\/p>\n<p><img loading=\"lazy\" decoding=\"async\" src=\"https:\/\/www.am-performance.fr\/img\/cms\/Eponges%20applicateur%20en%20microfibre.PNG\" alt=\"\" width=\"445\" height=\"198\" \/><\/p>","protected":false},"excerpt":{"rendered":"<p>Pour l&rsquo;int\u00e9rieur ou l&rsquo;ext\u00e9rieur de votre v\u00e9hicule !<br \/>\n\u00c9ponge applicateur de cires ou de polissage douce en microfibre.<br \/>\nLot de 5 pi\u00e8ces.<\/p>","protected":false},"featured_media":3827,"comment_status":"open","ping_status":"closed","template":"","meta":[],"product_brand":[],"product_cat":[15],"product_tag":[],"class_list":{"0":"post-3826","1":"product","2":"type-product","3":"status-publish","4":"has-post-thumbnail","6":"product_cat-uncategorized","8":"first","9":"instock","10":"taxable","11":"shipping-taxable","12":"product-type-simple"},"_links":{"self":[{"href":"https:\/\/profma.ma\/en\/wp-json\/wp\/v2\/product\/3826","targetHints":{"allow":["GET"]}}],"collection":[{"href":"https:\/\/profma.ma\/en\/wp-json\/wp\/v2\/product"}],"about":[{"href":"https:\/\/profma.ma\/en\/wp-json\/wp\/v2\/types\/product"}],"replies":[{"embeddable":true,"href":"https:\/\/profma.ma\/en\/wp-json\/wp\/v2\/comments?post=3826"}],"wp:featuredmedia":[{"embeddable":true,"href":"https:\/\/profma.ma\/en\/wp-json\/wp\/v2\/media\/3827"}],"wp:attachment":[{"href":"https:\/\/profma.ma\/en\/wp-json\/wp\/v2\/media?parent=3826"}],"wp:term":[{"taxonomy":"product_brand","embeddable":true,"href":"https:\/\/profma.ma\/en\/wp-json\/wp\/v2\/product_brand?post=3826"},{"taxonomy":"product_cat","embeddable":true,"href":"https:\/\/profma.ma\/en\/wp-json\/wp\/v2\/product_cat?post=3826"},{"taxonomy":"product_tag","embeddable":true,"href":"https:\/\/profma.ma\/en\/wp-json\/wp\/v2\/product_tag?post=3826"}],"curies":[{"name":"wp","href":"https:\/\/api.w.org\/{rel}","templated":true}]}}