{"id":3821,"date":"2024-05-06T20:21:56","date_gmt":"2024-05-06T18:21:56","guid":{"rendered":"https:\/\/profma.ma\/?post_type=product&#038;p=3821"},"modified":"2024-06-06T22:01:48","modified_gmt":"2024-06-06T20:01:48","slug":"gant-microfibre-rasta-7-couleurs","status":"publish","type":"product","link":"https:\/\/profma.ma\/en\/product\/gant-microfibre-rasta-7-couleurs\/","title":{"rendered":"GANT MICROFIBRE RASTA [ 7 COULEURS ]"},"content":{"rendered":"<p>Excellent pour le nettoyage, tant sec que mouill\u00e9. Gr\u00e2ce au tissage chenill\u00e9, le\u00a0gant rasta est id\u00e9al pour le lavage et le d\u00e9poussi\u00e9rage des\u00a0carrosseries. Parfait aussi pour le lavage sans eau.<\/p>\n<p>Les microfibres garantissent un nettoyage ou un polissage en profondeur.<\/p>\n<p>Doux, ne raye pas pour les surfaces.<\/p>\n<p>Bien rincer apr\u00e8s usage \u00e0 l&rsquo;au chaude pour \u00e9liminer les particules de salet\u00e9s, puis faire s\u00e9cher.<\/p>\n<p>Caract\u00e9ristiques :<\/p>\n<ul>\n<li>Dimensions : 27 x 23 cm<\/li>\n<li>Lavage en machine \u00e0 60\u00b0<\/li>\n<\/ul>","protected":false},"excerpt":{"rendered":"<div id=\"product-description-short-465\" class=\"product_desc\">\n<p>Pour un nettoyage parfait et en profondeur de votre v\u00e9hicule, tant \u00e0 l&rsquo;int\u00e9rieur qu&rsquo;\u00e0 l&rsquo;ext\u00e9rieur !<br \/>\nPlusieurs couleurs disponibles : vert fluo, orange, vert fonc\u00e9, bleu fonc\u00e9, bleu clair, gris, rouge<\/p>\n<\/div>\n<div class=\"product-actions\">\n<div class=\"product-variants allow_oosp_0\">\n<div class=\"clearfix product-variants-item\"><\/div>\n<\/div>\n<\/div>","protected":false},"featured_media":3822,"comment_status":"open","ping_status":"closed","template":"","meta":[],"product_brand":[],"product_cat":[15],"product_tag":[],"class_list":{"0":"post-3821","1":"product","2":"type-product","3":"status-publish","4":"has-post-thumbnail","6":"product_cat-uncategorized","8":"first","9":"instock","10":"taxable","11":"shipping-taxable","12":"product-type-simple"},"_links":{"self":[{"href":"https:\/\/profma.ma\/en\/wp-json\/wp\/v2\/product\/3821","targetHints":{"allow":["GET"]}}],"collection":[{"href":"https:\/\/profma.ma\/en\/wp-json\/wp\/v2\/product"}],"about":[{"href":"https:\/\/profma.ma\/en\/wp-json\/wp\/v2\/types\/product"}],"replies":[{"embeddable":true,"href":"https:\/\/profma.ma\/en\/wp-json\/wp\/v2\/comments?post=3821"}],"wp:featuredmedia":[{"embeddable":true,"href":"https:\/\/profma.ma\/en\/wp-json\/wp\/v2\/media\/3822"}],"wp:attachment":[{"href":"https:\/\/profma.ma\/en\/wp-json\/wp\/v2\/media?parent=3821"}],"wp:term":[{"taxonomy":"product_brand","embeddable":true,"href":"https:\/\/profma.ma\/en\/wp-json\/wp\/v2\/product_brand?post=3821"},{"taxonomy":"product_cat","embeddable":true,"href":"https:\/\/profma.ma\/en\/wp-json\/wp\/v2\/product_cat?post=3821"},{"taxonomy":"product_tag","embeddable":true,"href":"https:\/\/profma.ma\/en\/wp-json\/wp\/v2\/product_tag?post=3821"}],"curies":[{"name":"wp","href":"https:\/\/api.w.org\/{rel}","templated":true}]}}