{"id":3811,"date":"2024-05-05T20:51:00","date_gmt":"2024-05-05T18:51:00","guid":{"rendered":"https:\/\/profma.ma\/?post_type=product&#038;p=3811"},"modified":"2024-06-12T18:01:17","modified_gmt":"2024-06-12T16:01:17","slug":"kenotek-pad-double-action-laine-microfibre","status":"publish","type":"product","link":"https:\/\/profma.ma\/en\/product\/kenotek-pad-double-action-laine-microfibre\/","title":{"rendered":"KENOTEK PAD DOUBLE ACTION &#8211; LAINE &amp; MICROFIBRE"},"content":{"rendered":"<p>Les tampons \u00e0 double action de KENOTEK ont \u00e9t\u00e9 con\u00e7us pour les polisseuses \u00e0 double action. Ils supprimeront les rayures, hologrammes et autres imperfections de la carrosserie.<\/p>\n<p>Les pads en laine et microfibre sont r\u00e9put\u00e9s pour \u00eatre les plus agressifs et servent pour la \u201ccoupe lourde\u201d et l\u2019\u00e9limination des d\u00e9fauts sp\u00e9cifiques tr\u00e8s marqu\u00e9s sur une carrosserie.<\/p>\n<p>Caract\u00e9ristiques :<\/p>\n<ul>\n<li>dimensions :<br \/>\nDiam\u00e8tres : 125\/135mm (5\u00a0\u00bb)<br \/>\nEpaisseur : 10mm<\/li>\n<li>Perc\u00e9<\/li>\n<li>Niveau de duret\u00e9 :\u00a0pon\u00e7age \u00e9lev\u00e9<\/li>\n<li>Coloris : bleu\/blanc<\/li>\n<li>Syst\u00e8me auto-agrippant velcro<\/li>\n<li>Vendu emball\u00e9<\/li>\n<\/ul>\n<p><strong>KENOTEK CORRECTION SYSTEM<\/strong>\u00a0est le r\u00e9sultat d&rsquo;une recherche d\u00e9velopp\u00e9e sur la derni\u00e8re g\u00e9n\u00e9ration de compos\u00e9s et de vernis \u00e0 base d&rsquo;eau, la haute viscosit\u00e9 et l&rsquo;innovation de la technologie d&rsquo;abrasifs de pointe permettant d&rsquo;avoir des r\u00e9sultats qui \u00e9taient auparavant inimaginables.<\/p>\n<ul>\n<li>facilit\u00e9 d&rsquo;utilisation<\/li>\n<li>r\u00e9sultats rapides<\/li>\n<li>excellentes performances<\/li>\n<li>finition impeccable avec peu de produit<\/li>\n<\/ul>\n<p><img loading=\"lazy\" decoding=\"async\" src=\"https:\/\/www.am-performance.fr\/img\/cms\/PROCESSUS%20DE%20POLISSAGE%20KENOTEK%20EAT.PNG\" alt=\"\" width=\"663\" height=\"435\" \/><\/p>\n<p><strong>Mode d&#8217;emploi :<\/strong><\/p>\n<p>Appliquez suffisamment d&rsquo;EAT 150 sur le tampon de polissage ou la surface peinte. Distribuer \u00e0 basse vitesse, env. 1200 tr\/min, sur la surface peinte, puis commencer le polissage \u00e0 env. 1800 tr\/min plus une pression mod\u00e9r\u00e9e jusqu&rsquo;au r\u00e9sultat souhait\u00e9.<\/p>\n<p>&nbsp;<\/p>\n<p><strong>Toute la gamme de pads double action Kenotek :<\/strong><\/p>\n<p><img loading=\"lazy\" decoding=\"async\" src=\"https:\/\/www.am-performance.fr\/img\/cms\/PADS%20DOUBLE%20ACTION%20KENOTEK.JPG\" alt=\"\" width=\"553\" height=\"716\" \/><\/p>","protected":false},"excerpt":{"rendered":"<p>Pad de pon\u00e7age et de polissage hybride en laine et microfibre de Kenotek, \u00e0 utiliser en combinaison avec le Kenotek EAT 150 &#8211; FAST ONE STEP CUTTING POLISH.<br \/>\n<img loading=\"lazy\" decoding=\"async\" src=\"https:\/\/www.am-performance.fr\/img\/cms\/Top%20qualite.png\" alt=\"\" width=\"56\" height=\"56\" \/><\/p>","protected":false},"featured_media":3812,"comment_status":"open","ping_status":"closed","template":"","meta":[],"product_brand":[],"product_cat":[232],"product_tag":[],"class_list":{"0":"post-3811","1":"product","2":"type-product","3":"status-publish","4":"has-post-thumbnail","6":"product_cat-kenotek","8":"first","9":"instock","10":"taxable","11":"shipping-taxable","12":"product-type-simple"},"_links":{"self":[{"href":"https:\/\/profma.ma\/en\/wp-json\/wp\/v2\/product\/3811","targetHints":{"allow":["GET"]}}],"collection":[{"href":"https:\/\/profma.ma\/en\/wp-json\/wp\/v2\/product"}],"about":[{"href":"https:\/\/profma.ma\/en\/wp-json\/wp\/v2\/types\/product"}],"replies":[{"embeddable":true,"href":"https:\/\/profma.ma\/en\/wp-json\/wp\/v2\/comments?post=3811"}],"wp:featuredmedia":[{"embeddable":true,"href":"https:\/\/profma.ma\/en\/wp-json\/wp\/v2\/media\/3812"}],"wp:attachment":[{"href":"https:\/\/profma.ma\/en\/wp-json\/wp\/v2\/media?parent=3811"}],"wp:term":[{"taxonomy":"product_brand","embeddable":true,"href":"https:\/\/profma.ma\/en\/wp-json\/wp\/v2\/product_brand?post=3811"},{"taxonomy":"product_cat","embeddable":true,"href":"https:\/\/profma.ma\/en\/wp-json\/wp\/v2\/product_cat?post=3811"},{"taxonomy":"product_tag","embeddable":true,"href":"https:\/\/profma.ma\/en\/wp-json\/wp\/v2\/product_tag?post=3811"}],"curies":[{"name":"wp","href":"https:\/\/api.w.org\/{rel}","templated":true}]}}