{"id":3795,"date":"2024-05-05T19:28:45","date_gmt":"2024-05-05T17:28:45","guid":{"rendered":"https:\/\/profma.ma\/?post_type=product&#038;p=3795"},"modified":"2024-06-12T18:01:39","modified_gmt":"2024-06-12T16:01:39","slug":"kenotek-pad-rotatif-cire-scellement-5","status":"publish","type":"product","link":"https:\/\/profma.ma\/en\/product\/kenotek-pad-rotatif-cire-scellement-5\/","title":{"rendered":"KENOTEK PAD ROTATIF &#8211; CIRE &amp; SCELLEMENT 5\u00a0\u00bb"},"content":{"rendered":"<p>Ces pads conviennent aux polisseuses rotatives et peuvent \u00e9liminer les rayures, l&rsquo;oxydation et bien plus encore !<\/p>\n<p>Le pad KENOTEK permet l&rsquo;application de cires et de scellants.<\/p>\n<p>Caract\u00e9ristiques :<\/p>\n<ul>\n<li>Diam\u00e8tres : 125\/140mm<\/li>\n<li>Epaisseur : 25mm<\/li>\n<li>Niveau de duret\u00e9 : souple<\/li>\n<li>Coloris : noir<\/li>\n<li>Syst\u00e8me auto-agrippant velcro<\/li>\n<li>Vendu emball\u00e9<\/li>\n<\/ul>\n<p>&nbsp;<\/p>\n<p><strong>KENOTEK CORRECTION SYSTEM<\/strong>\u00a0est le r\u00e9sultat d&rsquo;une recherche d\u00e9velopp\u00e9e sur la derni\u00e8re g\u00e9n\u00e9ration de compos\u00e9s et de vernis \u00e0 base d&rsquo;eau, la haute viscosit\u00e9 et l&rsquo;innovation de la technologie d&rsquo;abrasifs de pointe permettant d&rsquo;avoir des r\u00e9sultats qui \u00e9taient auparavant inimaginables.<\/p>\n<ul>\n<li>facilit\u00e9 d&rsquo;utilisation<\/li>\n<li>r\u00e9sultats rapides<\/li>\n<li>excellentes performances<\/li>\n<li>finition impeccable avec peu de produit<\/li>\n<\/ul>\n<p><img loading=\"lazy\" decoding=\"async\" src=\"https:\/\/www.am-performance.fr\/img\/cms\/PROCESSUS%20DE%20POLISSAGE%20KENOTEK%20EAT.PNG\" alt=\"\" width=\"703\" height=\"461\" \/><\/p>\n<p>&nbsp;<\/p>\n<p><strong>Mode d&#8217;emploi :<\/strong><\/p>\n<p>Appliquer g\u00e9n\u00e9reusement EAT 800 sur le tampon de polissage ou directement sur la surface peinte. \u00c9tendre \u00e0 basse vitesse, environ 1 000 tr\/min, sur la surface de la peinture plus une pression mod\u00e9r\u00e9e. Apr\u00e8s l&rsquo;application, laissez le produit adh\u00e9rer pendant au moins 30 \u00e0 60 minutes puis lustrez avec un chiffon en microfibre.<\/p>\n<p>&nbsp;<\/p>\n<p><strong>Toute la gamme de pads rotatifs Kenotek :<\/strong><\/p>\n<p><img loading=\"lazy\" decoding=\"async\" src=\"https:\/\/www.am-performance.fr\/img\/cms\/PADS%20ROTATIFS%20KENOTEK.JPG\" alt=\"\" width=\"529\" height=\"439\" \/><\/p>","protected":false},"excerpt":{"rendered":"<p>Pad de polissage rotatif en mousse souple de Kenotek, \u00e0 combiner avec les Kenotek EAT 500 &#8211; PRO WAX et EAT 800 &#8211; CERAMIC SEAL.<br \/>\n<img loading=\"lazy\" decoding=\"async\" src=\"https:\/\/www.am-performance.fr\/img\/cms\/Top%20qualite.png\" alt=\"\" width=\"57\" height=\"57\" \/><\/p>","protected":false},"featured_media":3796,"comment_status":"open","ping_status":"closed","template":"","meta":[],"product_brand":[],"product_cat":[232],"product_tag":[],"class_list":{"0":"post-3795","1":"product","2":"type-product","3":"status-publish","4":"has-post-thumbnail","6":"product_cat-kenotek","8":"first","9":"instock","10":"taxable","11":"shipping-taxable","12":"product-type-simple"},"_links":{"self":[{"href":"https:\/\/profma.ma\/en\/wp-json\/wp\/v2\/product\/3795","targetHints":{"allow":["GET"]}}],"collection":[{"href":"https:\/\/profma.ma\/en\/wp-json\/wp\/v2\/product"}],"about":[{"href":"https:\/\/profma.ma\/en\/wp-json\/wp\/v2\/types\/product"}],"replies":[{"embeddable":true,"href":"https:\/\/profma.ma\/en\/wp-json\/wp\/v2\/comments?post=3795"}],"wp:featuredmedia":[{"embeddable":true,"href":"https:\/\/profma.ma\/en\/wp-json\/wp\/v2\/media\/3796"}],"wp:attachment":[{"href":"https:\/\/profma.ma\/en\/wp-json\/wp\/v2\/media?parent=3795"}],"wp:term":[{"taxonomy":"product_brand","embeddable":true,"href":"https:\/\/profma.ma\/en\/wp-json\/wp\/v2\/product_brand?post=3795"},{"taxonomy":"product_cat","embeddable":true,"href":"https:\/\/profma.ma\/en\/wp-json\/wp\/v2\/product_cat?post=3795"},{"taxonomy":"product_tag","embeddable":true,"href":"https:\/\/profma.ma\/en\/wp-json\/wp\/v2\/product_tag?post=3795"}],"curies":[{"name":"wp","href":"https:\/\/api.w.org\/{rel}","templated":true}]}}