{"id":3793,"date":"2024-05-05T19:23:16","date_gmt":"2024-05-05T17:23:16","guid":{"rendered":"https:\/\/profma.ma\/?post_type=product&#038;p=3793"},"modified":"2024-06-12T18:01:49","modified_gmt":"2024-06-12T16:01:49","slug":"kenotek-pad-double-action-heavy-cut-microfibre","status":"publish","type":"product","link":"https:\/\/profma.ma\/en\/product\/kenotek-pad-double-action-heavy-cut-microfibre\/","title":{"rendered":"KENOTEK PAD DOUBLE ACTION &#8211; HEAVY CUT MICROFIBRE"},"content":{"rendered":"<p>Les tampons \u00e0 double action de KENOTEK ont \u00e9t\u00e9 con\u00e7us pour les polisseuses \u00e0 double action. Ils supprimeront les rayures, hologrammes et autres imperfections de la carrosserie.<\/p>\n<p>Le pad KENOTEK en microfibre permet la correction des rayures profondes, des tourbillons, des hologrammes.<\/p>\n<p>Caract\u00e9ristiques :<\/p>\n<ul>\n<li>dimensions :<br \/>\nDiam\u00e8tres : 125\/135mm (5\u00a0\u00bb)<br \/>\nEpaisseur : 10mm<\/li>\n<li>Perc\u00e9<\/li>\n<li>Niveau de duret\u00e9 :\u00a0pon\u00e7age \u00e9lev\u00e9<\/li>\n<li>Coloris : gris\/orange<\/li>\n<li>Syst\u00e8me auto-agrippant velcro<\/li>\n<li>Vendu emball\u00e9<\/li>\n<\/ul>\n<p><strong>KENOTEK CORRECTION SYSTEM<\/strong>\u00a0est le r\u00e9sultat d&rsquo;une recherche d\u00e9velopp\u00e9e sur la derni\u00e8re g\u00e9n\u00e9ration de compos\u00e9s et de vernis \u00e0 base d&rsquo;eau, la haute viscosit\u00e9 et l&rsquo;innovation de la technologie d&rsquo;abrasifs de pointe permettant d&rsquo;avoir des r\u00e9sultats qui \u00e9taient auparavant inimaginables.<\/p>\n<ul>\n<li>facilit\u00e9 d&rsquo;utilisation<\/li>\n<li>r\u00e9sultats rapides<\/li>\n<li>excellentes performances<\/li>\n<li>finition impeccable avec peu de produit<\/li>\n<\/ul>\n<p><img loading=\"lazy\" decoding=\"async\" src=\"https:\/\/www.am-performance.fr\/img\/cms\/PROCESSUS%20DE%20POLISSAGE%20KENOTEK%20EAT.PNG\" alt=\"\" width=\"663\" height=\"435\" \/><\/p>\n<p><strong>Mode d&#8217;emploi :<\/strong><\/p>\n<p>Appliquez suffisamment d&rsquo;EAT 150 sur le tampon de polissage ou la surface peinte. Distribuer \u00e0 basse vitesse, env. 1200 tr\/min, sur la surface peinte, puis commencer le polissage \u00e0 env. 1800 tr\/min plus une pression mod\u00e9r\u00e9e jusqu&rsquo;au r\u00e9sultat souhait\u00e9.<\/p>\n<p>&nbsp;<\/p>\n<p><strong>Toute la gamme de pads double action Kenotek :<\/strong><\/p>\n<p><img loading=\"lazy\" decoding=\"async\" src=\"https:\/\/www.am-performance.fr\/img\/cms\/PADS%20DOUBLE%20ACTION%20KENOTEK.JPG\" alt=\"\" width=\"553\" height=\"716\" \/><\/p>","protected":false},"excerpt":{"rendered":"<p>Pad de pon\u00e7age en\u00a0microfibre \u00e9paisse et abrasive de Kenotek, \u00e0 utiliser avec le Kenotek EAT 100 &#8211;\u00a0ULTRA CUTTING MAX.<br \/>\n<img loading=\"lazy\" decoding=\"async\" src=\"https:\/\/www.am-performance.fr\/img\/cms\/Top%20qualite.png\" alt=\"\" width=\"53\" height=\"53\" \/><\/p>","protected":false},"featured_media":3975,"comment_status":"open","ping_status":"closed","template":"","meta":[],"product_brand":[],"product_cat":[232],"product_tag":[],"class_list":{"0":"post-3793","1":"product","2":"type-product","3":"status-publish","4":"has-post-thumbnail","6":"product_cat-kenotek","8":"first","9":"instock","10":"taxable","11":"shipping-taxable","12":"product-type-simple"},"_links":{"self":[{"href":"https:\/\/profma.ma\/en\/wp-json\/wp\/v2\/product\/3793","targetHints":{"allow":["GET"]}}],"collection":[{"href":"https:\/\/profma.ma\/en\/wp-json\/wp\/v2\/product"}],"about":[{"href":"https:\/\/profma.ma\/en\/wp-json\/wp\/v2\/types\/product"}],"replies":[{"embeddable":true,"href":"https:\/\/profma.ma\/en\/wp-json\/wp\/v2\/comments?post=3793"}],"wp:featuredmedia":[{"embeddable":true,"href":"https:\/\/profma.ma\/en\/wp-json\/wp\/v2\/media\/3975"}],"wp:attachment":[{"href":"https:\/\/profma.ma\/en\/wp-json\/wp\/v2\/media?parent=3793"}],"wp:term":[{"taxonomy":"product_brand","embeddable":true,"href":"https:\/\/profma.ma\/en\/wp-json\/wp\/v2\/product_brand?post=3793"},{"taxonomy":"product_cat","embeddable":true,"href":"https:\/\/profma.ma\/en\/wp-json\/wp\/v2\/product_cat?post=3793"},{"taxonomy":"product_tag","embeddable":true,"href":"https:\/\/profma.ma\/en\/wp-json\/wp\/v2\/product_tag?post=3793"}],"curies":[{"name":"wp","href":"https:\/\/api.w.org\/{rel}","templated":true}]}}