{"id":3787,"date":"2024-05-05T19:08:15","date_gmt":"2024-05-05T17:08:15","guid":{"rendered":"https:\/\/profma.ma\/?post_type=product&#038;p=3787"},"modified":"2024-06-12T18:02:08","modified_gmt":"2024-06-12T16:02:08","slug":"kenotek-eat300","status":"publish","type":"product","link":"https:\/\/profma.ma\/en\/product\/kenotek-eat300\/","title":{"rendered":"KENOTEK EAT300"},"content":{"rendered":"<p>Pour supprimer efficacement les hologrammes et les tourbillons. Un grain abrasif unique de notre technologie abrasive technique garantit une surface de peinture 100 % sans hologramme. Les particules de c\u00e9ramique contenues dans le produit offrent \u00e9galement un regain de brillance sup\u00e9rieur\u00a0! Ne contient ni silicones ni solvants. Peut \u00eatre utilis\u00e9 sur toutes les peintures fra\u00eeches et durcies (y compris celles r\u00e9sistantes aux rayures).<\/p>","protected":false},"excerpt":{"rendered":"<p>Pour supprimer efficacement les hologrammes et les tourbillons. Un grain abrasif unique de notre technologie abrasive technique garantit une surface de peinture 100 % sans hologramme. Les particules de c\u00e9ramique contenues dans le produit offrent \u00e9galement un regain de brillance sup\u00e9rieur\u00a0! Ne contient ni silicones ni solvants. Peut \u00eatre utilis\u00e9 sur toutes les peintures fra\u00eeches et durcies (y compris celles r\u00e9sistantes aux rayures).<\/p>","protected":false},"featured_media":3788,"comment_status":"open","ping_status":"closed","template":"","meta":[],"product_brand":[],"product_cat":[232],"product_tag":[],"class_list":{"0":"post-3787","1":"product","2":"type-product","3":"status-publish","4":"has-post-thumbnail","6":"product_cat-kenotek","8":"first","9":"instock","10":"taxable","11":"shipping-taxable","12":"product-type-simple"},"_links":{"self":[{"href":"https:\/\/profma.ma\/en\/wp-json\/wp\/v2\/product\/3787","targetHints":{"allow":["GET"]}}],"collection":[{"href":"https:\/\/profma.ma\/en\/wp-json\/wp\/v2\/product"}],"about":[{"href":"https:\/\/profma.ma\/en\/wp-json\/wp\/v2\/types\/product"}],"replies":[{"embeddable":true,"href":"https:\/\/profma.ma\/en\/wp-json\/wp\/v2\/comments?post=3787"}],"wp:featuredmedia":[{"embeddable":true,"href":"https:\/\/profma.ma\/en\/wp-json\/wp\/v2\/media\/3788"}],"wp:attachment":[{"href":"https:\/\/profma.ma\/en\/wp-json\/wp\/v2\/media?parent=3787"}],"wp:term":[{"taxonomy":"product_brand","embeddable":true,"href":"https:\/\/profma.ma\/en\/wp-json\/wp\/v2\/product_brand?post=3787"},{"taxonomy":"product_cat","embeddable":true,"href":"https:\/\/profma.ma\/en\/wp-json\/wp\/v2\/product_cat?post=3787"},{"taxonomy":"product_tag","embeddable":true,"href":"https:\/\/profma.ma\/en\/wp-json\/wp\/v2\/product_tag?post=3787"}],"curies":[{"name":"wp","href":"https:\/\/api.w.org\/{rel}","templated":true}]}}