{"id":3779,"date":"2024-05-05T18:54:40","date_gmt":"2024-05-05T16:54:40","guid":{"rendered":"https:\/\/profma.ma\/?post_type=product&#038;p=3779"},"modified":"2024-06-12T18:02:30","modified_gmt":"2024-06-12T16:02:30","slug":"kenotek-protection-coatit-flexo-50ml","status":"publish","type":"product","link":"https:\/\/profma.ma\/en\/product\/kenotek-protection-coatit-flexo-50ml\/","title":{"rendered":"KENOTEK DE PROTECTION COAT&rsquo;IT &#8211; FLEXO 50ml"},"content":{"rendered":"<p>Traitement hydrophobe et ol\u00e9ophobe des v\u00e9hicules.<\/p>\n<p><strong>Propri\u00e9t\u00e9s<\/strong><\/p>\n<ul>\n<li>Rev\u00eatement tr\u00e8s solide r\u00e9sistant aux micro-rayures qui assure une protection longue dur\u00e9e.<\/li>\n<li>Dur\u00e9e de vie: 18 mois<\/li>\n<li>Excellente qualit\u00e9 hydrophobe: l&rsquo;angle de contact de l&rsquo;eau d\u00e9passe 105 \u00b0<\/li>\n<li>Meilleure r\u00e9sistance contre les t\u00e2ches d&rsquo;eau<\/li>\n<li>Duret\u00e9 7H<\/li>\n<li>Effet anti-adh\u00e9rent<\/li>\n<li>Facile\u00a0\u00e0 appliquer<\/li>\n<\/ul>\n<p>&nbsp;<\/p>\n<p><strong>Instructions<\/strong><\/p>\n<ul>\n<li>Ne pas appliquer le produit lorsque la temp\u00e9rature ambiante est inf\u00e9rieure \u00e0 5\u00b0C ou sup\u00e9rieure \u00e0 25\u00b0C.<\/li>\n<li>N\u2019exposez pas la surface \u00e0 la lumi\u00e8re directe du soleil avant ou pendant le traitement.<\/li>\n<li>Assurez-vous d\u2019avoir une ventilation suffisante et de l\u2019air frais durant le traitement.<\/li>\n<li>Pour assurer une liaison chimique parfaite avec Coat It Flexo, la surface doit \u00eatre soigneusement nettoy\u00e9e et tous les d\u00e9bris enlev\u00e9s avant l&rsquo;application.<\/li>\n<li>L&rsquo;effet \u00e0 long terme d\u00e9pend de la fa\u00e7on dont le spray se lie \u00e0 la surface.<\/li>\n<li>Il est fortement recommand\u00e9 de polir la surface pour \u00e9liminer les salet\u00e9s tenaces et les stries sur la surface.<\/li>\n<\/ul>\n<p><strong>Mode d&#8217;emploi :<\/strong><\/p>\n<p>\u00c9tape 1 :<\/p>\n<p>La surface doit \u00eatre soigneusement nettoy\u00e9e de toute impuret\u00e9 avant l\u2019application avec Pre Coat.<\/p>\n<p>\u00c9tape 2 :<\/p>\n<ul>\n<li>Appliquer quelques gouttes de Coat It Flexo sur le tampon applicateur dans le sens vertical.<\/li>\n<li>Appliquer le rev\u00eatement sur la surface en vertical (haut et bas) puis horizontal (de gauche a droite).<\/li>\n<li>Toujours s\u2019assurer que les zones enduites se chevauchent. Attendez environ 2 \u00e0 5 minutes, puis polissez avec un chiffon en microfibre propre et sec.<\/li>\n<\/ul>\n<p><img loading=\"lazy\" decoding=\"async\" src=\"https:\/\/www.am-performance.fr\/img\/cms\/flexo.PNG\" alt=\"\" width=\"200\" height=\"254\" \/><\/p>\n<p>Temps de durcissement :<\/p>\n<p>Apr\u00e8s 2 \u00e0 5 minutes, la surface peut \u00eatre polie avec un chiffon en microfibre propre et sec. Pass\u00e9 ce d\u00e9lai, le rev\u00eatement est pr\u00eat a recevoir une deuxi\u00e8me couche apr\u00e8s :<br \/>\n\u2022 1 heure (5 \u00b0 &#8211; 50\u00b0C)<br \/>\n\u2022 15 minutes avec des ondes courtes infrarouges<\/p>\n<p>IMPORTANT :\u00a0Aucune deuxi\u00e8me couche ne peut \u00eatre appliqu\u00e9e apr\u00e8s 12 heures.<\/p>\n<ul>\n<li>Le rev\u00eatement applique durcira compl\u00e8tement dans les 5-7 jours<\/li>\n<li>Pendant cette p\u00e9riode, la voiture ne peut pas \u00eatre lav\u00e9e<\/li>\n<\/ul>\n<p>&nbsp;<\/p>\n<p><strong>Mentions de danger :<\/strong><br \/>\nComposants dangereux : K\u00e9ros\u00e8ne : distillats l\u00e9gers, hydrotrait\u00e9s; Cyclosilazanes, di-Me, Me hydrogen, polymers with di-Me, Me hydrogen silazanes, reaction products with; Naphta heavy<br \/>\nH226 &#8211; Liquide et vapeurs inflammables.<br \/>\nH302 &#8211; Nocif en cas d&rsquo;ingestion.<br \/>\nH304 &#8211; Peut \u00eatre mortel en cas d&rsquo;ingestion et de p\u00e9n\u00e9tration dans les voies respiratoires.<br \/>\nH315 &#8211; Provoque une irritation cutan\u00e9e.<br \/>\nH318 &#8211; Provoque de graves l\u00e9sions des yeux<\/p>\n<p><strong>QUALIT\u00c9 SUP\u00c9RIEURE !<\/strong><\/p>\n<p>Kenotek Coat \u00abdonne \u00e0 votre voiture la meilleure protection possible. Avec les diff\u00e9rents rev\u00eatements que vous pouvez choisir en duret\u00e9 et long\u00e9vit\u00e9, nous commen\u00e7ons \u00e0 18 mois jusqu&rsquo;\u00e0 60 mois. Lorsqu&rsquo;elle est appliqu\u00e9e correctement, votre voiture brillera et sera prot\u00e9g\u00e9e comme promis.<\/p>","protected":false},"excerpt":{"rendered":"<p>Le \u00ab\u00a0Flexo\u00a0\u00bb de Kenotek est un syst\u00e8me de rev\u00eatement c\u00e9ramique pour le traitement hydrophobe des v\u00e9hicules,\u00a0issu du nouveau programme COAT IT.<\/p>","protected":false},"featured_media":3780,"comment_status":"open","ping_status":"closed","template":"","meta":[],"product_brand":[],"product_cat":[232],"product_tag":[],"class_list":{"0":"post-3779","1":"product","2":"type-product","3":"status-publish","4":"has-post-thumbnail","6":"product_cat-kenotek","8":"first","9":"instock","10":"taxable","11":"shipping-taxable","12":"product-type-simple"},"_links":{"self":[{"href":"https:\/\/profma.ma\/en\/wp-json\/wp\/v2\/product\/3779","targetHints":{"allow":["GET"]}}],"collection":[{"href":"https:\/\/profma.ma\/en\/wp-json\/wp\/v2\/product"}],"about":[{"href":"https:\/\/profma.ma\/en\/wp-json\/wp\/v2\/types\/product"}],"replies":[{"embeddable":true,"href":"https:\/\/profma.ma\/en\/wp-json\/wp\/v2\/comments?post=3779"}],"wp:featuredmedia":[{"embeddable":true,"href":"https:\/\/profma.ma\/en\/wp-json\/wp\/v2\/media\/3780"}],"wp:attachment":[{"href":"https:\/\/profma.ma\/en\/wp-json\/wp\/v2\/media?parent=3779"}],"wp:term":[{"taxonomy":"product_brand","embeddable":true,"href":"https:\/\/profma.ma\/en\/wp-json\/wp\/v2\/product_brand?post=3779"},{"taxonomy":"product_cat","embeddable":true,"href":"https:\/\/profma.ma\/en\/wp-json\/wp\/v2\/product_cat?post=3779"},{"taxonomy":"product_tag","embeddable":true,"href":"https:\/\/profma.ma\/en\/wp-json\/wp\/v2\/product_tag?post=3779"}],"curies":[{"name":"wp","href":"https:\/\/api.w.org\/{rel}","templated":true}]}}