{"id":3754,"date":"2024-05-05T17:11:01","date_gmt":"2024-05-05T15:11:01","guid":{"rendered":"https:\/\/profma.ma\/?post_type=product&#038;p=3754"},"modified":"2024-06-13T09:47:48","modified_gmt":"2024-06-13T07:47:48","slug":"kenotek-pro-shampoing-mousse-neige-1l","status":"publish","type":"product","link":"https:\/\/profma.ma\/en\/product\/kenotek-pro-shampoing-mousse-neige-1l\/","title":{"rendered":"KENOTEK PRO SHAMPOING MOUSSE NEIGE 1L"},"content":{"rendered":"<p>SHAMPOOING EN MOUSSE NEUTRE TR\u00c8S CONCENTR\u00c9<br \/>\nKenotek Snow Foam Shampoo, est un shampooing moussant au PH neutre hautement concentr\u00e9.<br \/>\nCe produit est sans danger sur toutes les surfaces et n&rsquo;attaque pas les rev\u00eatements de cire ou les mastics.<br \/>\nLe juste \u00e9quilibre entre air comprim\u00e9 et eau et dosage du produit cr\u00e9e une mousse ultime. Il peut \u00eatre appliqu\u00e9 manuellement avec un pistolet \u00e0 mousse HP et un injecteur de mousse et n&rsquo;est pas nocif pour la peau. Et\u2026 il a une d\u00e9licieuse odeur de pomme verte !<\/p>","protected":false},"excerpt":{"rendered":"<p>Le shampooing \u00ab\u00a0Snow Foam Shampoo\u00a0\u00bb est un shampoing en mousse neutre hautement concentr\u00e9 qui cr\u00e9e une mousse ultime et d\u00e9gage une d\u00e9licieuse odeur de pomme verte.<br \/>\n<img loading=\"lazy\" decoding=\"async\" src=\"https:\/\/www.am-performance.fr\/img\/cms\/Top%20qualite.png\" alt=\"\" width=\"83\" height=\"83\" \/><\/p>","protected":false},"featured_media":3755,"comment_status":"open","ping_status":"closed","template":"","meta":[],"product_brand":[],"product_cat":[232],"product_tag":[],"class_list":{"0":"post-3754","1":"product","2":"type-product","3":"status-publish","4":"has-post-thumbnail","6":"product_cat-kenotek","8":"first","9":"instock","10":"taxable","11":"shipping-taxable","12":"product-type-simple"},"_links":{"self":[{"href":"https:\/\/profma.ma\/en\/wp-json\/wp\/v2\/product\/3754","targetHints":{"allow":["GET"]}}],"collection":[{"href":"https:\/\/profma.ma\/en\/wp-json\/wp\/v2\/product"}],"about":[{"href":"https:\/\/profma.ma\/en\/wp-json\/wp\/v2\/types\/product"}],"replies":[{"embeddable":true,"href":"https:\/\/profma.ma\/en\/wp-json\/wp\/v2\/comments?post=3754"}],"wp:featuredmedia":[{"embeddable":true,"href":"https:\/\/profma.ma\/en\/wp-json\/wp\/v2\/media\/3755"}],"wp:attachment":[{"href":"https:\/\/profma.ma\/en\/wp-json\/wp\/v2\/media?parent=3754"}],"wp:term":[{"taxonomy":"product_brand","embeddable":true,"href":"https:\/\/profma.ma\/en\/wp-json\/wp\/v2\/product_brand?post=3754"},{"taxonomy":"product_cat","embeddable":true,"href":"https:\/\/profma.ma\/en\/wp-json\/wp\/v2\/product_cat?post=3754"},{"taxonomy":"product_tag","embeddable":true,"href":"https:\/\/profma.ma\/en\/wp-json\/wp\/v2\/product_tag?post=3754"}],"curies":[{"name":"wp","href":"https:\/\/api.w.org\/{rel}","templated":true}]}}