{"id":3739,"date":"2024-05-04T20:19:13","date_gmt":"2024-05-04T18:19:13","guid":{"rendered":"https:\/\/profma.ma\/?post_type=product&#038;p=3739"},"modified":"2024-06-07T10:22:48","modified_gmt":"2024-06-07T08:22:48","slug":"koch-chemie-h7-01-schleifpaste-pate-de-poncage-dure-1l","status":"publish","type":"product","link":"https:\/\/profma.ma\/en\/product\/koch-chemie-h7-01-schleifpaste-pate-de-poncage-dure-1l\/","title":{"rendered":"KOCH CHEMIE H7.01 SCHLEIFPASTE \u2013 P\u00c2TE DE PON\u00c7AGE DURE 1L"},"content":{"rendered":"<p><strong>KOCH CHEMIE \u00ab\u00a0SCHLEIFPASTE\u00a0\u00bb H7.01 1L\u00a0<\/strong><\/p>\n<p>Polish de pon\u00e7age grossier fortement abrasif pour le traitement rapide des laques pr\u00e9sentant de graves d\u00e9gradations dues aux intemp\u00e9ries, pour l\u2019\u00e9limination des brouillards de laquage et des stries de pon\u00e7age d\u2019une granulation jusqu\u2019\u00e0 2.000.<\/p>\n<p>Domaines d\u2019application : toutes les peintures, sur v\u00e9hicules l\u00e9gers et v\u00e9hicules utilitaires.<\/p>\n<p>Exempt d\u2019huiles silicones<\/p>\n<p><strong>Mode d&#8217;emploi :<\/strong><\/p>\n<p>Appliquer le polish \u00e0 l\u2019aide d\u2019une lustreuse munie d\u2019un disque gros grains dur ou mi-dur, ou d\u2019un disque en laine. Traiter en croix sur la surface pr\u00e9alablement nettoy\u00e9e avec un nombre max. de 2.000 tours\/min. L\u2019effet nettoyant peut \u00eatre vari\u00e9 par la pression, le moyen de pon\u00e7age et le nombre de tours. Au d\u00e9but du processus de pon\u00e7age, nous recommandons le traitement avec un faible nombre de tours, mais avec une pression plus \u00e9lev\u00e9e. Durant le processus, r\u00e9duire la pression et polir avec un nombre de tours plus \u00e9lev\u00e9. Les derniers r\u00e9sidus de polish peuvent \u00eatre enlev\u00e9s facilement avec notre chiffon microfibre coupe ultrason Profi-Microfasertuch ultraschallgeschnitten. Les voiles \u00e9ventuels ou les traces de polissage peuvent \u00eatre \u00e9limin\u00e9s \u00e0 l\u2019aide du Hochglanz-Antihologramm-Politur.<\/p>\n<p>Extr\u00eamement \u00e9conomique \u00e0 l\u00b4usage.<\/p>\n<ul>\n<li>Pon\u00e7age : 7,5<\/li>\n<li>Brillance : 3<\/li>\n<\/ul>\n<p>Contenance : 1L.<\/p>\n<p>Produit non class\u00e9 comme dangereux (r\u00e8glement CE 1272\/2008 CLP).<\/p>\n<p>&nbsp;<\/p>\n<p><strong>KOCH CHEMIE: l&rsquo;EXCELLENCE DES EXPERTS !<\/strong><\/p>\n<p>Koch Chemie repr\u00e9sente depuis 1968 des produits de nettoyage et d&rsquo;entretien de haute qualit\u00e9 dans les domaines de la chimie de lavage, de la pr\u00e9paration des v\u00e9hicules, des ateliers et de l&rsquo;industrie. Tradition caract\u00e9ris\u00e9e par l&rsquo;am\u00e9lioration constante et le souci du d\u00e9tail: l&rsquo;excellence pour les experts. Dans notre secteur, nous sommes l&rsquo;une des rares entreprises \u00e0 mener des activit\u00e9s de recherche, de production et de distribution.<\/p>\n<p>Koch Chemie est synonyme de haute qualit\u00e9, de normes environnementales et sociales. Nous utilisons donc des tensioactifs issus de mati\u00e8res premi\u00e8res renouvelables. En outre, tous les tensioactifs et agents complexants sont facilement biod\u00e9gradables au-del\u00e0 des exigences l\u00e9gales strictes. Nous nous abstenons d&rsquo;ingr\u00e9dients nocifs tels que les hydrocarbures halog\u00e9n\u00e9s, l&rsquo;EDTA et l&rsquo;APEO. Notre syst\u00e8me de gestion de l&rsquo;environnement est certifi\u00e9 selon DIN EN ISO 14001: 2015.<\/p>\n<p><img loading=\"lazy\" decoding=\"async\" src=\"https:\/\/www.am-performance.fr\/img\/cms\/KOCH%20CHEMIE%20CHEZ%20AM%20PERFORMANCE.jpg\" alt=\"\" width=\"900\" height=\"386\" \/><\/p>","protected":false},"excerpt":{"rendered":"<p>Sans silicone !<br \/>\ninnovant fortement abrasif destin\u00e9 au traitement rapide des peintures\u00a0pr\u00e9sentant de fortes d\u00e9gradations et des rayures\u00a0profondes.<br \/>\n<img loading=\"lazy\" decoding=\"async\" src=\"http:\/\/www.am-performance.fr\/img\/cms\/KOCH%20CHEMIE.png\" alt=\"\" width=\"184\" height=\"51\" \/><\/p>","protected":false},"featured_media":3740,"comment_status":"open","ping_status":"closed","template":"","meta":[],"product_brand":[],"product_cat":[231],"product_tag":[],"class_list":{"0":"post-3739","1":"product","2":"type-product","3":"status-publish","4":"has-post-thumbnail","6":"product_cat-koch-chemie","8":"first","9":"instock","10":"taxable","11":"shipping-taxable","12":"product-type-simple"},"_links":{"self":[{"href":"https:\/\/profma.ma\/en\/wp-json\/wp\/v2\/product\/3739","targetHints":{"allow":["GET"]}}],"collection":[{"href":"https:\/\/profma.ma\/en\/wp-json\/wp\/v2\/product"}],"about":[{"href":"https:\/\/profma.ma\/en\/wp-json\/wp\/v2\/types\/product"}],"replies":[{"embeddable":true,"href":"https:\/\/profma.ma\/en\/wp-json\/wp\/v2\/comments?post=3739"}],"wp:featuredmedia":[{"embeddable":true,"href":"https:\/\/profma.ma\/en\/wp-json\/wp\/v2\/media\/3740"}],"wp:attachment":[{"href":"https:\/\/profma.ma\/en\/wp-json\/wp\/v2\/media?parent=3739"}],"wp:term":[{"taxonomy":"product_brand","embeddable":true,"href":"https:\/\/profma.ma\/en\/wp-json\/wp\/v2\/product_brand?post=3739"},{"taxonomy":"product_cat","embeddable":true,"href":"https:\/\/profma.ma\/en\/wp-json\/wp\/v2\/product_cat?post=3739"},{"taxonomy":"product_tag","embeddable":true,"href":"https:\/\/profma.ma\/en\/wp-json\/wp\/v2\/product_tag?post=3739"}],"curies":[{"name":"wp","href":"https:\/\/api.w.org\/{rel}","templated":true}]}}