{"id":3694,"date":"2024-05-02T18:14:48","date_gmt":"2024-05-02T16:14:48","guid":{"rendered":"https:\/\/profma.ma\/?post_type=product&#038;p=3694"},"modified":"2024-06-07T10:23:21","modified_gmt":"2024-06-07T08:23:21","slug":"koch-chemie-exterior-brush-set","status":"publish","type":"product","link":"https:\/\/profma.ma\/en\/product\/koch-chemie-exterior-brush-set\/","title":{"rendered":"KOCH CHEMIE &#8211; EXTERIOR BRUSH SET"},"content":{"rendered":"<div id=\"product-description-short-667\" class=\"product_desc\">\n<p>Set de 4 pinceaux detailing con\u00e7us sp\u00e9cialement pour le nettoyage ext\u00e9rieur des v\u00e9hicules, et livr\u00e9s dans une jolie boite noire Koch Chemie.<\/p>\n<\/div>\n<div class=\"product-actions\">\n<div class=\"product-variants allow_oosp_0\"><\/div>\n<div class=\"product-prices\">\n<div class=\"product-price h5\"><\/div>\n<\/div>\n<\/div>","protected":false},"excerpt":{"rendered":"<div id=\"product-description-short-667\" class=\"product_desc\">\n<p>Set de 4 pinceaux detailing con\u00e7us sp\u00e9cialement pour le nettoyage ext\u00e9rieur des v\u00e9hicules, et livr\u00e9s dans une jolie boite noire Koch Chemie.<\/p>\n<\/div>\n<div class=\"product-actions\">\n<div class=\"product-variants allow_oosp_0\"><\/div>\n<div class=\"product-prices\">\n<div class=\"product-price h5\"><\/div>\n<\/div>\n<\/div>","protected":false},"featured_media":3714,"comment_status":"open","ping_status":"closed","template":"","meta":[],"product_brand":[],"product_cat":[231],"product_tag":[],"class_list":{"0":"post-3694","1":"product","2":"type-product","3":"status-publish","4":"has-post-thumbnail","6":"product_cat-koch-chemie","8":"first","9":"instock","10":"taxable","11":"shipping-taxable","12":"product-type-simple"},"_links":{"self":[{"href":"https:\/\/profma.ma\/en\/wp-json\/wp\/v2\/product\/3694","targetHints":{"allow":["GET"]}}],"collection":[{"href":"https:\/\/profma.ma\/en\/wp-json\/wp\/v2\/product"}],"about":[{"href":"https:\/\/profma.ma\/en\/wp-json\/wp\/v2\/types\/product"}],"replies":[{"embeddable":true,"href":"https:\/\/profma.ma\/en\/wp-json\/wp\/v2\/comments?post=3694"}],"wp:featuredmedia":[{"embeddable":true,"href":"https:\/\/profma.ma\/en\/wp-json\/wp\/v2\/media\/3714"}],"wp:attachment":[{"href":"https:\/\/profma.ma\/en\/wp-json\/wp\/v2\/media?parent=3694"}],"wp:term":[{"taxonomy":"product_brand","embeddable":true,"href":"https:\/\/profma.ma\/en\/wp-json\/wp\/v2\/product_brand?post=3694"},{"taxonomy":"product_cat","embeddable":true,"href":"https:\/\/profma.ma\/en\/wp-json\/wp\/v2\/product_cat?post=3694"},{"taxonomy":"product_tag","embeddable":true,"href":"https:\/\/profma.ma\/en\/wp-json\/wp\/v2\/product_tag?post=3694"}],"curies":[{"name":"wp","href":"https:\/\/api.w.org\/{rel}","templated":true}]}}