{"id":3691,"date":"2024-05-02T18:02:35","date_gmt":"2024-05-02T16:02:35","guid":{"rendered":"https:\/\/profma.ma\/?post_type=product&#038;p=3691"},"modified":"2024-06-28T10:08:52","modified_gmt":"2024-06-28T08:08:52","slug":"hydro-foam-sealant","status":"publish","type":"product","link":"https:\/\/profma.ma\/en\/product\/hydro-foam-sealant\/","title":{"rendered":"HYDRO FOAM SEALANT SO.03"},"content":{"rendered":"<p>Le protecteur humide premium pour une surface hydrophobe (peinture, verre et plastique) et un toucher doux. Des additifs de haute brillance avec des composants d&rsquo;entretien de haute qualit\u00e9 assurent une brillance profonde extr\u00eame (peinture) et emp\u00eachent la d\u00e9coloration et la d\u00e9t\u00e9rioration de pi\u00e8ces de plastique et imperm\u00e9abilisent les toits de cabriolet. Lorsqu&rsquo;il pleut, celle-ci assure \u00e9galement une bonne vision gr\u00e2ce \u00e0 un entra\u00eenement de goutte rapide sur les surfaces de verre. le parfum fruit\u00e9 \u00e0 la cerise assure une senteur intensive. Une utilisation r\u00e9guli\u00e8re contribue consid\u00e9rablement au maintien de la valeur du v\u00e9hicule.<\/p>","protected":false},"excerpt":{"rendered":"<p>Le protecteur humide premium pour une surface hydrophobe (peinture, verre et plastique) et un toucher doux. Des additifs de haute brillance avec des composants d&rsquo;entretien de haute qualit\u00e9 assurent une brillance profonde extr\u00eame (peinture) et emp\u00eachent la d\u00e9coloration et la d\u00e9t\u00e9rioration de pi\u00e8ces de plastique et imperm\u00e9abilisent les toits de cabriolet. Lorsqu&rsquo;il pleut, celle-ci assure \u00e9galement une bonne vision gr\u00e2ce \u00e0 un entra\u00eenement de goutte rapide sur les surfaces de verre. le parfum fruit\u00e9 \u00e0 la cerise assure une senteur intensive. Une utilisation r\u00e9guli\u00e8re contribue consid\u00e9rablement au maintien de la valeur du v\u00e9hicule.<\/p>","protected":false},"featured_media":3717,"comment_status":"open","ping_status":"closed","template":"","meta":[],"product_brand":[],"product_cat":[231],"product_tag":[],"class_list":{"0":"post-3691","1":"product","2":"type-product","3":"status-publish","4":"has-post-thumbnail","6":"product_cat-koch-chemie","8":"first","9":"instock","10":"taxable","11":"shipping-taxable","12":"product-type-simple"},"_links":{"self":[{"href":"https:\/\/profma.ma\/en\/wp-json\/wp\/v2\/product\/3691","targetHints":{"allow":["GET"]}}],"collection":[{"href":"https:\/\/profma.ma\/en\/wp-json\/wp\/v2\/product"}],"about":[{"href":"https:\/\/profma.ma\/en\/wp-json\/wp\/v2\/types\/product"}],"replies":[{"embeddable":true,"href":"https:\/\/profma.ma\/en\/wp-json\/wp\/v2\/comments?post=3691"}],"wp:featuredmedia":[{"embeddable":true,"href":"https:\/\/profma.ma\/en\/wp-json\/wp\/v2\/media\/3717"}],"wp:attachment":[{"href":"https:\/\/profma.ma\/en\/wp-json\/wp\/v2\/media?parent=3691"}],"wp:term":[{"taxonomy":"product_brand","embeddable":true,"href":"https:\/\/profma.ma\/en\/wp-json\/wp\/v2\/product_brand?post=3691"},{"taxonomy":"product_cat","embeddable":true,"href":"https:\/\/profma.ma\/en\/wp-json\/wp\/v2\/product_cat?post=3691"},{"taxonomy":"product_tag","embeddable":true,"href":"https:\/\/profma.ma\/en\/wp-json\/wp\/v2\/product_tag?post=3691"}],"curies":[{"name":"wp","href":"https:\/\/api.w.org\/{rel}","templated":true}]}}