{"id":3687,"date":"2024-05-02T17:35:17","date_gmt":"2024-05-02T15:35:17","guid":{"rendered":"https:\/\/profma.ma\/?post_type=product&#038;p=3687"},"modified":"2024-06-12T10:12:31","modified_gmt":"2024-06-12T08:12:31","slug":"fresh-up","status":"publish","type":"product","link":"https:\/\/profma.ma\/en\/product\/fresh-up\/","title":{"rendered":"FRESH UP"},"content":{"rendered":"<p>FRESH UP de Koch Chemie \u00e9limine les odeurs d\u00e9sagr\u00e9ables et d\u00e9sodorise les surfaces et espaces trait\u00e9s en leur apportant un parfum\u00a0tr\u00e8s frais.<br \/>\n<img loading=\"lazy\" decoding=\"async\" src=\"http:\/\/www.am-performance.fr\/img\/cms\/KOCH%20CHEMIE.png\" alt=\"\" width=\"169\" height=\"47\" \/><img loading=\"lazy\" decoding=\"async\" src=\"https:\/\/www.am-performance.fr\/img\/cms\/Top%20qualite.png\" alt=\"\" width=\"51\" height=\"51\" \/><\/p>","protected":false},"excerpt":{"rendered":"<p>FRESH UP de Koch Chemie \u00e9limine les odeurs d\u00e9sagr\u00e9ables et d\u00e9sodorise les surfaces et espaces trait\u00e9s en leur apportant un parfum\u00a0tr\u00e8s frais.<br \/>\n<img loading=\"lazy\" decoding=\"async\" src=\"http:\/\/www.am-performance.fr\/img\/cms\/KOCH%20CHEMIE.png\" alt=\"\" width=\"169\" height=\"47\" \/><img loading=\"lazy\" decoding=\"async\" src=\"https:\/\/www.am-performance.fr\/img\/cms\/Top%20qualite.png\" alt=\"\" width=\"51\" height=\"51\" \/><\/p>","protected":false},"featured_media":4219,"comment_status":"open","ping_status":"closed","template":"","meta":[],"product_brand":[],"product_cat":[231],"product_tag":[],"class_list":{"0":"post-3687","1":"product","2":"type-product","3":"status-publish","4":"has-post-thumbnail","6":"product_cat-koch-chemie","8":"first","9":"instock","10":"taxable","11":"shipping-taxable","12":"product-type-simple"},"_links":{"self":[{"href":"https:\/\/profma.ma\/en\/wp-json\/wp\/v2\/product\/3687","targetHints":{"allow":["GET"]}}],"collection":[{"href":"https:\/\/profma.ma\/en\/wp-json\/wp\/v2\/product"}],"about":[{"href":"https:\/\/profma.ma\/en\/wp-json\/wp\/v2\/types\/product"}],"replies":[{"embeddable":true,"href":"https:\/\/profma.ma\/en\/wp-json\/wp\/v2\/comments?post=3687"}],"wp:featuredmedia":[{"embeddable":true,"href":"https:\/\/profma.ma\/en\/wp-json\/wp\/v2\/media\/4219"}],"wp:attachment":[{"href":"https:\/\/profma.ma\/en\/wp-json\/wp\/v2\/media?parent=3687"}],"wp:term":[{"taxonomy":"product_brand","embeddable":true,"href":"https:\/\/profma.ma\/en\/wp-json\/wp\/v2\/product_brand?post=3687"},{"taxonomy":"product_cat","embeddable":true,"href":"https:\/\/profma.ma\/en\/wp-json\/wp\/v2\/product_cat?post=3687"},{"taxonomy":"product_tag","embeddable":true,"href":"https:\/\/profma.ma\/en\/wp-json\/wp\/v2\/product_tag?post=3687"}],"curies":[{"name":"wp","href":"https:\/\/api.w.org\/{rel}","templated":true}]}}