{"id":3685,"date":"2024-05-02T17:32:21","date_gmt":"2024-05-02T15:32:21","guid":{"rendered":"https:\/\/profma.ma\/?post_type=product&#038;p=3685"},"modified":"2024-06-28T10:09:53","modified_gmt":"2024-06-28T08:09:53","slug":"tinten-kuli-ex","status":"publish","type":"product","link":"https:\/\/profma.ma\/en\/product\/tinten-kuli-ex\/","title":{"rendered":"TINTEN- &amp; KULI-EX TEX"},"content":{"rendered":"<p>Dissout rapidement et compl\u00e8tement les taches d&rsquo;encre et de stylo \u00e0 bille des textiles. Une combinaison de solvants sp\u00e9ciaux et de substances actives de lavage dissout les pigments de couleur et les disperse. Tinten- &amp; Kuli-Ex ne contient pas d&rsquo;hydrocarbures halog\u00e9n\u00e9s et est agr\u00e9able \u00e0 utiliser gr\u00e2ce \u00e0 son parfum d&rsquo;orange frais.<\/p>","protected":false},"excerpt":{"rendered":"<p>Dissout rapidement et compl\u00e8tement les taches d&rsquo;encre et de stylo \u00e0 bille des textiles. Une combinaison de solvants sp\u00e9ciaux et de substances actives de lavage dissout les pigments de couleur et les disperse. Tinten- &amp; Kuli-Ex ne contient pas d&rsquo;hydrocarbures halog\u00e9n\u00e9s et est agr\u00e9able \u00e0 utiliser gr\u00e2ce \u00e0 son parfum d&rsquo;orange frais.<\/p>","protected":false},"featured_media":3722,"comment_status":"open","ping_status":"closed","template":"","meta":[],"product_brand":[],"product_cat":[231],"product_tag":[],"class_list":{"0":"post-3685","1":"product","2":"type-product","3":"status-publish","4":"has-post-thumbnail","6":"product_cat-koch-chemie","8":"first","9":"instock","10":"taxable","11":"shipping-taxable","12":"product-type-simple"},"_links":{"self":[{"href":"https:\/\/profma.ma\/en\/wp-json\/wp\/v2\/product\/3685","targetHints":{"allow":["GET"]}}],"collection":[{"href":"https:\/\/profma.ma\/en\/wp-json\/wp\/v2\/product"}],"about":[{"href":"https:\/\/profma.ma\/en\/wp-json\/wp\/v2\/types\/product"}],"replies":[{"embeddable":true,"href":"https:\/\/profma.ma\/en\/wp-json\/wp\/v2\/comments?post=3685"}],"wp:featuredmedia":[{"embeddable":true,"href":"https:\/\/profma.ma\/en\/wp-json\/wp\/v2\/media\/3722"}],"wp:attachment":[{"href":"https:\/\/profma.ma\/en\/wp-json\/wp\/v2\/media?parent=3685"}],"wp:term":[{"taxonomy":"product_brand","embeddable":true,"href":"https:\/\/profma.ma\/en\/wp-json\/wp\/v2\/product_brand?post=3685"},{"taxonomy":"product_cat","embeddable":true,"href":"https:\/\/profma.ma\/en\/wp-json\/wp\/v2\/product_cat?post=3685"},{"taxonomy":"product_tag","embeddable":true,"href":"https:\/\/profma.ma\/en\/wp-json\/wp\/v2\/product_tag?post=3685"}],"curies":[{"name":"wp","href":"https:\/\/api.w.org\/{rel}","templated":true}]}}