{"id":3683,"date":"2024-05-02T17:29:52","date_gmt":"2024-05-02T15:29:52","guid":{"rendered":"https:\/\/profma.ma\/?post_type=product&#038;p=3683"},"modified":"2024-06-12T13:19:14","modified_gmt":"2024-06-12T11:19:14","slug":"reactive-rust-remover","status":"publish","type":"product","link":"https:\/\/profma.ma\/en\/product\/reactive-rust-remover\/","title":{"rendered":"KOCH CHEMIE REACTIVE RUST REMOVER RRR"},"content":{"rendered":"<p>Nettoyant sans acide pour taches de rouille<br \/>\nNettoyant puissant au pH neutre \u00e0 base de substances r\u00e9actives et de tensioactifs sp\u00e9ciaux. Les taches de rouille, les particules m\u00e9talliques, les poussi\u00e8res de frein incrust\u00e9es et d`autres salissures anorganiques sont \u00e9limin\u00e9es avec rapidit\u00e9, en profondeur et sans d\u00e9t\u00e9riorer le mat\u00e9riau. La coordination optimale des ingr\u00e9dients garantit une longue dur\u00e9e de contact \/ d`hydratation, de sorte que les substances r\u00e9actives infiltrent les particules adh\u00e9rentes et incrust\u00e9es pour les dissoudre efficacement. La dissolution des salissures devient visible par la r\u00e9action color\u00e9e violette. Les tensioactifs contenus dans le produit enveloppent et dispersent les salissures dissoutes pour permettre tout simplement de rincer.<\/p>","protected":false},"excerpt":{"rendered":"<p>Nettoyant sans acide pour taches de rouille<br \/>\nNettoyant puissant au pH neutre \u00e0 base de substances r\u00e9actives et de tensioactifs sp\u00e9ciaux. Les taches de rouille, les particules m\u00e9talliques, les poussi\u00e8res de frein incrust\u00e9es et d`autres salissures anorganiques sont \u00e9limin\u00e9es avec rapidit\u00e9, en profondeur et sans d\u00e9t\u00e9riorer le mat\u00e9riau. La coordination optimale des ingr\u00e9dients garantit une longue dur\u00e9e de contact \/ d`hydratation, de sorte que les substances r\u00e9actives infiltrent les particules adh\u00e9rentes et incrust\u00e9es pour les dissoudre efficacement. La dissolution des salissures devient visible par la r\u00e9action color\u00e9e violette. Les tensioactifs contenus dans le produit enveloppent et dispersent les salissures dissoutes pour permettre tout simplement de rincer.<\/p>","protected":false},"featured_media":3723,"comment_status":"open","ping_status":"closed","template":"","meta":[],"product_brand":[],"product_cat":[231],"product_tag":[],"class_list":{"0":"post-3683","1":"product","2":"type-product","3":"status-publish","4":"has-post-thumbnail","6":"product_cat-koch-chemie","8":"first","9":"instock","10":"taxable","11":"shipping-taxable","12":"product-type-simple"},"_links":{"self":[{"href":"https:\/\/profma.ma\/en\/wp-json\/wp\/v2\/product\/3683","targetHints":{"allow":["GET"]}}],"collection":[{"href":"https:\/\/profma.ma\/en\/wp-json\/wp\/v2\/product"}],"about":[{"href":"https:\/\/profma.ma\/en\/wp-json\/wp\/v2\/types\/product"}],"replies":[{"embeddable":true,"href":"https:\/\/profma.ma\/en\/wp-json\/wp\/v2\/comments?post=3683"}],"wp:featuredmedia":[{"embeddable":true,"href":"https:\/\/profma.ma\/en\/wp-json\/wp\/v2\/media\/3723"}],"wp:attachment":[{"href":"https:\/\/profma.ma\/en\/wp-json\/wp\/v2\/media?parent=3683"}],"wp:term":[{"taxonomy":"product_brand","embeddable":true,"href":"https:\/\/profma.ma\/en\/wp-json\/wp\/v2\/product_brand?post=3683"},{"taxonomy":"product_cat","embeddable":true,"href":"https:\/\/profma.ma\/en\/wp-json\/wp\/v2\/product_cat?post=3683"},{"taxonomy":"product_tag","embeddable":true,"href":"https:\/\/profma.ma\/en\/wp-json\/wp\/v2\/product_tag?post=3683"}],"curies":[{"name":"wp","href":"https:\/\/api.w.org\/{rel}","templated":true}]}}