{"id":3677,"date":"2024-05-02T16:34:23","date_gmt":"2024-05-02T14:34:23","guid":{"rendered":"https:\/\/profma.ma\/?post_type=product&#038;p=3677"},"modified":"2024-06-12T13:01:57","modified_gmt":"2024-06-12T11:01:57","slug":"cockpit-super-pflege","status":"publish","type":"product","link":"https:\/\/profma.ma\/en\/product\/cockpit-super-pflege\/","title":{"rendered":"KOCH CHEMIE COCKPIT-SUPER-PFLEGE CSP"},"content":{"rendered":"<p>Le Cockpit Super-Pflege est le produit d&rsquo;entretien pour faire briller les int\u00e9rieurs en plastique avec des propri\u00e9t\u00e9s de soin et de conservation. Prot\u00e8ge durablement contre de nouvelles salissures et les rayons UV. Avec un parfum frais.<\/p>","protected":false},"excerpt":{"rendered":"<p>Le Cockpit Super-Pflege est le produit d&rsquo;entretien pour faire briller les int\u00e9rieurs en plastique avec des propri\u00e9t\u00e9s de soin et de conservation. Prot\u00e8ge durablement contre de nouvelles salissures et les rayons UV. Avec un parfum frais.<\/p>","protected":false},"featured_media":3726,"comment_status":"open","ping_status":"closed","template":"","meta":[],"product_brand":[],"product_cat":[231],"product_tag":[],"class_list":{"0":"post-3677","1":"product","2":"type-product","3":"status-publish","4":"has-post-thumbnail","6":"product_cat-koch-chemie","8":"first","9":"instock","10":"taxable","11":"shipping-taxable","12":"product-type-simple"},"_links":{"self":[{"href":"https:\/\/profma.ma\/en\/wp-json\/wp\/v2\/product\/3677","targetHints":{"allow":["GET"]}}],"collection":[{"href":"https:\/\/profma.ma\/en\/wp-json\/wp\/v2\/product"}],"about":[{"href":"https:\/\/profma.ma\/en\/wp-json\/wp\/v2\/types\/product"}],"replies":[{"embeddable":true,"href":"https:\/\/profma.ma\/en\/wp-json\/wp\/v2\/comments?post=3677"}],"wp:featuredmedia":[{"embeddable":true,"href":"https:\/\/profma.ma\/en\/wp-json\/wp\/v2\/media\/3726"}],"wp:attachment":[{"href":"https:\/\/profma.ma\/en\/wp-json\/wp\/v2\/media?parent=3677"}],"wp:term":[{"taxonomy":"product_brand","embeddable":true,"href":"https:\/\/profma.ma\/en\/wp-json\/wp\/v2\/product_brand?post=3677"},{"taxonomy":"product_cat","embeddable":true,"href":"https:\/\/profma.ma\/en\/wp-json\/wp\/v2\/product_cat?post=3677"},{"taxonomy":"product_tag","embeddable":true,"href":"https:\/\/profma.ma\/en\/wp-json\/wp\/v2\/product_tag?post=3677"}],"curies":[{"name":"wp","href":"https:\/\/api.w.org\/{rel}","templated":true}]}}