{"id":3658,"date":"2024-05-01T18:56:33","date_gmt":"2024-05-01T16:56:33","guid":{"rendered":"https:\/\/profma.ma\/?post_type=product&#038;p=3658"},"modified":"2024-06-12T13:16:15","modified_gmt":"2024-06-12T11:16:15","slug":"one-cut-finish-p6-02","status":"publish","type":"product","link":"https:\/\/profma.ma\/en\/product\/one-cut-finish-p6-02\/","title":{"rendered":"KOCH CHEMIE ONE CUT &amp; FINISH P6.02"},"content":{"rendered":"<p>Le One Cut &amp; Finish P6.02 est un vernis de polissage pour machine pour l&rsquo;\u00e9limination permanente des voiles de polissage, des hologrammes et des rayures ainsi que des traces de pon\u00e7age \u00e0 partir d&rsquo;une granulom\u00e9trie de P 2000 avec un effet protecteur simultan\u00e9. L&rsquo;utilisation de corps abrasifs homog\u00e8nes cr\u00e9e une finition brillante et durable. L&rsquo;innovant One Cut &amp; Finish P6.02 combine un rapport optimal d&rsquo;abrasivit\u00e9 et de brillance pour un travail \u00e9conomique et efficace dans la pr\u00e9paration des v\u00e9hicules. Le One Cut &amp; Finish P6.02 est \u00e9conomique, hautement polissable et facile \u00e0 essuyer. Contient de la cire de carnauba et des silicones non volatiles. Degr\u00e9 de polissage : 6,0 Degr\u00e9 de brillance : 8,0<\/p>","protected":false},"excerpt":{"rendered":"<p>Le One Cut &amp; Finish P6.02 est un vernis de polissage pour machine pour l&rsquo;\u00e9limination permanente des voiles de polissage, des hologrammes et des rayures ainsi que des traces de pon\u00e7age \u00e0 partir d&rsquo;une granulom\u00e9trie de P 2000 avec un effet protecteur simultan\u00e9. L&rsquo;utilisation de corps abrasifs homog\u00e8nes cr\u00e9e une finition brillante et durable. L&rsquo;innovant One Cut &amp; Finish P6.02 combine un rapport optimal d&rsquo;abrasivit\u00e9 et de brillance pour un travail \u00e9conomique et efficace dans la pr\u00e9paration des v\u00e9hicules. Le One Cut &amp; Finish P6.02 est \u00e9conomique, hautement polissable et facile \u00e0 essuyer. Contient de la cire de carnauba et des silicones non volatiles. Degr\u00e9 de polissage : 6,0 Degr\u00e9 de brillance : 8,0<\/p>","protected":false},"featured_media":3737,"comment_status":"open","ping_status":"closed","template":"","meta":[],"product_brand":[],"product_cat":[231],"product_tag":[],"class_list":{"0":"post-3658","1":"product","2":"type-product","3":"status-publish","4":"has-post-thumbnail","6":"product_cat-koch-chemie","8":"first","9":"instock","10":"taxable","11":"shipping-taxable","12":"product-type-simple"},"_links":{"self":[{"href":"https:\/\/profma.ma\/en\/wp-json\/wp\/v2\/product\/3658","targetHints":{"allow":["GET"]}}],"collection":[{"href":"https:\/\/profma.ma\/en\/wp-json\/wp\/v2\/product"}],"about":[{"href":"https:\/\/profma.ma\/en\/wp-json\/wp\/v2\/types\/product"}],"replies":[{"embeddable":true,"href":"https:\/\/profma.ma\/en\/wp-json\/wp\/v2\/comments?post=3658"}],"wp:featuredmedia":[{"embeddable":true,"href":"https:\/\/profma.ma\/en\/wp-json\/wp\/v2\/media\/3737"}],"wp:attachment":[{"href":"https:\/\/profma.ma\/en\/wp-json\/wp\/v2\/media?parent=3658"}],"wp:term":[{"taxonomy":"product_brand","embeddable":true,"href":"https:\/\/profma.ma\/en\/wp-json\/wp\/v2\/product_brand?post=3658"},{"taxonomy":"product_cat","embeddable":true,"href":"https:\/\/profma.ma\/en\/wp-json\/wp\/v2\/product_cat?post=3658"},{"taxonomy":"product_tag","embeddable":true,"href":"https:\/\/profma.ma\/en\/wp-json\/wp\/v2\/product_tag?post=3658"}],"curies":[{"name":"wp","href":"https:\/\/api.w.org\/{rel}","templated":true}]}}