{"id":3637,"date":"2024-04-30T19:46:35","date_gmt":"2024-04-30T17:46:35","guid":{"rendered":"https:\/\/profma.ma\/?post_type=product&#038;p=3637"},"modified":"2024-06-12T13:05:06","modified_gmt":"2024-06-12T11:05:06","slug":"heavy-cut-h9-02","status":"publish","type":"product","link":"https:\/\/profma.ma\/en\/product\/heavy-cut-h9-02\/","title":{"rendered":"KOCH CHEMIE HEAVY CUT H9.02"},"content":{"rendered":"<p><em><strong>Polish de pon\u00e7age grossier exempt d\u2019huil essilicones<\/strong><\/em><br \/>\nLe nouveau Heavy Cut avec un niveau de brillance plus \u00e9lev\u00e9 que le H9.01 !<br \/>\nPolish de pon\u00e7age sans silicone, tr\u00e8s fortement abrasif destin\u00e9 au traitement rapide des peintures pr\u00e9sentant de fortes d\u00e9gradations et des rayures profondes.<\/p>","protected":false},"excerpt":{"rendered":"<p>Le nouveau Heavy Cut avec un niveau de brillance plus \u00e9lev\u00e9 que le H9.01 !<br \/>\nPolish de pon\u00e7age sans silicone, tr\u00e8s fortement abrasif destin\u00e9 au traitement rapide des peintures pr\u00e9sentant de fortes d\u00e9gradations et des rayures profondes.<\/p>","protected":false},"featured_media":3960,"comment_status":"open","ping_status":"closed","template":"","meta":[],"product_brand":[],"product_cat":[231],"product_tag":[],"class_list":{"0":"post-3637","1":"product","2":"type-product","3":"status-publish","4":"has-post-thumbnail","6":"product_cat-koch-chemie","8":"first","9":"instock","10":"taxable","11":"shipping-taxable","12":"product-type-simple"},"_links":{"self":[{"href":"https:\/\/profma.ma\/en\/wp-json\/wp\/v2\/product\/3637","targetHints":{"allow":["GET"]}}],"collection":[{"href":"https:\/\/profma.ma\/en\/wp-json\/wp\/v2\/product"}],"about":[{"href":"https:\/\/profma.ma\/en\/wp-json\/wp\/v2\/types\/product"}],"replies":[{"embeddable":true,"href":"https:\/\/profma.ma\/en\/wp-json\/wp\/v2\/comments?post=3637"}],"wp:featuredmedia":[{"embeddable":true,"href":"https:\/\/profma.ma\/en\/wp-json\/wp\/v2\/media\/3960"}],"wp:attachment":[{"href":"https:\/\/profma.ma\/en\/wp-json\/wp\/v2\/media?parent=3637"}],"wp:term":[{"taxonomy":"product_brand","embeddable":true,"href":"https:\/\/profma.ma\/en\/wp-json\/wp\/v2\/product_brand?post=3637"},{"taxonomy":"product_cat","embeddable":true,"href":"https:\/\/profma.ma\/en\/wp-json\/wp\/v2\/product_cat?post=3637"},{"taxonomy":"product_tag","embeddable":true,"href":"https:\/\/profma.ma\/en\/wp-json\/wp\/v2\/product_tag?post=3637"}],"curies":[{"name":"wp","href":"https:\/\/api.w.org\/{rel}","templated":true}]}}