{"id":3625,"date":"2024-01-12T09:24:02","date_gmt":"2024-01-12T08:24:02","guid":{"rendered":"https:\/\/profma.ma\/?post_type=product&#038;p=3625"},"modified":"2024-06-13T09:48:24","modified_gmt":"2024-06-13T07:48:24","slug":"interior-brush-3-x-set","status":"publish","type":"product","link":"https:\/\/profma.ma\/en\/product\/interior-brush-3-x-set\/","title":{"rendered":"INTERIOR BRUSH 3 X SET"},"content":{"rendered":"<p>Set de 3 pinceaux detailing constitu\u00e9s de poils tr\u00e8s doux d\u00e9velopp\u00e9s sp\u00e9cialement pour le nettoyage int\u00e9rieur des v\u00e9hicules, et livr\u00e9s dans une jolie boite blanche Koch Chemie.<\/p>","protected":false},"excerpt":{"rendered":"<p>LSet de 3 pinceaux detailing constitu\u00e9s de poils tr\u00e8s doux d\u00e9velopp\u00e9s sp\u00e9cialement pour le nettoyage int\u00e9rieur des v\u00e9hicules, et livr\u00e9s dans une jolie boite blanche Koch Chemie.<\/p>","protected":false},"featured_media":3715,"comment_status":"open","ping_status":"closed","template":"","meta":[],"product_brand":[],"product_cat":[176,231],"product_tag":[],"class_list":{"0":"post-3625","1":"product","2":"type-product","3":"status-publish","4":"has-post-thumbnail","6":"product_cat-accessoires","7":"product_cat-koch-chemie","9":"first","10":"instock","11":"taxable","12":"shipping-taxable","13":"purchasable","14":"product-type-simple"},"_links":{"self":[{"href":"https:\/\/profma.ma\/en\/wp-json\/wp\/v2\/product\/3625","targetHints":{"allow":["GET"]}}],"collection":[{"href":"https:\/\/profma.ma\/en\/wp-json\/wp\/v2\/product"}],"about":[{"href":"https:\/\/profma.ma\/en\/wp-json\/wp\/v2\/types\/product"}],"replies":[{"embeddable":true,"href":"https:\/\/profma.ma\/en\/wp-json\/wp\/v2\/comments?post=3625"}],"wp:featuredmedia":[{"embeddable":true,"href":"https:\/\/profma.ma\/en\/wp-json\/wp\/v2\/media\/3715"}],"wp:attachment":[{"href":"https:\/\/profma.ma\/en\/wp-json\/wp\/v2\/media?parent=3625"}],"wp:term":[{"taxonomy":"product_brand","embeddable":true,"href":"https:\/\/profma.ma\/en\/wp-json\/wp\/v2\/product_brand?post=3625"},{"taxonomy":"product_cat","embeddable":true,"href":"https:\/\/profma.ma\/en\/wp-json\/wp\/v2\/product_cat?post=3625"},{"taxonomy":"product_tag","embeddable":true,"href":"https:\/\/profma.ma\/en\/wp-json\/wp\/v2\/product_tag?post=3625"}],"curies":[{"name":"wp","href":"https:\/\/api.w.org\/{rel}","templated":true}]}}