{"id":3607,"date":"2023-12-05T11:20:14","date_gmt":"2023-12-05T10:20:14","guid":{"rendered":"https:\/\/profma.ma\/?post_type=product&#038;p=3607"},"modified":"2024-06-12T15:46:44","modified_gmt":"2024-06-12T13:46:44","slug":"lack-polish-violett-p2-03","status":"publish","type":"product","link":"https:\/\/profma.ma\/en\/product\/lack-polish-violett-p2-03\/","title":{"rendered":"KOCH CHEMIE LACK-POLISH VIOLETT P2.03"},"content":{"rendered":"<p>Pour une efficacit\u00e9 optimale nous recommandons l&rsquo;utilisation d&rsquo;une polisseuses rotative \u00e0 vitesse moyenne. Avec une polisseuse excentrique vous obtenez la meilleure finition possible. \u00c9galement adapt\u00e9 au traitement manuel. Obtenez une haute brillance et faite dispara\u00eetre les r\u00e9sidus de polissage avec notre Polish and Sealing Towel.<\/p>","protected":false},"excerpt":{"rendered":"<p class=\"h3 mb-2\"><em><strong>Vernis de polissage brillant abrasif<\/strong><\/em><\/p>\n<div class=\"row\">\n<div class=\"col-md-10\">\n<div class=\"mb-2\">\n<div id=\"js-product-information\" class=\"product-information-collapse show\">Le Lack-Polish violett entretient et affine les peintures qui sont l\u00e9g\u00e8rement \u00e0 moyennement ab\u00eem\u00e9es. Le vernis de polissage brillant abrasif donne une finition haute brillance optimale sans traces m\u00e9caniquement et manuellement. Les surface trait\u00e9es sont conserv\u00e9es. Pour \u00e9liminer efficacement les rayures, nous vous conseillons l&rsquo;utilisation du Fine Cut Pad. En cas de l\u00e9g\u00e8res d\u00e9gradations, le Polish &amp; Sealing Pad permet d&rsquo;obtenir une surface hautement brillante. Degr\u00e9 de polissage\u00a0: 2,0 Degr\u00e9 de brillance\u00a0: 9,3<\/div>\n<\/div>\n<\/div>\n<\/div>","protected":false},"featured_media":4239,"comment_status":"open","ping_status":"closed","template":"","meta":[],"product_brand":[],"product_cat":[231],"product_tag":[],"class_list":{"0":"post-3607","1":"product","2":"type-product","3":"status-publish","4":"has-post-thumbnail","6":"product_cat-koch-chemie","8":"first","9":"instock","10":"taxable","11":"shipping-taxable","12":"purchasable","13":"product-type-simple"},"_links":{"self":[{"href":"https:\/\/profma.ma\/en\/wp-json\/wp\/v2\/product\/3607","targetHints":{"allow":["GET"]}}],"collection":[{"href":"https:\/\/profma.ma\/en\/wp-json\/wp\/v2\/product"}],"about":[{"href":"https:\/\/profma.ma\/en\/wp-json\/wp\/v2\/types\/product"}],"replies":[{"embeddable":true,"href":"https:\/\/profma.ma\/en\/wp-json\/wp\/v2\/comments?post=3607"}],"wp:featuredmedia":[{"embeddable":true,"href":"https:\/\/profma.ma\/en\/wp-json\/wp\/v2\/media\/4239"}],"wp:attachment":[{"href":"https:\/\/profma.ma\/en\/wp-json\/wp\/v2\/media?parent=3607"}],"wp:term":[{"taxonomy":"product_brand","embeddable":true,"href":"https:\/\/profma.ma\/en\/wp-json\/wp\/v2\/product_brand?post=3607"},{"taxonomy":"product_cat","embeddable":true,"href":"https:\/\/profma.ma\/en\/wp-json\/wp\/v2\/product_cat?post=3607"},{"taxonomy":"product_tag","embeddable":true,"href":"https:\/\/profma.ma\/en\/wp-json\/wp\/v2\/product_tag?post=3607"}],"curies":[{"name":"wp","href":"https:\/\/api.w.org\/{rel}","templated":true}]}}