{"id":3586,"date":"2023-12-01T11:48:00","date_gmt":"2023-12-01T10:48:00","guid":{"rendered":"https:\/\/profma.ma\/?post_type=product&#038;p=3586"},"modified":"2024-06-13T09:48:46","modified_gmt":"2024-06-13T07:48:46","slug":"kenotek-pad-rotatif-heavy-cut-5","status":"publish","type":"product","link":"https:\/\/profma.ma\/en\/product\/kenotek-pad-rotatif-heavy-cut-5\/","title":{"rendered":"KENOTEK- ROTARY PAD GREEN   &#8211; HEAVY CUT 5\u00a0\u00bb"},"content":{"rendered":"<p>Ces pads conviennent aux polisseuses rotatives et peuvent \u00e9liminer les rayures, l&rsquo;oxydation et bien plus encore !<\/p>\n<p>Le pad KENOTEK vert est un tampon \u00e0 forte abrasivit\u00e9 pour \u00e9liminer les d\u00e9fauts importants.<\/p>\n<p>Caract\u00e9ristiques :<\/p>\n<ul>\n<li>Diam\u00e8tre\u00a0: 125\/140mm<\/li>\n<li>Epaisseur : 25mm<\/li>\n<li>Niveau de duret\u00e9 : dure<\/li>\n<li>Coloris : vert<\/li>\n<li>Syst\u00e8me auto-agrippant velcro<\/li>\n<li>Vendu emball\u00e9<\/li>\n<\/ul>\n<p>&nbsp;<\/p>\n<p><strong>KENOTEK CORRECTION SYSTEM<\/strong>\u00a0est le r\u00e9sultat d&rsquo;une recherche d\u00e9velopp\u00e9e sur la derni\u00e8re g\u00e9n\u00e9ration de compos\u00e9s et de vernis \u00e0 base d&rsquo;eau, la haute viscosit\u00e9 et l&rsquo;innovation de la technologie d&rsquo;abrasifs de pointe permettant d&rsquo;avoir des r\u00e9sultats qui \u00e9taient auparavant inimaginables.<\/p>\n<ul>\n<li>facilit\u00e9 d&rsquo;utilisation<\/li>\n<li>r\u00e9sultats rapides<\/li>\n<li>excellentes performances<\/li>\n<li>finition impeccable avec peu de produit<\/li>\n<\/ul>\n<p><img loading=\"lazy\" decoding=\"async\" src=\"https:\/\/www.am-performance.fr\/img\/cms\/PROCESSUS%20DE%20POLISSAGE%20KENOTEK%20EAT.PNG\" alt=\"\" width=\"703\" height=\"461\" \/><\/p>","protected":false},"excerpt":{"rendered":"<p>Pad de pon\u00e7age rotatif abrasif en mousse \u00e9paisse de Kenotek, \u00e0 combiner avec le Kenotek EAT 100 &#8211; ULTRA CUTTING WAX.<\/p>","protected":false},"featured_media":3807,"comment_status":"open","ping_status":"closed","template":"","meta":[],"product_brand":[],"product_cat":[232],"product_tag":[],"class_list":{"0":"post-3586","1":"product","2":"type-product","3":"status-publish","4":"has-post-thumbnail","6":"product_cat-kenotek","8":"first","9":"instock","10":"taxable","11":"shipping-taxable","12":"purchasable","13":"product-type-simple"},"_links":{"self":[{"href":"https:\/\/profma.ma\/en\/wp-json\/wp\/v2\/product\/3586","targetHints":{"allow":["GET"]}}],"collection":[{"href":"https:\/\/profma.ma\/en\/wp-json\/wp\/v2\/product"}],"about":[{"href":"https:\/\/profma.ma\/en\/wp-json\/wp\/v2\/types\/product"}],"replies":[{"embeddable":true,"href":"https:\/\/profma.ma\/en\/wp-json\/wp\/v2\/comments?post=3586"}],"wp:featuredmedia":[{"embeddable":true,"href":"https:\/\/profma.ma\/en\/wp-json\/wp\/v2\/media\/3807"}],"wp:attachment":[{"href":"https:\/\/profma.ma\/en\/wp-json\/wp\/v2\/media?parent=3586"}],"wp:term":[{"taxonomy":"product_brand","embeddable":true,"href":"https:\/\/profma.ma\/en\/wp-json\/wp\/v2\/product_brand?post=3586"},{"taxonomy":"product_cat","embeddable":true,"href":"https:\/\/profma.ma\/en\/wp-json\/wp\/v2\/product_cat?post=3586"},{"taxonomy":"product_tag","embeddable":true,"href":"https:\/\/profma.ma\/en\/wp-json\/wp\/v2\/product_tag?post=3586"}],"curies":[{"name":"wp","href":"https:\/\/api.w.org\/{rel}","templated":true}]}}