{"id":3551,"date":"2023-08-29T18:15:06","date_gmt":"2023-08-29T16:15:06","guid":{"rendered":"https:\/\/profma.ma\/?post_type=product&#038;p=3551"},"modified":"2024-06-12T12:29:59","modified_gmt":"2024-06-12T10:29:59","slug":"koch-chemie-p3-01-micro-cut-finish-polish-avec-cire-de-carnauba-1l","status":"publish","type":"product","link":"https:\/\/profma.ma\/en\/product\/koch-chemie-p3-01-micro-cut-finish-polish-avec-cire-de-carnauba-1l\/","title":{"rendered":"KOCH CHEMIE P3.01 MICRO CUT &amp; FINISH \u2013 POLISH AVEC CIRE DE CARNAUBA 1L"},"content":{"rendered":"<p>Finition et protection en une seule \u00e9tape !<br \/>\nLe P3.01 de Koch Chemie est un\u00a0polish de derni\u00e8re g\u00e9n\u00e9ration contenant des cires naturelles de carnauba naturelles permettant d&rsquo;obtenir un r\u00e9sultat \u00e9lev\u00e9 de brillance et de douceur.<\/p>","protected":false},"excerpt":{"rendered":"<p>Finition et protection en une seule \u00e9tape !<br \/>\nLe P3.01 de Koch Chemie est un\u00a0polish de derni\u00e8re g\u00e9n\u00e9ration contenant des cires naturelles de carnauba naturelles permettant d&rsquo;obtenir un r\u00e9sultat \u00e9lev\u00e9 de brillance et de douceur.<\/p>","protected":false},"featured_media":4233,"comment_status":"open","ping_status":"closed","template":"","meta":[],"product_brand":[],"product_cat":[231],"product_tag":[],"class_list":{"0":"post-3551","1":"product","2":"type-product","3":"status-publish","4":"has-post-thumbnail","6":"product_cat-koch-chemie","8":"first","9":"instock","10":"taxable","11":"shipping-taxable","12":"purchasable","13":"product-type-simple"},"_links":{"self":[{"href":"https:\/\/profma.ma\/en\/wp-json\/wp\/v2\/product\/3551","targetHints":{"allow":["GET"]}}],"collection":[{"href":"https:\/\/profma.ma\/en\/wp-json\/wp\/v2\/product"}],"about":[{"href":"https:\/\/profma.ma\/en\/wp-json\/wp\/v2\/types\/product"}],"replies":[{"embeddable":true,"href":"https:\/\/profma.ma\/en\/wp-json\/wp\/v2\/comments?post=3551"}],"wp:featuredmedia":[{"embeddable":true,"href":"https:\/\/profma.ma\/en\/wp-json\/wp\/v2\/media\/4233"}],"wp:attachment":[{"href":"https:\/\/profma.ma\/en\/wp-json\/wp\/v2\/media?parent=3551"}],"wp:term":[{"taxonomy":"product_brand","embeddable":true,"href":"https:\/\/profma.ma\/en\/wp-json\/wp\/v2\/product_brand?post=3551"},{"taxonomy":"product_cat","embeddable":true,"href":"https:\/\/profma.ma\/en\/wp-json\/wp\/v2\/product_cat?post=3551"},{"taxonomy":"product_tag","embeddable":true,"href":"https:\/\/profma.ma\/en\/wp-json\/wp\/v2\/product_tag?post=3551"}],"curies":[{"name":"wp","href":"https:\/\/api.w.org\/{rel}","templated":true}]}}