{"id":3517,"date":"2023-05-23T16:04:54","date_gmt":"2023-05-23T14:04:54","guid":{"rendered":"https:\/\/profma.ma\/?post_type=product&#038;p=3517"},"modified":"2024-06-12T10:53:01","modified_gmt":"2024-06-12T08:53:01","slug":"protectorwax","status":"publish","type":"product","link":"https:\/\/profma.ma\/en\/product\/protectorwax\/","title":{"rendered":"KOCH CHEMIE PROTECTOR WAX"},"content":{"rendered":"<div class=\"accordion\">\n<div class=\"accordion-header\">\n<h2 class=\"h3 mb-0\"><a role=\"button\" href=\"https:\/\/www.koch-chemie.com\/fr\/produits\/protectorwax#collapse12\" data-toggle=\"collapse\"> Recommandations d&rsquo;utilisation<i class=\"icon icon-plus\"><\/i><\/a><\/h2>\n<\/div>\n<div id=\"collapse12\" class=\"accordion-body collapse show\">\n<div class=\"row pb-2 pt-1\">\n<div class=\"col-md-7\">Appliquer \u00e0 l\u2019\u00e9tat pur ou dilu\u00e9 jusqu\u2019\u00e0 1:2 par la pompe de dosage. Consommation recommand\u00e9e pour une voiture particuli\u00e8re : cire chaude\/froide : 13-19 ml. Cire moussante : 13-19 ml. Cire haut de gamme : 16-23 ml. Conforme \u00e0 VDA, classe A. Application manuelle: Ajouter env. 30 ml de ProtectorWax \u00e0 1 l d`eau et appliquer sur le v\u00e9hicule nettoy\u00e9 et encore humide \u00e0 l`aide d`un pulv\u00e9risateur \u00e0 mousse ou d`un pulv\u00e9risateur \u00e0 pompe, puis laisser agir bri\u00e8vement. Rincer soigneusement le produit avec un nettoyeur haute pression pour \u00e9viter les taches. En cas d`utilisation d`un canon \u00e0 mousse, ajuster la pr\u00e9-dilution en cons\u00e9quence. Essuyer l`eau restante. Ne m\u00e9langer le produit que pour une seule application et ne pas conserver.<\/div>\n<\/div>\n<\/div>\n<\/div>","protected":false},"excerpt":{"rendered":"<p>Brillance, effet d\u00e9perlant et protection intensive !<br \/>\nProtector Wax de Koch Chemie est une cire innovante liquide, pulv\u00e9risable, facile \u00e0 appliquer, qui apporte une protection, un effet hydrophobe de longue dur\u00e9e et une brillance extr\u00eamement profonde. Contient des compos\u00e9s haut de gamme.<\/p>\n<p><img loading=\"lazy\" decoding=\"async\" class=\"img-fluid box-shadow mr-2 lazyloaded\" title=\"ProtectorWax\" src=\"https:\/\/media.koch-chemie.com\/svg\/Pw__1684810802.svg\" alt=\"ProtectorWax\" width=\"132\" height=\"132\" data-src=\"https:\/\/media.koch-chemie.com\/svg\/Pw__1684810802.svg\" \/><\/p>\n<p><span class=\"h6 mb-0 d-block\">Trockner und Konservierer<\/span><\/p>\n<div style=\"width: 608px;\" class=\"wp-video\"><video class=\"wp-video-shortcode\" id=\"video-3517-1\" width=\"608\" height=\"1080\" preload=\"metadata\" controls=\"controls\"><source type=\"video\/mp4\" src=\"https:\/\/profma.ma\/wp-content\/uploads\/2023\/05\/Koch-Chemie-Protector-Wax-\u0432\u0438\u0441\u043e\u043a\u043e\u0442\u0435\u0445\u043d\u043e\u043b\u043e\u0433\u0438\u0447\u043d\u0430-\u0437\u0430\u0449\u0438\u0442\u043d\u0430-\u0438-\u043a\u043e\u043d\u0441\u0435\u0440\u0432\u0438\u0440\u0430\u0449\u0430-\u0432\u0430\u043a\u0441\u0430.mp4?_=1\" \/><a href=\"https:\/\/profma.ma\/wp-content\/uploads\/2023\/05\/Koch-Chemie-Protector-Wax-\u0432\u0438\u0441\u043e\u043a\u043e\u0442\u0435\u0445\u043d\u043e\u043b\u043e\u0433\u0438\u0447\u043d\u0430-\u0437\u0430\u0449\u0438\u0442\u043d\u0430-\u0438-\u043a\u043e\u043d\u0441\u0435\u0440\u0432\u0438\u0440\u0430\u0449\u0430-\u0432\u0430\u043a\u0441\u0430.mp4\">https:\/\/profma.ma\/wp-content\/uploads\/2023\/05\/Koch-Chemie-Protector-Wax-\u0432\u0438\u0441\u043e\u043a\u043e\u0442\u0435\u0445\u043d\u043e\u043b\u043e\u0433\u0438\u0447\u043d\u0430-\u0437\u0430\u0449\u0438\u0442\u043d\u0430-\u0438-\u043a\u043e\u043d\u0441\u0435\u0440\u0432\u0438\u0440\u0430\u0449\u0430-\u0432\u0430\u043a\u0441\u0430.mp4<\/a><\/video><\/div>","protected":false},"featured_media":4222,"comment_status":"open","ping_status":"closed","template":"","meta":[],"product_brand":[],"product_cat":[231,163,166],"product_tag":[],"class_list":{"0":"post-3517","1":"product","2":"type-product","3":"status-publish","4":"has-post-thumbnail","6":"product_cat-koch-chemie","7":"product_cat-nettoyants-carrosserie","8":"product_cat-produits-exterieur0","10":"first","11":"instock","12":"taxable","13":"shipping-taxable","14":"purchasable","15":"product-type-simple"},"_links":{"self":[{"href":"https:\/\/profma.ma\/en\/wp-json\/wp\/v2\/product\/3517","targetHints":{"allow":["GET"]}}],"collection":[{"href":"https:\/\/profma.ma\/en\/wp-json\/wp\/v2\/product"}],"about":[{"href":"https:\/\/profma.ma\/en\/wp-json\/wp\/v2\/types\/product"}],"replies":[{"embeddable":true,"href":"https:\/\/profma.ma\/en\/wp-json\/wp\/v2\/comments?post=3517"}],"wp:featuredmedia":[{"embeddable":true,"href":"https:\/\/profma.ma\/en\/wp-json\/wp\/v2\/media\/4222"}],"wp:attachment":[{"href":"https:\/\/profma.ma\/en\/wp-json\/wp\/v2\/media?parent=3517"}],"wp:term":[{"taxonomy":"product_brand","embeddable":true,"href":"https:\/\/profma.ma\/en\/wp-json\/wp\/v2\/product_brand?post=3517"},{"taxonomy":"product_cat","embeddable":true,"href":"https:\/\/profma.ma\/en\/wp-json\/wp\/v2\/product_cat?post=3517"},{"taxonomy":"product_tag","embeddable":true,"href":"https:\/\/profma.ma\/en\/wp-json\/wp\/v2\/product_tag?post=3517"}],"curies":[{"name":"wp","href":"https:\/\/api.w.org\/{rel}","templated":true}]}}