{"id":3064,"date":"2022-04-07T10:20:58","date_gmt":"2022-04-07T10:20:58","guid":{"rendered":"https:\/\/profma.ma\/?post_type=product&#038;p=3064"},"modified":"2024-06-26T09:37:44","modified_gmt":"2024-06-26T07:37:44","slug":"disque-micro-cut-pad","status":"publish","type":"product","link":"https:\/\/profma.ma\/en\/product\/disque-micro-cut-pad\/","title":{"rendered":"DISQUE MICRO CUT PAD"},"content":{"rendered":"<p>Dimensions :- 126 mm x 23 mm<\/p>\n<p>&#8211; 150mm x 23 mm<\/p>","protected":false},"excerpt":{"rendered":"<p>Disque de polissage en mousse mi-dure de KOCH CHEMIE con\u00e7u pour l&rsquo;\u00e9limination des rayures l\u00e9g\u00e8res, des hologrammes et des marques de polissage en combinaison avec les polish\u00a0MICRO CUT M3.02 et MICRO&amp;FINISH P3.01.<br \/>\n<img loading=\"lazy\" decoding=\"async\" src=\"http:\/\/www.am-performance.fr\/img\/cms\/KOCH%20CHEMIE.png\" alt=\"\" width=\"289\" height=\"80\" \/><img loading=\"lazy\" decoding=\"async\" src=\"https:\/\/www.am-performance.fr\/img\/cms\/Koch%20Chemie%20since%201968.jpg\" alt=\"\" width=\"90\" height=\"85\" \/>\u00a0<img loading=\"lazy\" decoding=\"async\" src=\"https:\/\/www.am-performance.fr\/img\/cms\/Top%20qualite.png\" alt=\"\" width=\"87\" height=\"87\" \/><\/p>","protected":false},"featured_media":3711,"comment_status":"open","ping_status":"closed","template":"","meta":[],"product_brand":[],"product_cat":[176,183,231],"product_tag":[],"class_list":{"0":"post-3064","1":"product","2":"type-product","3":"status-publish","4":"has-post-thumbnail","6":"product_cat-accessoires","7":"product_cat-disque-de-lustrage","8":"product_cat-koch-chemie","10":"first","11":"instock","12":"taxable","13":"shipping-taxable","14":"purchasable","15":"product-type-simple"},"_links":{"self":[{"href":"https:\/\/profma.ma\/en\/wp-json\/wp\/v2\/product\/3064","targetHints":{"allow":["GET"]}}],"collection":[{"href":"https:\/\/profma.ma\/en\/wp-json\/wp\/v2\/product"}],"about":[{"href":"https:\/\/profma.ma\/en\/wp-json\/wp\/v2\/types\/product"}],"replies":[{"embeddable":true,"href":"https:\/\/profma.ma\/en\/wp-json\/wp\/v2\/comments?post=3064"}],"wp:featuredmedia":[{"embeddable":true,"href":"https:\/\/profma.ma\/en\/wp-json\/wp\/v2\/media\/3711"}],"wp:attachment":[{"href":"https:\/\/profma.ma\/en\/wp-json\/wp\/v2\/media?parent=3064"}],"wp:term":[{"taxonomy":"product_brand","embeddable":true,"href":"https:\/\/profma.ma\/en\/wp-json\/wp\/v2\/product_brand?post=3064"},{"taxonomy":"product_cat","embeddable":true,"href":"https:\/\/profma.ma\/en\/wp-json\/wp\/v2\/product_cat?post=3064"},{"taxonomy":"product_tag","embeddable":true,"href":"https:\/\/profma.ma\/en\/wp-json\/wp\/v2\/product_tag?post=3064"}],"curies":[{"name":"wp","href":"https:\/\/api.w.org\/{rel}","templated":true}]}}