{"id":3047,"date":"2022-03-04T10:37:47","date_gmt":"2022-03-04T10:37:47","guid":{"rendered":"https:\/\/profma.ma\/?post_type=product&#038;p=3047"},"modified":"2024-06-30T10:51:17","modified_gmt":"2024-06-30T08:51:17","slug":"ceramic-boost-500ml","status":"publish","type":"product","link":"https:\/\/profma.ma\/en\/product\/ceramic-boost-500ml\/","title":{"rendered":"CERAMIC BOOST 500ML"},"content":{"rendered":"<p>Kenotek Coat It Ceramic Boost est un rev\u00eatement en spray pour le traitement hydro- et ol\u00e9ophobe de la peinture automobile. Le spray assure une excellente protection de la peinture, qui est extr\u00eamement hydrofuge et antisalissure. Gr\u00e2ce \u00e0 Kenotek Ceramic Boost, l&rsquo;eau glisse sur la peinture de la voiture avec un effet perl\u00e9. Outre sa fonction protectrice, ce spray rehausse \u00e9galement la brillance de la peinture de la voiture. De plus, Kenotek Ceramic Boost est le produit d&rsquo;entretien parfait pour prolonger la dur\u00e9e de vie des rev\u00eatements c\u00e9ramiques existants. Ce spray professionnel est tr\u00e8s facile \u00e0 appliquer, tr\u00e8s convivial et offre une protection jusqu&rsquo;\u00e0 6 mois !<\/p>\n<p>Propri\u00e9t\u00e9s :<br \/>\n&#8211; Rev\u00eatement par pulv\u00e9risation<br \/>\n&#8211; Traitement hydro- et ol\u00e9ophobe de la peinture<br \/>\n&#8211; Augmente consid\u00e9rablement le niveau de brillance de la peinture de la voiture.<br \/>\n&#8211; Assure un maintien durable de la brillance<br \/>\n&#8211; Repousse la salet\u00e9 et l&rsquo;eau<br \/>\n&#8211; Effet perlant exceptionnel de l&rsquo;eau<br \/>\n&#8211; Donne une protection suppl\u00e9mentaire \u00e0 la peinture de la voiture<br \/>\n&#8211; Facile \u00e0 appliquer<br \/>\n&#8211; Le produit d&rsquo;entretien id\u00e9al pour prolonger la dur\u00e9e de vie des rev\u00eatements c\u00e9ramiques.<br \/>\n&#8211; Dur\u00e9e de conservation : 6 mois<br \/>\n&#8211; Contenu : 500ml<\/p>","protected":false},"excerpt":{"rendered":"<p>Mode d&#8217;emploi :<br \/>\n1) La surface doit \u00eatre compl\u00e8tement nettoy\u00e9e<br \/>\n2) Il est fortement recommand\u00e9 de polir la surface au pr\u00e9alable pour s&rsquo;assurer qu&rsquo;il n&rsquo;y a pas de rayures sur la peinture de la voiture.<br \/>\n3) Utilisez Kenotek Pre Coat pour nettoyer la surface.<br \/>\n4) Secouez Ceramic Boost avant de l&rsquo;utiliser.<br \/>\n5) Vaporisez Ceramic Boost sur un chiffon ou un tampon en microfibre propre.<br \/>\n6) Frottez verticalement de haut en bas, puis horizontalement de gauche \u00e0 droite (assurez-vous que les surfaces enduites se chevauchent).<br \/>\n7) Frotter pour nettoyer<br \/>\n7) Laisser s\u00e9cher la surface enduite pendant 4 heures en \u00e9vitant tout contact avec l&rsquo;eau.<\/p>\n<div style=\"width: 1080px;\" class=\"wp-video\"><video class=\"wp-video-shortcode\" id=\"video-3047-1\" width=\"1080\" height=\"1080\" preload=\"metadata\" controls=\"controls\"><source type=\"video\/mp4\" src=\"https:\/\/profma.ma\/wp-content\/uploads\/2022\/03\/Kenotek-Ceramic-Boost.mp4?_=1\" \/><a href=\"https:\/\/profma.ma\/wp-content\/uploads\/2022\/03\/Kenotek-Ceramic-Boost.mp4\">https:\/\/profma.ma\/wp-content\/uploads\/2022\/03\/Kenotek-Ceramic-Boost.mp4<\/a><\/video><\/div>","protected":false},"featured_media":3963,"comment_status":"open","ping_status":"closed","template":"","meta":[],"product_brand":[],"product_cat":[232,166],"product_tag":[],"class_list":{"0":"post-3047","1":"product","2":"type-product","3":"status-publish","4":"has-post-thumbnail","6":"product_cat-kenotek","7":"product_cat-produits-exterieur0","9":"first","10":"instock","11":"taxable","12":"shipping-taxable","13":"purchasable","14":"product-type-simple"},"_links":{"self":[{"href":"https:\/\/profma.ma\/en\/wp-json\/wp\/v2\/product\/3047","targetHints":{"allow":["GET"]}}],"collection":[{"href":"https:\/\/profma.ma\/en\/wp-json\/wp\/v2\/product"}],"about":[{"href":"https:\/\/profma.ma\/en\/wp-json\/wp\/v2\/types\/product"}],"replies":[{"embeddable":true,"href":"https:\/\/profma.ma\/en\/wp-json\/wp\/v2\/comments?post=3047"}],"wp:featuredmedia":[{"embeddable":true,"href":"https:\/\/profma.ma\/en\/wp-json\/wp\/v2\/media\/3963"}],"wp:attachment":[{"href":"https:\/\/profma.ma\/en\/wp-json\/wp\/v2\/media?parent=3047"}],"wp:term":[{"taxonomy":"product_brand","embeddable":true,"href":"https:\/\/profma.ma\/en\/wp-json\/wp\/v2\/product_brand?post=3047"},{"taxonomy":"product_cat","embeddable":true,"href":"https:\/\/profma.ma\/en\/wp-json\/wp\/v2\/product_cat?post=3047"},{"taxonomy":"product_tag","embeddable":true,"href":"https:\/\/profma.ma\/en\/wp-json\/wp\/v2\/product_tag?post=3047"}],"curies":[{"name":"wp","href":"https:\/\/api.w.org\/{rel}","templated":true}]}}