{"id":3004,"date":"2022-03-03T09:59:50","date_gmt":"2022-03-03T09:59:50","guid":{"rendered":"https:\/\/profma.ma\/?post_type=product&#038;p=3004"},"modified":"2024-06-28T10:57:37","modified_gmt":"2024-06-28T08:57:37","slug":"duftstoff-bazooka-1l","status":"publish","type":"product","link":"https:\/\/profma.ma\/en\/product\/duftstoff-bazooka-1l\/","title":{"rendered":"DUFTSTOFF BAZOOKA 1L"},"content":{"rendered":"<p>Ultra concentr\u00e9 !<br \/>\nParfum frais, fruit\u00e9 et hautement concentr\u00e9, id\u00e9al pour neutraliser les mauvaises odeurs.<br \/>\n<img loading=\"lazy\" decoding=\"async\" src=\"http:\/\/www.am-performance.fr\/img\/cms\/KOCH%20CHEMIE.png\" alt=\"\" width=\"169\" height=\"47\" \/><img loading=\"lazy\" decoding=\"async\" src=\"https:\/\/www.am-performance.fr\/img\/cms\/Top%20qualite.png\" alt=\"\" width=\"51\" height=\"51\" \/><\/p>","protected":false},"excerpt":{"rendered":"<p>Ultra concentr\u00e9 !<br \/>\nParfum frais, fruit\u00e9 et hautement concentr\u00e9, id\u00e9al pour neutraliser les mauvaises odeurs.<br \/>\n<img loading=\"lazy\" decoding=\"async\" src=\"http:\/\/www.am-performance.fr\/img\/cms\/KOCH%20CHEMIE.png\" alt=\"\" width=\"169\" height=\"47\" \/><img loading=\"lazy\" decoding=\"async\" src=\"https:\/\/www.am-performance.fr\/img\/cms\/Top%20qualite.png\" alt=\"\" width=\"51\" height=\"51\" \/><\/p>","protected":false},"featured_media":4270,"comment_status":"open","ping_status":"closed","template":"","meta":[],"product_brand":[],"product_cat":[231,201,202],"product_tag":[],"class_list":{"0":"post-3004","1":"product","2":"type-product","3":"status-publish","4":"has-post-thumbnail","6":"product_cat-koch-chemie","7":"product_cat-parfums-d-ambiances","8":"product_cat-vaporisateurs","10":"first","11":"instock","12":"taxable","13":"shipping-taxable","14":"purchasable","15":"product-type-simple"},"_links":{"self":[{"href":"https:\/\/profma.ma\/en\/wp-json\/wp\/v2\/product\/3004","targetHints":{"allow":["GET"]}}],"collection":[{"href":"https:\/\/profma.ma\/en\/wp-json\/wp\/v2\/product"}],"about":[{"href":"https:\/\/profma.ma\/en\/wp-json\/wp\/v2\/types\/product"}],"replies":[{"embeddable":true,"href":"https:\/\/profma.ma\/en\/wp-json\/wp\/v2\/comments?post=3004"}],"wp:featuredmedia":[{"embeddable":true,"href":"https:\/\/profma.ma\/en\/wp-json\/wp\/v2\/media\/4270"}],"wp:attachment":[{"href":"https:\/\/profma.ma\/en\/wp-json\/wp\/v2\/media?parent=3004"}],"wp:term":[{"taxonomy":"product_brand","embeddable":true,"href":"https:\/\/profma.ma\/en\/wp-json\/wp\/v2\/product_brand?post=3004"},{"taxonomy":"product_cat","embeddable":true,"href":"https:\/\/profma.ma\/en\/wp-json\/wp\/v2\/product_cat?post=3004"},{"taxonomy":"product_tag","embeddable":true,"href":"https:\/\/profma.ma\/en\/wp-json\/wp\/v2\/product_tag?post=3004"}],"curies":[{"name":"wp","href":"https:\/\/api.w.org\/{rel}","templated":true}]}}