{"id":2821,"date":"2021-12-29T08:40:21","date_gmt":"2021-12-29T08:40:21","guid":{"rendered":"https:\/\/profma.ma\/?post_type=product&#038;p=2821"},"modified":"2024-06-06T22:31:51","modified_gmt":"2024-06-06T20:31:51","slug":"pxe-80-10-8-ec-2-5-set","status":"publish","type":"product","link":"https:\/\/profma.ma\/en\/product\/pxe-80-10-8-ec-2-5-set\/","title":{"rendered":"PXE 80 10.8-EC\/2.5 SET"},"content":{"rendered":"<p><em><span class=\"productDetail__subheader\"><span class=\"productDetail__teaser\"><strong>La polisseuse sans fil intelligente 10,8\u00a0V, rotative et excentrique \u00e0 rotation libre<\/strong> <\/span> <\/span><\/em><\/p>\n<ul class=\"contentlist productDetail__featureList js-toggle-list\">\n<li class=\"productDetail__featureListItem\">Syst\u00e8me de changement rapide innovant, sans outil, pour le remplacement des types d\u2019entra\u00eenement rotatif et excentrique<\/li>\n<li class=\"productDetail__featureListItem\">Pour les travaux rotatifs et excentriques \u00e0 rotation libre avec des courses de 3 et 12\u00a0mm<\/li>\n<li class=\"productDetail__featureListItem\">Flexible et plus simple que jamais\u00a0: du pon\u00e7age avec abrasif en forme de fleur \u00e0 la finition sans hologramme avec un seul appareil<\/li>\n<li class=\"productDetail__featureListItem fadeInDown\">Le compl\u00e9ment id\u00e9al pour tous les pr\u00e9parateurs de v\u00e9hicules, les vernisseurs et les polisseurs<\/li>\n<li class=\"productDetail__featureListItem fadeInDown\">Interrupteur d&rsquo;acc\u00e9l\u00e9ration : pour un d\u00e9marrage en douceur et arr\u00eat pour le fonctionnement continu<\/li>\n<li class=\"productDetail__featureListItem fadeInDown\">Avec maintien constant de la vitesse de rotation et 4 niveaux de vitesse, affichage bien visible par LED<\/li>\n<li class=\"productDetail__featureListItem fadeInDown\">Ergonomie parfaite et possibilit\u00e9s de pr\u00e9hension flexibles gr\u00e2ce au positionnement optimal des surfaces SoftGrip<\/li>\n<li class=\"productDetail__featureListItem fadeInDown\">Grande stabilit\u00e9 de marche gr\u00e2ce \u00e0 l\u2019optimisation des vibrations<\/li>\n<li class=\"productDetail__featureListItem fadeInDown\">Plateaux velcro sp\u00e9ciaux amortis pour le polissage et le pon\u00e7age<\/li>\n<li class=\"productDetail__featureListItem fadeInDown\">Avec anneau antichoc pour la protection des surfaces<\/li>\n<li class=\"productDetail__featureListItem fadeInDown\">Moteur sans balais \u00e0 rendement am\u00e9lior\u00e9 et long\u00e9vit\u00e9 accrue<\/li>\n<li class=\"productDetail__featureListItem fadeInDown\">Electronic management system (EMS) prot\u00e9ge la machine, prolonge la dur\u00e9e de la vie, et augmente le rendement<\/li>\n<li class=\"productDetail__featureListItem fadeInDown\">L&rsquo;affichage LED de la capacit\u00e9 de la batterie<\/li>\n<li class=\"productDetail__featureListItem fadeInDown\">Syst\u00e8me accu FLEX: fonctionne avec accus FLEX 10,8 V<\/li>\n<\/ul>","protected":false},"excerpt":{"rendered":"<ul>\n<li class=\"tabs__contentListItem clr\"><span class=\"tabs__attribute tabs__attribute--left\">\u00d8 pon\u00e7age maxi<\/span> <span class=\"tabs__attribute tabs__attribute--right\">80 mm<\/span><\/li>\n<li class=\"tabs__contentListItem clr tabs__contentListItem--grey\"><span class=\"tabs__attribute tabs__attribute--left\">\u00d8 maxi du plateau support<\/span> <span class=\"tabs__attribute tabs__attribute--right\">75 mm<\/span><\/li>\n<li class=\"tabs__contentListItem clr\"><span class=\"tabs__attribute tabs__attribute--left\">Course<\/span> <span class=\"tabs__attribute tabs__attribute--right\">3 + 12 mm<\/span><\/li>\n<li class=\"tabs__contentListItem clr tabs__contentListItem--grey\"><span class=\"tabs__attribute tabs__attribute--left\">Vitesse de rotation \u00e0 vide<\/span> <span class=\"tabs__attribute tabs__attribute--right\">400-2000\/-3000\/-4000\/-5800 \/min<\/span><\/li>\n<li class=\"tabs__contentListItem clr\"><span class=\"tabs__attribute tabs__attribute--left\">Vitesse cycle \u00e0 vide<\/span> <span class=\"tabs__attribute tabs__attribute--right\">800-4000\/-6000\/-8000\/-11600 \/min<\/span><\/li>\n<li class=\"tabs__contentListItem clr tabs__contentListItem--grey\"><span class=\"tabs__attribute tabs__attribute--left\">Voltage<\/span> <span class=\"tabs__attribute tabs__attribute--right\">10,8 V<\/span><\/li>\n<li class=\"tabs__contentListItem clr\"><span class=\"tabs__attribute tabs__attribute--left\">Capacit\u00e9<\/span> <span class=\"tabs__attribute tabs__attribute--right\">2,5 \/ 4,0 Ah<\/span><\/li>\n<li class=\"tabs__contentListItem clr tabs__contentListItem--grey\"><span class=\"tabs__attribute tabs__attribute--left\">Dimensions (L x l x H)<\/span> <span class=\"tabs__attribute tabs__attribute--right\">265 x 65 x 95 mm<\/span><\/li>\n<li class=\"tabs__contentListItem clr\"><span class=\"tabs__attribute tabs__attribute--left\">Poids sans batteries<\/span> <span class=\"tabs__attribute tabs__attribute--right\">0,63 kg<\/span><\/li>\n<\/ul>","protected":false},"featured_media":4011,"comment_status":"open","ping_status":"closed","template":"","meta":[],"product_brand":[],"product_cat":[197,181],"product_tag":[],"class_list":{"0":"post-2821","1":"product","2":"type-product","3":"status-publish","4":"has-post-thumbnail","6":"product_cat-lustreuses","7":"product_cat-materiels","9":"first","10":"instock","11":"taxable","12":"shipping-taxable","13":"purchasable","14":"product-type-simple"},"_links":{"self":[{"href":"https:\/\/profma.ma\/en\/wp-json\/wp\/v2\/product\/2821","targetHints":{"allow":["GET"]}}],"collection":[{"href":"https:\/\/profma.ma\/en\/wp-json\/wp\/v2\/product"}],"about":[{"href":"https:\/\/profma.ma\/en\/wp-json\/wp\/v2\/types\/product"}],"replies":[{"embeddable":true,"href":"https:\/\/profma.ma\/en\/wp-json\/wp\/v2\/comments?post=2821"}],"wp:featuredmedia":[{"embeddable":true,"href":"https:\/\/profma.ma\/en\/wp-json\/wp\/v2\/media\/4011"}],"wp:attachment":[{"href":"https:\/\/profma.ma\/en\/wp-json\/wp\/v2\/media?parent=2821"}],"wp:term":[{"taxonomy":"product_brand","embeddable":true,"href":"https:\/\/profma.ma\/en\/wp-json\/wp\/v2\/product_brand?post=2821"},{"taxonomy":"product_cat","embeddable":true,"href":"https:\/\/profma.ma\/en\/wp-json\/wp\/v2\/product_cat?post=2821"},{"taxonomy":"product_tag","embeddable":true,"href":"https:\/\/profma.ma\/en\/wp-json\/wp\/v2\/product_tag?post=2821"}],"curies":[{"name":"wp","href":"https:\/\/api.w.org\/{rel}","templated":true}]}}