{"id":2813,"date":"2021-12-29T08:17:17","date_gmt":"2021-12-29T08:17:17","guid":{"rendered":"https:\/\/profma.ma\/?post_type=product&#038;p=2813"},"modified":"2024-05-08T16:50:43","modified_gmt":"2024-05-08T14:50:43","slug":"xfe-7-15-150","status":"publish","type":"product","link":"https:\/\/profma.ma\/en\/product\/xfe-7-15-150\/","title":{"rendered":"XFE 7-15 150"},"content":{"rendered":"<p><strong>FLEX &#8211; Polisseuse excentrique XFE 7-15 \u00d8150<\/strong><\/p>\n<p>+ Electronique \u00e0 microprocesseur VR : aucune perte en charge, g\u00e9n\u00e9ratrice tachym\u00e9trique, d\u00e9marrage progressif, poign\u00e9e variateur, anti-red\u00e9marrage \u00e9lectronique, protection contre les surcharges, disjoncteur thermique et pr\u00e9s\u00e9lection de la vitesse de rotation<\/p>\n<p>+ Entra\u00eenement \u00e0 roue libre pour la finition sans hologrammes + Course orbitale 15 mm<\/p>\n<p>+ Interrupteur d&rsquo;acc\u00e9l\u00e9ration : pour un d\u00e9marrage en douceur et arr\u00eat pour le fonctionnement continu<\/p>\n<p>+ Plateau velcro amorti sp\u00e9cial<\/p>\n<p>+ Course r\u00e9guli\u00e8re gr\u00e2ce \u00e0 la masse d\u2019\u00e9quilibrage de l\u2019excentrique<\/p>\n<p>+ Guidage de l&rsquo;air optimis\u00e9 pour le meilleur effet de refroidissement possible du moteur et de la transmission. Pas d&rsquo;air d&rsquo;\u00e9chappement perturbateur pour l&rsquo;utilisateur<\/p>\n<p>+ T\u00eate de r\u00e9duction plate : r\u00e9duit la distance par rapport \u00e0 la surface. Ceci permet de guider la machine en toute s\u00e9curit\u00e9 dans toutes les situations.<\/p>\n<p>+ Coquille \u00e0 poign\u00e9e : de forme ergonomique avec SoftGrip. La machine peut \u00eatre guid\u00e9e avec pr\u00e9cision et tient toujours agr\u00e9ablement et en toute s\u00e9curit\u00e9 dans la main<\/p>\n<p>+ Machine con\u00e7ue pour les peintures sensibles aux temp\u00e9ratures\u00a0gr\u00e2ce \u00e0 sa faible production de chaleur sur la surface<\/p>\n<p><strong>Applications :<\/strong><\/p>\n<ul>\n<li>Pr\u00e9paration de v\u00e9hicules<\/li>\n<li>Distribution automobile<\/li>\n<li>Atelier de peinture<\/li>\n<li>Atelier de r\u00e9paration automobile<\/li>\n<li>\u00ab\u00a0Smart repair\u00a0\u00bb &#8211; technique de r\u00e9paration de rayures sur carrosserie<\/li>\n<li>Secteur maritime<\/li>\n<\/ul>\n<p><b>Equipement :<\/b><\/p>\n<ul>\n<li>1 plateau velcro sp\u00e9cial \u00d8125mm<\/li>\n<li>1 plateau velcro sp\u00e9cial\u00a0\u00d8150mm<\/li>\n<\/ul>\n<p>&nbsp;<\/p>\n<p><strong>Caract\u00e9ristiques techniques :<\/strong><\/p>\n<ul>\n<li>Max. Diam\u00e8tre du corps de polissage : 160 mm<\/li>\n<li>Max. Diam\u00e8tre du plateau : 150 mm<\/li>\n<li>Course : 15 mm<\/li>\n<li>Vitesse de rotation \u00e0 vide : 1500-4500 tr\/min<\/li>\n<li>Vitesse de rotation \u00e0 vide : 3000-9000 tr\/min<\/li>\n<li>Puissance : 710 W<\/li>\n<li>Puissance de sortie : 420 W<\/li>\n<li>Dimensions (L x H) : 370 x 140 mm<\/li>\n<li>Longueur du c\u00e2ble : 4 m.<\/li>\n<li>Poids : 2,4 kg.<\/li>\n<\/ul>\n<p>FABRICATION ALLEMANDE.<\/p>\n<p><img loading=\"lazy\" decoding=\"async\" src=\"https:\/\/www.am-performance.fr\/img\/cms\/dimensions%20XFE%207-15%20150.png\" alt=\"\" width=\"293\" height=\"293\" \/><\/p>","protected":false},"excerpt":{"rendered":"<p>Polisseuse excentrique filaire \u00e0 rotation libre, livr\u00e9e avec 2 plateaux.<br \/>\nTraitement de la surface en douceur et maniement ais\u00e9.<br \/>\nId\u00e9ale pour les d\u00e9butants ou pour les processus en 2 \u00e9tapes.<br \/>\nEn compl\u00e9ment de la polisseuse \u00e0 rotation, elle garantit une \u00e9limination rapide des hologrammes et une finition parfaite.<br \/>\nGARANTIE 3 ANS &#8211; FLEX FRANCE<br \/>\n<img loading=\"lazy\" decoding=\"async\" src=\"https:\/\/www.am-performance.fr\/img\/cms\/QUALITE_ALLEMANDE.png\" alt=\"\" width=\"130\" height=\"120\" \/><\/p>","protected":false},"featured_media":3866,"comment_status":"open","ping_status":"closed","template":"","meta":[],"product_brand":[],"product_cat":[197,181],"product_tag":[],"class_list":{"0":"post-2813","1":"product","2":"type-product","3":"status-publish","4":"has-post-thumbnail","6":"product_cat-lustreuses","7":"product_cat-materiels","9":"first","10":"instock","11":"taxable","12":"shipping-taxable","13":"purchasable","14":"product-type-simple"},"_links":{"self":[{"href":"https:\/\/profma.ma\/en\/wp-json\/wp\/v2\/product\/2813","targetHints":{"allow":["GET"]}}],"collection":[{"href":"https:\/\/profma.ma\/en\/wp-json\/wp\/v2\/product"}],"about":[{"href":"https:\/\/profma.ma\/en\/wp-json\/wp\/v2\/types\/product"}],"replies":[{"embeddable":true,"href":"https:\/\/profma.ma\/en\/wp-json\/wp\/v2\/comments?post=2813"}],"wp:featuredmedia":[{"embeddable":true,"href":"https:\/\/profma.ma\/en\/wp-json\/wp\/v2\/media\/3866"}],"wp:attachment":[{"href":"https:\/\/profma.ma\/en\/wp-json\/wp\/v2\/media?parent=2813"}],"wp:term":[{"taxonomy":"product_brand","embeddable":true,"href":"https:\/\/profma.ma\/en\/wp-json\/wp\/v2\/product_brand?post=2813"},{"taxonomy":"product_cat","embeddable":true,"href":"https:\/\/profma.ma\/en\/wp-json\/wp\/v2\/product_cat?post=2813"},{"taxonomy":"product_tag","embeddable":true,"href":"https:\/\/profma.ma\/en\/wp-json\/wp\/v2\/product_tag?post=2813"}],"curies":[{"name":"wp","href":"https:\/\/api.w.org\/{rel}","templated":true}]}}