{"id":2808,"date":"2021-12-28T16:25:30","date_gmt":"2021-12-28T16:25:30","guid":{"rendered":"https:\/\/profma.ma\/?post_type=product&#038;p=2808"},"modified":"2024-06-06T22:31:29","modified_gmt":"2024-06-06T20:31:29","slug":"flex-polisseuse-rotative-sans-fil-180-v-pe-150-18-0-ec-5-0-set","status":"publish","type":"product","link":"https:\/\/profma.ma\/en\/product\/flex-polisseuse-rotative-sans-fil-180-v-pe-150-18-0-ec-5-0-set\/","title":{"rendered":"FLEX POLISSEUSE ROTATIVE SANS FIL 18,0 V PE 150 18.0-EC\/5.0 SET"},"content":{"rendered":"<p><em><strong>La polisseuse pour les professionnels.<\/strong><\/em><\/p>\n<p>En raison de sa puissance et de sa rapidit\u00e9 d\u2019enl\u00e8vement de mati\u00e8re, les polisseuses rotatives sont les mieux adapt\u00e9es aux utilisateurs exp\u00e9riment\u00e9s.<br \/>\nLe polissage rotatif laisse des hologrammes dans la peinture qui peuvent ensuite \u00eatre \u00e9limin\u00e9s avec la polisseuse excentrique<\/p>\n<p>Polisseuse \u00e0 rotation sans fil 18,0 V<\/p>\n<p>+ Electronic management system (EMS) prot\u00e9ge la machine, prolonge la dur\u00e9e de la vie, et augmente le rendement<\/p>\n<p>+ Moteur sans balais \u00e0 rendement am\u00e9lior\u00e9 et long\u00e9vit\u00e9 accrue<\/p>\n<p>+ L&rsquo;affichage LED de la capacit\u00e9 de la batterie<\/p>\n<p>+ Interrupteur d&rsquo;acc\u00e9l\u00e9ration : pour un d\u00e9marrage en douceur et arr\u00eat pour le fonctionnement continu<\/p>\n<p>+ La combinaison innovante d&rsquo;un engrenage plan\u00e9taire et d&rsquo;un engrenage angulaire assure une r\u00e9duction extr\u00eame du bruit<\/p>\n<p>+ T\u00eate de r\u00e9duction plate : r\u00e9duit la distance par rapport \u00e0 la surface. Ceci permet de guider la machine en toute s\u00e9curit\u00e9 dans toutes les situations.<\/p>\n<p>+ Coquille \u00e0 poign\u00e9e : de forme ergonomique avec SoftGrip. La machine peut \u00eatre guid\u00e9e avec pr\u00e9cision et tient toujours agr\u00e9ablement et en toute s\u00e9curit\u00e9 dans la main<\/p>\n<p>+ But\u00e9e d&rsquo;axe : est positionn\u00e9e de mani\u00e8re id\u00e9ale pour \u00e9viter les fausses manoeuvres et ne pas influencer la zone de la poign\u00e9e<\/p>\n<p>+ Avec surface de d\u00e9p\u00f4t gomm\u00e9e pour une pose sure<\/p>\n<p>+ Polissage \u00e0 basse vitesse et couple \u00e9lev\u00e9, par ex. pour les surfaces thermosensibles<\/p>\n<p>+ Id\u00e9al pour les secteurs automobiles, maritimes et a\u00e9ronautiques<\/p>\n<p>&nbsp;<\/p>","protected":false},"excerpt":{"rendered":"<p><strong>Applications<\/strong><\/p>\n<ul>\n<li>R\u00e9paration de carrosseries de voiture<\/li>\n<li>Garages<\/li>\n<li>R\u00e9parations intelligentes<\/li>\n<li>Aviation<\/li>\n<li>Maritime<\/li>\n<li>Industrie du verre acrylique<\/li>\n<\/ul>\n<p>&nbsp;<\/p>\n<p><strong>CARACT\u00c9RISTIQUES TECHNIQUES PE 150 18.0-EC<\/strong><br \/>\n\u00d8 pon\u00e7age maxi 160 mm<br \/>\n\u00d8 maxi du plateau support 150 mm<br \/>\nEmmanchement M14<br \/>\nVitesse de rotation \u00e0 vide 150 &#8211; 1450 rpm<br \/>\nVoltage 18 V<br \/>\nCapacit\u00e9 2.5 \/ 5.0 Ah<br \/>\nDur\u00e9e de vie moyenne des piles 2.5 Ah \u00e0 15 min<br \/>\nDur\u00e9e de vie moyenne des piles 5.0 Ah \u00e0 35 min<br \/>\nPoids sans batteries 1.9 kg<br \/>\nPoids avec 5.0 Ah accu 2.7 kg<\/p>\n<p>&nbsp;<\/p>\n<p><strong>Equipement de base<\/strong><\/p>\n<ul>\n<li>1 plateau velcro \u00d8 150<\/li>\n<li>1 poign\u00e9e<\/li>\n<li>2 accus 5.0 Ah<\/li>\n<li>AP 18.0\/5.0<\/li>\n<li>1 chargeur CA 10.8\/18.<\/li>\n<\/ul>","protected":false},"featured_media":3955,"comment_status":"open","ping_status":"closed","template":"","meta":[],"product_brand":[],"product_cat":[197,181],"product_tag":[],"class_list":{"0":"post-2808","1":"product","2":"type-product","3":"status-publish","4":"has-post-thumbnail","6":"product_cat-lustreuses","7":"product_cat-materiels","9":"first","10":"instock","11":"taxable","12":"shipping-taxable","13":"purchasable","14":"product-type-simple"},"_links":{"self":[{"href":"https:\/\/profma.ma\/en\/wp-json\/wp\/v2\/product\/2808","targetHints":{"allow":["GET"]}}],"collection":[{"href":"https:\/\/profma.ma\/en\/wp-json\/wp\/v2\/product"}],"about":[{"href":"https:\/\/profma.ma\/en\/wp-json\/wp\/v2\/types\/product"}],"replies":[{"embeddable":true,"href":"https:\/\/profma.ma\/en\/wp-json\/wp\/v2\/comments?post=2808"}],"wp:featuredmedia":[{"embeddable":true,"href":"https:\/\/profma.ma\/en\/wp-json\/wp\/v2\/media\/3955"}],"wp:attachment":[{"href":"https:\/\/profma.ma\/en\/wp-json\/wp\/v2\/media?parent=2808"}],"wp:term":[{"taxonomy":"product_brand","embeddable":true,"href":"https:\/\/profma.ma\/en\/wp-json\/wp\/v2\/product_brand?post=2808"},{"taxonomy":"product_cat","embeddable":true,"href":"https:\/\/profma.ma\/en\/wp-json\/wp\/v2\/product_cat?post=2808"},{"taxonomy":"product_tag","embeddable":true,"href":"https:\/\/profma.ma\/en\/wp-json\/wp\/v2\/product_tag?post=2808"}],"curies":[{"name":"wp","href":"https:\/\/api.w.org\/{rel}","templated":true}]}}