{"id":2806,"date":"2021-12-28T16:20:57","date_gmt":"2021-12-28T16:20:57","guid":{"rendered":"https:\/\/profma.ma\/?post_type=product&#038;p=2806"},"modified":"2024-06-06T22:31:18","modified_gmt":"2024-06-06T20:31:18","slug":"malette-xfe-15-150-18-0-ec-5-0-set","status":"publish","type":"product","link":"https:\/\/profma.ma\/en\/product\/malette-xfe-15-150-18-0-ec-5-0-set\/","title":{"rendered":"MALETTE XFE 15 150 18.0-EC\/5.0 SET"},"content":{"rendered":"<ul class=\"contentlist productDetail__featureList js-toggle-list\">\n<li class=\"productDetail__featureListItem\">Electronic management system (EMS) prot\u00e9ge la machine, prolonge la dur\u00e9e de la vie, et augmente le rendement<\/li>\n<li class=\"productDetail__featureListItem\">Moteur sans balais \u00e0 rendement am\u00e9lior\u00e9 et long\u00e9vit\u00e9 accrue<\/li>\n<li class=\"productDetail__featureListItem\">L&rsquo;affichage LED de la capacit\u00e9 de la batterie<\/li>\n<li class=\"productDetail__featureListItem fadeInDown\">Entra\u00eenement \u00e0 roue libre pour la finition sans hologrammes<\/li>\n<li class=\"productDetail__featureListItem fadeInDown\">Course orbitale 15 mm<\/li>\n<li class=\"productDetail__featureListItem fadeInDown\">Interrupteur d&rsquo;acc\u00e9l\u00e9ration : pour un d\u00e9marrage en douceur et arr\u00eat pour le fonctionnement continu<\/li>\n<li class=\"productDetail__featureListItem fadeInDown\">Plateau velcro amorti sp\u00e9cial<\/li>\n<li class=\"productDetail__featureListItem fadeInDown\">Course r\u00e9guli\u00e8re gr\u00e2ce \u00e0 la masse d\u2019\u00e9quilibrage de l\u2019excentrique<\/li>\n<li class=\"productDetail__featureListItem fadeInDown\">T\u00eate de r\u00e9duction plate\u00a0: r\u00e9duit la distance par rapport \u00e0 la surface. Ceci permet de guider la machine en toute s\u00e9curit\u00e9 dans toutes les situations.<\/li>\n<li class=\"productDetail__featureListItem fadeInDown\">Coquille \u00e0 poign\u00e9e : de forme ergonomique avec SoftGrip. La machine peut \u00eatre guid\u00e9e avec pr\u00e9cision et tient toujours agr\u00e9ablement et en toute s\u00e9curit\u00e9 dans la main<\/li>\n<li class=\"productDetail__featureListItem fadeInDown\">Machine con\u00e7ue pour les peintures sensibles aux temp\u00e9ratures<\/li>\n<li class=\"productDetail__featureListItem fadeInDown\">Syst\u00e8me accu FLEX: fonctionne avec accus FLEX 18,0 V<\/li>\n<\/ul>","protected":false},"excerpt":{"rendered":"<div id=\"caract\u00e9ristiques-techniques\" class=\"tabs__content r-tabs-panel r-tabs-state-active\" data-gtm-vis-first-on-screen-7541140_171=\"20641\" data-gtm-vis-total-visible-time-7541140_171=\"100\" data-gtm-vis-has-fired-7541140_171=\"1\">\n<ul class=\"tabs__contentList\">\n<li class=\"tabs__contentListItem clr\"><span class=\"tabs__attribute tabs__attribute--left\">\u00d8 pon\u00e7age maxi :<\/span> <span class=\"tabs__attribute tabs__attribute--right\">160 mm<\/span><\/li>\n<li class=\"tabs__contentListItem clr tabs__contentListItem--grey\"><span class=\"tabs__attribute tabs__attribute--left\">\u00d8 maxi du plateau support :<\/span> <span class=\"tabs__attribute tabs__attribute--right\">150 mm<\/span><\/li>\n<li class=\"tabs__contentListItem clr\"><span class=\"tabs__attribute tabs__attribute--left\">Course<\/span>\u00a0 :<span class=\"tabs__attribute tabs__attribute--right\">15 mm<\/span><\/li>\n<li class=\"tabs__contentListItem clr tabs__contentListItem--grey\"><span class=\"tabs__attribute tabs__attribute--left\">Vitesse de rotation \u00e0 vide \u00a0\u00a0 :<\/span> <span class=\"tabs__attribute tabs__attribute--right\">2300-3800 \/min<\/span><\/li>\n<li class=\"tabs__contentListItem clr\"><span class=\"tabs__attribute tabs__attribute--left\">Vitesse cycle \u00e0 vide\u00a0 :<\/span> <span class=\"tabs__attribute tabs__attribute--right\">4600-7600 \/min<\/span><\/li>\n<li class=\"tabs__contentListItem clr tabs__contentListItem--grey\"><span class=\"tabs__attribute tabs__attribute--left\">Voltage :<\/span> <span class=\"tabs__attribute tabs__attribute--right\">18 V<\/span><\/li>\n<li class=\"tabs__contentListItem clr\"><span class=\"tabs__attribute tabs__attribute--left\">Capacit\u00e9 :<\/span> <span class=\"tabs__attribute tabs__attribute--right\">2,5 \/ 5,0 Ah<\/span><\/li>\n<li class=\"tabs__contentListItem clr tabs__contentListItem--grey\"><span class=\"tabs__attribute tabs__attribute--left\">Dimensions\u00a0 : (L x l x H)<\/span> <span class=\"tabs__attribute tabs__attribute--right\">370 x 85 x 140 mm<\/span><\/li>\n<li class=\"tabs__contentListItem clr\"><span class=\"tabs__attribute tabs__attribute--left\">Poids sans batteries<\/span> <span class=\"tabs__attribute tabs__attribute--right\">2,1 kg<\/span><\/li>\n<\/ul>\n<\/div>","protected":false},"featured_media":4048,"comment_status":"open","ping_status":"closed","template":"","meta":[],"product_brand":[],"product_cat":[197,181],"product_tag":[],"class_list":{"0":"post-2806","1":"product","2":"type-product","3":"status-publish","4":"has-post-thumbnail","6":"product_cat-lustreuses","7":"product_cat-materiels","9":"first","10":"instock","11":"taxable","12":"shipping-taxable","13":"purchasable","14":"product-type-simple"},"_links":{"self":[{"href":"https:\/\/profma.ma\/en\/wp-json\/wp\/v2\/product\/2806","targetHints":{"allow":["GET"]}}],"collection":[{"href":"https:\/\/profma.ma\/en\/wp-json\/wp\/v2\/product"}],"about":[{"href":"https:\/\/profma.ma\/en\/wp-json\/wp\/v2\/types\/product"}],"replies":[{"embeddable":true,"href":"https:\/\/profma.ma\/en\/wp-json\/wp\/v2\/comments?post=2806"}],"wp:featuredmedia":[{"embeddable":true,"href":"https:\/\/profma.ma\/en\/wp-json\/wp\/v2\/media\/4048"}],"wp:attachment":[{"href":"https:\/\/profma.ma\/en\/wp-json\/wp\/v2\/media?parent=2806"}],"wp:term":[{"taxonomy":"product_brand","embeddable":true,"href":"https:\/\/profma.ma\/en\/wp-json\/wp\/v2\/product_brand?post=2806"},{"taxonomy":"product_cat","embeddable":true,"href":"https:\/\/profma.ma\/en\/wp-json\/wp\/v2\/product_cat?post=2806"},{"taxonomy":"product_tag","embeddable":true,"href":"https:\/\/profma.ma\/en\/wp-json\/wp\/v2\/product_tag?post=2806"}],"curies":[{"name":"wp","href":"https:\/\/api.w.org\/{rel}","templated":true}]}}