{"id":2798,"date":"2021-12-28T15:36:04","date_gmt":"2021-12-28T15:36:04","guid":{"rendered":"https:\/\/profma.ma\/?post_type=product&#038;p=2798"},"modified":"2024-06-06T22:30:42","modified_gmt":"2024-06-06T20:30:42","slug":"cyclone-super-turbo-az2000","status":"publish","type":"product","link":"https:\/\/profma.ma\/en\/product\/cyclone-super-turbo-az2000\/","title":{"rendered":"CYCLONE SUPER TURBO AZ2000"},"content":{"rendered":"<p>Le pistolet de nettoyage Super Turbo est tr\u00e8s puissant ! Sa capacit\u00e9 de 1000 \u00e0 8000 tours \/minutes pr\u00e9sente l\u2019avantage de pouvoir r\u00e9gler la puissance de rotation en fonction des surfaces \u00e0 nettoyer !<\/p>","protected":false},"excerpt":{"rendered":"<p>es Cyclones sont des pistolets de nettoyage professionnels qui fonctionnent \u00e0 l\u2019air comprim\u00e9. Ils sont simples d&rsquo;utilisation car il suffit de m\u00e9langer le produit de nettoyage avec de l&rsquo;eau puis de brancher l&rsquo;appareil sur un compresseur. Ils pulv\u00e9risent un brouillard d&rsquo;air avec ou sans produit de nettoyage. L&rsquo;air sortant est mis en rotation avec un \u00ab effet tornade \u00bb qui d\u00e9colle avec une force extr\u00eame les particules de salet\u00e9s tenaces sur les surfaces \u00e0 traiter.<\/p>\n<p><strong>Ils sont parfaits pour le nettoyage int\u00e9rieur de tous types de v\u00e9hicules<\/strong>\u00a0: conduits d&rsquo;a\u00e9ration et de ventilation, gaines de climatisation, moquettes et tapis de sol (textile et caoutchouc), tours de levier de vitesse, tableau de bord, tours des si\u00e8ges, rails des si\u00e8ges, ouverture du r\u00e9servoir, plaques de signalisation apr\u00e8s lavage du v\u00e9hicule, bo\u00eetes \u00e0 gants et vide-poches, glissi\u00e8res de porti\u00e8res, plaques d&rsquo;immatriculation, jantes, moteurs, etc.<\/p>\n<p><strong>Utilisateurs<\/strong>\u00a0: garages, t\u00f4leries-peintures, carrossiers, locations de voiture, taxis, camping-cars, transports de malades, ambulances, poids lourds et trucks&#8230;<\/p>\n<p><strong>Efficacit\u00e9 prouv\u00e9e<\/strong>\u00a0: poussi\u00e8re, traces de cirage, traces de doigts, t\u00e2ches diverses (alimentation, gasoil, sel &#8230;) sur b\u00e2ches ou sur carrosseries, salissures de chantiers, apr\u00e8s masticage ou pon\u00e7age.<\/p>\n<p><strong>Produits \u00e0 utiliser<\/strong>\u00a0: un nettoyant universel, un nettoyant pour tapis ou un d\u00e9graissant. PH neutre ou le plus neutre possible.<\/p>\n<p><strong>Les Cyclones de CAR TOOL sont authentiques<\/strong><em><strong>\u00a0:<\/strong><\/em><\/p>\n<ul>\n<li>Qualit\u00e9 garantie<\/li>\n<li>Grande fiabilit\u00e9 des syst\u00e8mes<\/li>\n<li>Produits certifi\u00e9s CE<\/li>\n<\/ul>\n<p><strong>Donn\u00e9es techniques :<\/strong><\/p>\n<ul>\n<li>C\u00f4ne plastique noir<\/li>\n<li>Effet \u00abTornade\u00bb tube aluminium \/ roulement \u00e0 bille<\/li>\n<li>Puissance de rotation : 1000 \u00e0 8000 tours \/ minute<\/li>\n<li>R\u00e9glage manuel de la puissance de rotation<\/li>\n<li>Contenance du r\u00e9servoir : 1 l<\/li>\n<li>S\u00e9lection \u00abbrouillard d&rsquo;air\u00bb ou \u00abbrouillard chimie\u00bb par vanne d&rsquo;arr\u00eat<\/li>\n<li>Consommation d&rsquo;air : 80 \u00e0 160 litres \/ minute \u00e0 6,2 bar<\/li>\n<li>Poids net : 0,9 Kg<\/li>\n<\/ul>","protected":false},"featured_media":3869,"comment_status":"open","ping_status":"closed","template":"","meta":[],"product_brand":[],"product_cat":[195,182],"product_tag":[],"class_list":{"0":"post-2798","1":"product","2":"type-product","3":"status-publish","4":"has-post-thumbnail","6":"product_cat-pulverisation","7":"product_cat-tornador-et-cyclone","9":"first","10":"instock","11":"taxable","12":"shipping-taxable","13":"purchasable","14":"product-type-simple"},"_links":{"self":[{"href":"https:\/\/profma.ma\/en\/wp-json\/wp\/v2\/product\/2798","targetHints":{"allow":["GET"]}}],"collection":[{"href":"https:\/\/profma.ma\/en\/wp-json\/wp\/v2\/product"}],"about":[{"href":"https:\/\/profma.ma\/en\/wp-json\/wp\/v2\/types\/product"}],"replies":[{"embeddable":true,"href":"https:\/\/profma.ma\/en\/wp-json\/wp\/v2\/comments?post=2798"}],"wp:featuredmedia":[{"embeddable":true,"href":"https:\/\/profma.ma\/en\/wp-json\/wp\/v2\/media\/3869"}],"wp:attachment":[{"href":"https:\/\/profma.ma\/en\/wp-json\/wp\/v2\/media?parent=2798"}],"wp:term":[{"taxonomy":"product_brand","embeddable":true,"href":"https:\/\/profma.ma\/en\/wp-json\/wp\/v2\/product_brand?post=2798"},{"taxonomy":"product_cat","embeddable":true,"href":"https:\/\/profma.ma\/en\/wp-json\/wp\/v2\/product_cat?post=2798"},{"taxonomy":"product_tag","embeddable":true,"href":"https:\/\/profma.ma\/en\/wp-json\/wp\/v2\/product_tag?post=2798"}],"curies":[{"name":"wp","href":"https:\/\/api.w.org\/{rel}","templated":true}]}}