{"id":2794,"date":"2021-12-28T09:16:30","date_gmt":"2021-12-28T09:16:30","guid":{"rendered":"https:\/\/profma.ma\/?post_type=product&#038;p=2794"},"modified":"2024-06-06T22:30:31","modified_gmt":"2024-06-06T20:30:31","slug":"cyclone-a-mousse-z011","status":"publish","type":"product","link":"https:\/\/profma.ma\/en\/product\/cyclone-a-mousse-z011\/","title":{"rendered":"CYCLONE \u00c0 MOUSSE Z011"},"content":{"rendered":"<p>Pistolet de nettoyage professionnel qui produit une mousse tr\u00e8s abondante pour un r\u00e9sultat de nettoyage automobile optimal !<\/p>","protected":false},"excerpt":{"rendered":"<p>Les Cyclones sont des pistolets de nettoyage professionnels qui fonctionnent \u00e0 l\u2019air comprim\u00e9. Ils sont\u00a0simples d\u2019utilisation\u00a0car il suffit de m\u00e9langer le produit de nettoyage avec de l\u2019eau puis de brancher l\u2019appareil sur un compresseur. Ils pulv\u00e9risent un brouillard d\u2019air avec ou sans produit de nettoyage. L\u2019air sortant est mis en rotation avec un \u00ab effet tornade \u00bb qui d\u00e9colle avec une force extr\u00eame les particules de salet\u00e9s tenaces sur les surfaces \u00e0 traiter.<\/p>\n<p>Le<strong> cyclone \u00e0 mousse<\/strong>\u00a0transforme n\u2019importe quel nettoyant\u00a0carrosserie ou produit de d\u00e9sinfection en mousse riche et onctueuse, pour ramollir la salet\u00e9 et la retirer plus facilement, avec ou sans contact. Ce pistolet permet d\u2019utiliser moins de produit de nettoyage et moins d\u2019eau.<\/p>\n<p>Il\u00a0est parfait pour le nettoyage ext\u00e9rieur des v\u00e9hicules : carrosseries, b\u00e2ches, etc.<\/p>\n<p><strong>Utilisateurs<\/strong>\u00a0: garages, t\u00f4leries-peintures, carrosseries, locations de voiture, taxis, camping-cars, ambulances, poids-Lourds et Trucks\u2026<\/p>\n<p><strong>Produits \u00e0 utiliser<\/strong>\u00a0: un nettoyant\u00a0carrosserie (corrosif \u00e0 d\u00e9conseiller).\u00a0PH neutre ou le plus neutre possible.<\/p>\n<p><strong>Les Cyclones de CAR TOOL sont authentiques :\u00a0<\/strong><\/p>\n<ul>\n<li>Qualit\u00e9 garantie<\/li>\n<li>Grande fiabilit\u00e9 des syst\u00e8mes<\/li>\n<li>Produits certifi\u00e9s CE<\/li>\n<\/ul>\n<p><strong>Donn\u00e9es techniques :<\/strong><\/p>\n<ul>\n<li>Consommation d\u2019air : 140 litres \/ minute \u00e0 6,2 bar<\/li>\n<li>Contenance du r\u00e9servoir\u00a0: 1 litre<\/li>\n<li>S\u00e9lection \u00abmousse\u00bb ou \u00abair\u00bb par vanne d\u2019arr\u00eat<\/li>\n<li>Vanne de r\u00e9glage d\u2019arriv\u00e9e d\u2019air int\u00e9gr\u00e9e<\/li>\n<li>Fourni avec 2 becs mousseur (petite et grande largeur)<\/li>\n<li>Poids net : 0,9\u00a0Kg<\/li>\n<\/ul>","protected":false},"featured_media":4002,"comment_status":"open","ping_status":"closed","template":"","meta":[],"product_brand":[],"product_cat":[195,182],"product_tag":[],"class_list":{"0":"post-2794","1":"product","2":"type-product","3":"status-publish","4":"has-post-thumbnail","6":"product_cat-pulverisation","7":"product_cat-tornador-et-cyclone","9":"first","10":"instock","11":"taxable","12":"shipping-taxable","13":"purchasable","14":"product-type-simple"},"_links":{"self":[{"href":"https:\/\/profma.ma\/en\/wp-json\/wp\/v2\/product\/2794","targetHints":{"allow":["GET"]}}],"collection":[{"href":"https:\/\/profma.ma\/en\/wp-json\/wp\/v2\/product"}],"about":[{"href":"https:\/\/profma.ma\/en\/wp-json\/wp\/v2\/types\/product"}],"replies":[{"embeddable":true,"href":"https:\/\/profma.ma\/en\/wp-json\/wp\/v2\/comments?post=2794"}],"wp:featuredmedia":[{"embeddable":true,"href":"https:\/\/profma.ma\/en\/wp-json\/wp\/v2\/media\/4002"}],"wp:attachment":[{"href":"https:\/\/profma.ma\/en\/wp-json\/wp\/v2\/media?parent=2794"}],"wp:term":[{"taxonomy":"product_brand","embeddable":true,"href":"https:\/\/profma.ma\/en\/wp-json\/wp\/v2\/product_brand?post=2794"},{"taxonomy":"product_cat","embeddable":true,"href":"https:\/\/profma.ma\/en\/wp-json\/wp\/v2\/product_cat?post=2794"},{"taxonomy":"product_tag","embeddable":true,"href":"https:\/\/profma.ma\/en\/wp-json\/wp\/v2\/product_tag?post=2794"}],"curies":[{"name":"wp","href":"https:\/\/api.w.org\/{rel}","templated":true}]}}