{"id":2776,"date":"2021-12-28T08:27:20","date_gmt":"2021-12-28T08:27:20","guid":{"rendered":"https:\/\/profma.ma\/?post_type=product&#038;p=2776"},"modified":"2024-06-06T22:30:17","modified_gmt":"2024-06-06T20:30:17","slug":"brosse-de-lavage-4-faces-souple","status":"publish","type":"product","link":"https:\/\/profma.ma\/en\/product\/brosse-de-lavage-4-faces-souple\/","title":{"rendered":"BROSSE DE LAVAGE 4 FACES SOUPLE"},"content":{"rendered":"<p>Brosse compos\u00e9e de 4 faces de fibres tr\u00e8s douces permettant un lavage efficace, id\u00e9ale pour nettoyer les surfaces avec angles et courbes !<\/p>","protected":false},"excerpt":{"rendered":"<p>4 faces de fibres ! Anti-rayures et anti-chocs gr\u00e2ce aux fibres sur les c\u00f4t\u00e9s.<\/p>\n<p>R\u00e9siste aux produits nettoyants. Les fibres sont fleur\u00e9es pour plus de douceur.<\/p>\n<p>Id\u00e9ale pour le nettoyage des voitures, v\u00e9hicules utilitaires, bateaux, caravanes, camping-car, etc.<\/p>\n<p>Peut \u00eatre utilis\u00e9e aussi bien sur les carrosseries que sur les vitres.<\/p>\n<p>S\u2019adapte sur les manches, avec ou sans passage d\u2019eau.<\/p>\n<p>Dimensions : 25 x 20 x 8 cm<\/p>\n<p>Coloris : bleu.<\/p>","protected":false},"featured_media":4064,"comment_status":"open","ping_status":"closed","template":"","meta":[],"product_brand":[],"product_cat":[186,192],"product_tag":[],"class_list":{"0":"post-2776","1":"product","2":"type-product","3":"status-publish","4":"has-post-thumbnail","6":"product_cat-brosse","7":"product_cat-brosseries","9":"first","10":"instock","11":"taxable","12":"shipping-taxable","13":"purchasable","14":"product-type-simple"},"_links":{"self":[{"href":"https:\/\/profma.ma\/en\/wp-json\/wp\/v2\/product\/2776","targetHints":{"allow":["GET"]}}],"collection":[{"href":"https:\/\/profma.ma\/en\/wp-json\/wp\/v2\/product"}],"about":[{"href":"https:\/\/profma.ma\/en\/wp-json\/wp\/v2\/types\/product"}],"replies":[{"embeddable":true,"href":"https:\/\/profma.ma\/en\/wp-json\/wp\/v2\/comments?post=2776"}],"wp:featuredmedia":[{"embeddable":true,"href":"https:\/\/profma.ma\/en\/wp-json\/wp\/v2\/media\/4064"}],"wp:attachment":[{"href":"https:\/\/profma.ma\/en\/wp-json\/wp\/v2\/media?parent=2776"}],"wp:term":[{"taxonomy":"product_brand","embeddable":true,"href":"https:\/\/profma.ma\/en\/wp-json\/wp\/v2\/product_brand?post=2776"},{"taxonomy":"product_cat","embeddable":true,"href":"https:\/\/profma.ma\/en\/wp-json\/wp\/v2\/product_cat?post=2776"},{"taxonomy":"product_tag","embeddable":true,"href":"https:\/\/profma.ma\/en\/wp-json\/wp\/v2\/product_tag?post=2776"}],"curies":[{"name":"wp","href":"https:\/\/api.w.org\/{rel}","templated":true}]}}