{"id":2774,"date":"2021-12-28T08:25:02","date_gmt":"2021-12-28T08:25:02","guid":{"rendered":"https:\/\/profma.ma\/?post_type=product&#038;p=2774"},"modified":"2024-06-06T22:29:57","modified_gmt":"2024-06-06T20:29:57","slug":"brosse-anti-poils-avec-poignee","status":"publish","type":"product","link":"https:\/\/profma.ma\/en\/product\/brosse-anti-poils-avec-poignee\/","title":{"rendered":"BROSSE ANTI POILS AVEC POIGN\u00c9E"},"content":{"rendered":"<p>Gr\u00e2ce \u00e0 ses picots en caoutchouc, cette brosse \u00e9limine efficacement les peluches, les poils d\u2019animaux, le sable sur toutes les surfaces !<\/p>","protected":false},"excerpt":{"rendered":"<div id=\"description\" class=\"tab-pane fade in active\">\n<div class=\"product-description\">\n<p>Cette brosse de qualit\u00e9 est id\u00e9ale pour nettoyer efficacement les si\u00e8ges de voitures, tapis, moquettes, tissus. Elle enl\u00e8ve sans efforts les poils d&rsquo;animaux, les cheveux, le sable, la poussi\u00e8re&#8230;m\u00eame incrust\u00e9s.<\/p>\n<p>Poign\u00e9e ergonomique pour une bonne prise en main.<\/p>\n<p>Picots doux en caoutchouc.<\/p>\n<p>Brosse r\u00e9sistante et durable. Entretien facile, \u00e0 rincer apr\u00e8s utilisation.<\/p>\n<p>Dimensions : 15 x 9 x 5 cm<\/p>\n<p>Coloris : rouge\/noir<\/p>\n<\/div>\n<\/div>","protected":false},"featured_media":3984,"comment_status":"open","ping_status":"closed","template":"","meta":[],"product_brand":[],"product_cat":[186,192],"product_tag":[],"class_list":{"0":"post-2774","1":"product","2":"type-product","3":"status-publish","4":"has-post-thumbnail","6":"product_cat-brosse","7":"product_cat-brosseries","9":"first","10":"instock","11":"taxable","12":"shipping-taxable","13":"purchasable","14":"product-type-simple"},"_links":{"self":[{"href":"https:\/\/profma.ma\/en\/wp-json\/wp\/v2\/product\/2774","targetHints":{"allow":["GET"]}}],"collection":[{"href":"https:\/\/profma.ma\/en\/wp-json\/wp\/v2\/product"}],"about":[{"href":"https:\/\/profma.ma\/en\/wp-json\/wp\/v2\/types\/product"}],"replies":[{"embeddable":true,"href":"https:\/\/profma.ma\/en\/wp-json\/wp\/v2\/comments?post=2774"}],"wp:featuredmedia":[{"embeddable":true,"href":"https:\/\/profma.ma\/en\/wp-json\/wp\/v2\/media\/3984"}],"wp:attachment":[{"href":"https:\/\/profma.ma\/en\/wp-json\/wp\/v2\/media?parent=2774"}],"wp:term":[{"taxonomy":"product_brand","embeddable":true,"href":"https:\/\/profma.ma\/en\/wp-json\/wp\/v2\/product_brand?post=2774"},{"taxonomy":"product_cat","embeddable":true,"href":"https:\/\/profma.ma\/en\/wp-json\/wp\/v2\/product_cat?post=2774"},{"taxonomy":"product_tag","embeddable":true,"href":"https:\/\/profma.ma\/en\/wp-json\/wp\/v2\/product_tag?post=2774"}],"curies":[{"name":"wp","href":"https:\/\/api.w.org\/{rel}","templated":true}]}}