{"id":2771,"date":"2021-12-28T08:16:23","date_gmt":"2021-12-28T08:16:23","guid":{"rendered":"https:\/\/profma.ma\/?post_type=product&#038;p=2771"},"modified":"2024-06-06T22:29:17","modified_gmt":"2024-06-06T20:29:17","slug":"brosse-de-lavage-3-faces-souple","status":"publish","type":"product","link":"https:\/\/profma.ma\/en\/product\/brosse-de-lavage-3-faces-souple\/","title":{"rendered":"PINCEAU BROSSE POUR TABLEAU DE BORD"},"content":{"rendered":"<div class=\"tabs\">\n<div id=\"tab-content\" class=\"tab-content\">\n<div id=\"description\" class=\"tab-pane fade in active\" role=\"tabpanel\">\n<div class=\"product-description\">\n<p>Brosse de lavage professionnelle douce, aux fibres fleur\u00e9es. R\u00e9sistante aux produits nettoyants. Ne raye pas les carrosseries.<\/p>\n<p>Id\u00e9ale pour le nettoyage des voitures, v\u00e9hicules utilitaires, bateaux, caravanes, camping-car, etc.<\/p>\n<p>Peut \u00eatre utilis\u00e9e aussi bien sur les carrosseries que sur les vitres.<\/p>\n<p>Les bords en caoutchouc autour de la brosse sont pr\u00e9vus pour compenser les chocs et \u00e9viter les rayures sur les surfaces nettoy\u00e9es.<\/p>\n<p>S\u2019adapte sur les manches, avec ou sans\u00a0passage d\u2019eau.<\/p>\n<p>Dimensions : 26 x 8 x 9cm<\/p>\n<p>Couleur : bleu<\/p>\n<\/div>\n<\/div>\n<\/div>\n<\/div>","protected":false},"excerpt":{"rendered":"<div id=\"product-description-short-24\" class=\"product_desc\">\n<p>Cette brosse 3 faces est parfaite pour le\u00a0lavage des carrosseries sans les rayer !<\/p>\n<\/div>\n<div class=\"product-actions\">\n<div class=\"product-variants allow_oosp_0\"><\/div>\n<div class=\"product-prices\">\n<div class=\"product-price h5\"><\/div>\n<\/div>\n<\/div>","protected":false},"featured_media":3951,"comment_status":"open","ping_status":"closed","template":"","meta":[],"product_brand":[],"product_cat":[186,192],"product_tag":[],"class_list":{"0":"post-2771","1":"product","2":"type-product","3":"status-publish","4":"has-post-thumbnail","6":"product_cat-brosse","7":"product_cat-brosseries","9":"first","10":"instock","11":"taxable","12":"shipping-taxable","13":"purchasable","14":"product-type-simple"},"_links":{"self":[{"href":"https:\/\/profma.ma\/en\/wp-json\/wp\/v2\/product\/2771","targetHints":{"allow":["GET"]}}],"collection":[{"href":"https:\/\/profma.ma\/en\/wp-json\/wp\/v2\/product"}],"about":[{"href":"https:\/\/profma.ma\/en\/wp-json\/wp\/v2\/types\/product"}],"replies":[{"embeddable":true,"href":"https:\/\/profma.ma\/en\/wp-json\/wp\/v2\/comments?post=2771"}],"wp:featuredmedia":[{"embeddable":true,"href":"https:\/\/profma.ma\/en\/wp-json\/wp\/v2\/media\/3951"}],"wp:attachment":[{"href":"https:\/\/profma.ma\/en\/wp-json\/wp\/v2\/media?parent=2771"}],"wp:term":[{"taxonomy":"product_brand","embeddable":true,"href":"https:\/\/profma.ma\/en\/wp-json\/wp\/v2\/product_brand?post=2771"},{"taxonomy":"product_cat","embeddable":true,"href":"https:\/\/profma.ma\/en\/wp-json\/wp\/v2\/product_cat?post=2771"},{"taxonomy":"product_tag","embeddable":true,"href":"https:\/\/profma.ma\/en\/wp-json\/wp\/v2\/product_tag?post=2771"}],"curies":[{"name":"wp","href":"https:\/\/api.w.org\/{rel}","templated":true}]}}