{"id":2761,"date":"2021-12-27T17:08:24","date_gmt":"2021-12-27T17:08:24","guid":{"rendered":"https:\/\/profma.ma\/?post_type=product&#038;p=2761"},"modified":"2024-06-06T22:28:18","modified_gmt":"2024-06-06T20:28:18","slug":"brosse-avec-poignee","status":"publish","type":"product","link":"https:\/\/profma.ma\/en\/product\/brosse-avec-poignee\/","title":{"rendered":"BROSSE AVEC POIGN\u00c9E"},"content":{"rendered":"<div class=\"tabs\">\n<div id=\"tab-content\" class=\"tab-content\">\n<div id=\"description\" class=\"tab-pane fade in active\" role=\"tabpanel\">\n<div class=\"product-description\">\n<p>Id\u00e9ale \u00e9galement pour le d\u00e9poussi\u00e9rage des surfaces et le nettoyage des tapis et moquettes.<\/p>\n<p>Bien nettoyer la brosse apr\u00e8s utilisation.<\/p>\n<p>Poils mi-durs.<\/p>\n<p>Poign\u00e9e ergonomique facilitant la prise en main.<\/p>\n<p>Contour caoutchouc antichocs.<\/p>\n<p>Dimensions : 19 x 9 x 10 cm.<\/p>\n<p>Coloris : bleu ou gris selon arrivage<\/p>\n<p>&nbsp;<\/p>\n<\/div>\n<\/div>\n<\/div>\n<\/div>","protected":false},"excerpt":{"rendered":"<div id=\"product-description-short-324\" class=\"product_desc\">\n<p>Brosse avec poign\u00e9e sp\u00e9cialement \u00e9tudi\u00e9e pour le nettoyage des tapis et moquettes.<\/p>\n<\/div>\n<div class=\"product-actions\">\n<div class=\"product-variants allow_oosp_0\"><\/div>\n<div class=\"product-prices\">\n<div class=\"product-price h5\"><\/div>\n<\/div>\n<\/div>","protected":false},"featured_media":3945,"comment_status":"open","ping_status":"closed","template":"","meta":[],"product_brand":[],"product_cat":[186,192],"product_tag":[],"class_list":{"0":"post-2761","1":"product","2":"type-product","3":"status-publish","4":"has-post-thumbnail","6":"product_cat-brosse","7":"product_cat-brosseries","9":"first","10":"instock","11":"taxable","12":"shipping-taxable","13":"purchasable","14":"product-type-simple"},"_links":{"self":[{"href":"https:\/\/profma.ma\/en\/wp-json\/wp\/v2\/product\/2761","targetHints":{"allow":["GET"]}}],"collection":[{"href":"https:\/\/profma.ma\/en\/wp-json\/wp\/v2\/product"}],"about":[{"href":"https:\/\/profma.ma\/en\/wp-json\/wp\/v2\/types\/product"}],"replies":[{"embeddable":true,"href":"https:\/\/profma.ma\/en\/wp-json\/wp\/v2\/comments?post=2761"}],"wp:featuredmedia":[{"embeddable":true,"href":"https:\/\/profma.ma\/en\/wp-json\/wp\/v2\/media\/3945"}],"wp:attachment":[{"href":"https:\/\/profma.ma\/en\/wp-json\/wp\/v2\/media?parent=2761"}],"wp:term":[{"taxonomy":"product_brand","embeddable":true,"href":"https:\/\/profma.ma\/en\/wp-json\/wp\/v2\/product_brand?post=2761"},{"taxonomy":"product_cat","embeddable":true,"href":"https:\/\/profma.ma\/en\/wp-json\/wp\/v2\/product_cat?post=2761"},{"taxonomy":"product_tag","embeddable":true,"href":"https:\/\/profma.ma\/en\/wp-json\/wp\/v2\/product_tag?post=2761"}],"curies":[{"name":"wp","href":"https:\/\/api.w.org\/{rel}","templated":true}]}}