{"id":2752,"date":"2021-12-27T16:45:53","date_gmt":"2021-12-27T16:45:53","guid":{"rendered":"https:\/\/profma.ma\/?post_type=product&#038;p=2752"},"modified":"2024-06-06T22:28:06","modified_gmt":"2024-06-06T20:28:06","slug":"brosse-de-lavage-avec-manche-court","status":"publish","type":"product","link":"https:\/\/profma.ma\/en\/product\/brosse-de-lavage-avec-manche-court\/","title":{"rendered":"BROSSE DE LAVAGE AVEC MANCHE COURT"},"content":{"rendered":"<p>Tr\u00e8s douce et s\u00fbre pour toutes les surfaces !<\/p>\n<p>Adapt\u00e9e pour le lavage de tous types de jantes, des garde boues&#8230;<\/p>\n<ul>\n<li>Fibres fleur\u00e9es<\/li>\n<li>20 000 fibres, pour une tr\u00e8s grande long\u00e9vit\u00e9<\/li>\n<li>Bonne r\u00e9sistance aux produits chimiques<\/li>\n<li>Poign\u00e9e courte, bonne prise en main<\/li>\n<li>Dimensions : 22 x 11 x 7 cm<\/li>\n<li>Longueur des poils : 5 cm<\/li>\n<\/ul>","protected":false},"excerpt":{"rendered":"<div id=\"product-description-short-167\" class=\"product_desc\">\n<p>Brosse professionnelle tr\u00e8s douce pour le lavage automobile.<\/p>\n<\/div>\n<div class=\"product-actions\">\n<div class=\"product-variants allow_oosp_0\"><\/div>\n<div class=\"product-prices\">\n<div class=\"product-price h5\"><\/div>\n<\/div>\n<\/div>","protected":false},"featured_media":4066,"comment_status":"open","ping_status":"closed","template":"","meta":[],"product_brand":[],"product_cat":[186,192],"product_tag":[],"class_list":{"0":"post-2752","1":"product","2":"type-product","3":"status-publish","4":"has-post-thumbnail","6":"product_cat-brosse","7":"product_cat-brosseries","9":"first","10":"instock","11":"taxable","12":"shipping-taxable","13":"purchasable","14":"product-type-simple"},"_links":{"self":[{"href":"https:\/\/profma.ma\/en\/wp-json\/wp\/v2\/product\/2752","targetHints":{"allow":["GET"]}}],"collection":[{"href":"https:\/\/profma.ma\/en\/wp-json\/wp\/v2\/product"}],"about":[{"href":"https:\/\/profma.ma\/en\/wp-json\/wp\/v2\/types\/product"}],"replies":[{"embeddable":true,"href":"https:\/\/profma.ma\/en\/wp-json\/wp\/v2\/comments?post=2752"}],"wp:featuredmedia":[{"embeddable":true,"href":"https:\/\/profma.ma\/en\/wp-json\/wp\/v2\/media\/4066"}],"wp:attachment":[{"href":"https:\/\/profma.ma\/en\/wp-json\/wp\/v2\/media?parent=2752"}],"wp:term":[{"taxonomy":"product_brand","embeddable":true,"href":"https:\/\/profma.ma\/en\/wp-json\/wp\/v2\/product_brand?post=2752"},{"taxonomy":"product_cat","embeddable":true,"href":"https:\/\/profma.ma\/en\/wp-json\/wp\/v2\/product_cat?post=2752"},{"taxonomy":"product_tag","embeddable":true,"href":"https:\/\/profma.ma\/en\/wp-json\/wp\/v2\/product_tag?post=2752"}],"curies":[{"name":"wp","href":"https:\/\/api.w.org\/{rel}","templated":true}]}}