{"id":2724,"date":"2021-12-24T16:11:29","date_gmt":"2021-12-24T16:11:29","guid":{"rendered":"https:\/\/profma.ma\/?post_type=product&#038;p=2724"},"modified":"2024-07-31T19:30:26","modified_gmt":"2024-07-31T17:30:26","slug":"koch-chemie-plastiklack-schwartz-peinture-couvrante-noire-400-ml","status":"publish","type":"product","link":"https:\/\/profma.ma\/en\/product\/koch-chemie-plastiklack-schwartz-peinture-couvrante-noire-400-ml\/","title":{"rendered":"KOCH CHEMIE \u00ab\u00a0PLASTIKLACK SCHWARTZ\u00a0\u00bb &#8211; PEINTURE COUVRANTE NOIRE 400 ML"},"content":{"rendered":"<p>Peinture en spray formul\u00e9e pour les finitions des spoilers, pare-chocs, r\u00e9troviseurs, garde-boue, tapis et autres \u00e9l\u00e9ments en plastiques et caoutchoucs. Finition NOIR mat.<\/p>","protected":false},"excerpt":{"rendered":"<p><em><strong>Caract\u00e9ristiques :<\/strong><\/em><\/p>\n<ul>\n<li>peinture en a\u00e9rosol, facile d\u2019utilisation<\/li>\n<li>fort pouvoir couvrant<\/li>\n<li>excellente adh\u00e9rence<\/li>\n<li>s\u00e9chage rapide<\/li>\n<li>apporte une protection contre les facteurs environnementaux \u00e0 long terme<\/li>\n<\/ul>\n<p>Contenance : 400ml.<\/p>\n<p>&nbsp;<\/p>\n<p><strong><em>PRODUIT R\u00c9SERV\u00c9 A UN USAGE PROFESSIONNEL.<\/em><\/strong><\/p>\n<p>Danger<\/p>\n<ul>\n<li>H319. Provoque une s\u00e9v\u00e8re irritation des yeux.<\/li>\n<li>H336 : Peut provoquer somnolence ou vertiges<\/li>\n<li>H222 :\u00a0A\u00e9rosol extr\u00eamement\u00a0inflammable.<\/li>\n<li>H229. R\u00e9cipient sous pression : peut \u00e9clater sous l&rsquo;effet de la chaleur.<\/li>\n<li>UN 1950 A\u00e9rosols<\/li>\n<\/ul>","protected":false},"featured_media":4049,"comment_status":"open","ping_status":"closed","template":"","meta":[],"product_brand":[],"product_cat":[231,188],"product_tag":[],"class_list":{"0":"post-2724","1":"product","2":"type-product","3":"status-publish","4":"has-post-thumbnail","6":"product_cat-koch-chemie","7":"product_cat-produits-ateliers","9":"first","10":"instock","11":"taxable","12":"shipping-taxable","13":"purchasable","14":"product-type-simple"},"_links":{"self":[{"href":"https:\/\/profma.ma\/en\/wp-json\/wp\/v2\/product\/2724","targetHints":{"allow":["GET"]}}],"collection":[{"href":"https:\/\/profma.ma\/en\/wp-json\/wp\/v2\/product"}],"about":[{"href":"https:\/\/profma.ma\/en\/wp-json\/wp\/v2\/types\/product"}],"replies":[{"embeddable":true,"href":"https:\/\/profma.ma\/en\/wp-json\/wp\/v2\/comments?post=2724"}],"wp:featuredmedia":[{"embeddable":true,"href":"https:\/\/profma.ma\/en\/wp-json\/wp\/v2\/media\/4049"}],"wp:attachment":[{"href":"https:\/\/profma.ma\/en\/wp-json\/wp\/v2\/media?parent=2724"}],"wp:term":[{"taxonomy":"product_brand","embeddable":true,"href":"https:\/\/profma.ma\/en\/wp-json\/wp\/v2\/product_brand?post=2724"},{"taxonomy":"product_cat","embeddable":true,"href":"https:\/\/profma.ma\/en\/wp-json\/wp\/v2\/product_cat?post=2724"},{"taxonomy":"product_tag","embeddable":true,"href":"https:\/\/profma.ma\/en\/wp-json\/wp\/v2\/product_tag?post=2724"}],"curies":[{"name":"wp","href":"https:\/\/api.w.org\/{rel}","templated":true}]}}