{"id":2717,"date":"2021-12-24T11:18:24","date_gmt":"2021-12-24T11:18:24","guid":{"rendered":"https:\/\/profma.ma\/?post_type=product&#038;p=2717"},"modified":"2024-06-06T22:27:23","modified_gmt":"2024-06-06T20:27:23","slug":"pinceau-de-nettoyage","status":"publish","type":"product","link":"https:\/\/profma.ma\/en\/product\/pinceau-de-nettoyage\/","title":{"rendered":"PINCEAU DE NETTOYAGE"},"content":{"rendered":"<p>Pinceau en poils naturels avec manche en bois, id\u00e9al pour le nettoyage des tableaux de bord, grilles d\u2019a\u00e9ration\u2026<\/p>","protected":false},"excerpt":{"rendered":"<div id=\"description\" class=\"tab-pane fade in active\">\n<div class=\"product-description\">\n<p>\u00c9limine la poussi\u00e8re et les salet\u00e9s dans les endroits les plus inaccessibles.<\/p>\n<p>2 Dimensions :<\/p>\n<ul>\n<li>22.5 x 3cm<\/li>\n<li>24.5 x 4cm<\/li>\n<\/ul>\n<p>Manche en bois avec trou de suspension.<\/p>\n<\/div>\n<\/div>","protected":false},"featured_media":4001,"comment_status":"open","ping_status":"closed","template":"","meta":[],"product_brand":[],"product_cat":[176,186],"product_tag":[],"class_list":{"0":"post-2717","1":"product","2":"type-product","3":"status-publish","4":"has-post-thumbnail","6":"product_cat-accessoires","7":"product_cat-brosse","9":"first","10":"instock","11":"taxable","12":"shipping-taxable","13":"product-type-simple"},"_links":{"self":[{"href":"https:\/\/profma.ma\/en\/wp-json\/wp\/v2\/product\/2717","targetHints":{"allow":["GET"]}}],"collection":[{"href":"https:\/\/profma.ma\/en\/wp-json\/wp\/v2\/product"}],"about":[{"href":"https:\/\/profma.ma\/en\/wp-json\/wp\/v2\/types\/product"}],"replies":[{"embeddable":true,"href":"https:\/\/profma.ma\/en\/wp-json\/wp\/v2\/comments?post=2717"}],"wp:featuredmedia":[{"embeddable":true,"href":"https:\/\/profma.ma\/en\/wp-json\/wp\/v2\/media\/4001"}],"wp:attachment":[{"href":"https:\/\/profma.ma\/en\/wp-json\/wp\/v2\/media?parent=2717"}],"wp:term":[{"taxonomy":"product_brand","embeddable":true,"href":"https:\/\/profma.ma\/en\/wp-json\/wp\/v2\/product_brand?post=2717"},{"taxonomy":"product_cat","embeddable":true,"href":"https:\/\/profma.ma\/en\/wp-json\/wp\/v2\/product_cat?post=2717"},{"taxonomy":"product_tag","embeddable":true,"href":"https:\/\/profma.ma\/en\/wp-json\/wp\/v2\/product_tag?post=2717"}],"curies":[{"name":"wp","href":"https:\/\/api.w.org\/{rel}","templated":true}]}}