{"id":2682,"date":"2021-12-23T16:09:26","date_gmt":"2021-12-23T16:09:26","guid":{"rendered":"https:\/\/profma.ma\/?post_type=product&#038;p=2682"},"modified":"2024-06-06T22:26:54","modified_gmt":"2024-06-06T20:26:54","slug":"disque-de-polissage-en-laine","status":"publish","type":"product","link":"https:\/\/profma.ma\/en\/product\/disque-de-polissage-en-laine\/","title":{"rendered":"DISQUE DE POLISSAGE EN LAINE"},"content":{"rendered":"<p>Disque en laine de mouton naturelle pour polir et faire briller les peintures.<br \/>\nHaute qualit\u00e9, longue dur\u00e9e de vie, ne peluche pas.<\/p>","protected":false},"excerpt":{"rendered":"<div id=\"description\" class=\"tab-pane fade in active\">\n<div class=\"product-description\">\n<p>Le disque de polissage en laine est le plus abrasif et est donc parfaitement adapt\u00e9 pour \u00e9liminer les effets de l&rsquo;alt\u00e9ration s\u00e9v\u00e8re, les rayures profondes et les traces de pon\u00e7age.<\/p>\n<p>S&rsquo;utilise avec des p\u00e2tes de pon\u00e7age mi-dures et dures.<\/p>\n<p><strong>Caract\u00e9ristiques :\u00a0<\/strong><\/p>\n<ul>\n<li>Diam\u00e8tre : 150 mm<\/li>\n<li>Epaisseur : 10 mm<\/li>\n<li>Niveau de duret\u00e9 : 9 (tr\u00e8s abrasif)<\/li>\n<li>Syst\u00e8me\u00a0auto-agrippant velcro.<\/li>\n<\/ul>\n<\/div>\n<\/div>","protected":false},"featured_media":3999,"comment_status":"open","ping_status":"closed","template":"","meta":[],"product_brand":[],"product_cat":[176],"product_tag":[],"class_list":{"0":"post-2682","1":"product","2":"type-product","3":"status-publish","4":"has-post-thumbnail","6":"product_cat-accessoires","8":"first","9":"instock","10":"taxable","11":"shipping-taxable","12":"purchasable","13":"product-type-simple"},"_links":{"self":[{"href":"https:\/\/profma.ma\/en\/wp-json\/wp\/v2\/product\/2682","targetHints":{"allow":["GET"]}}],"collection":[{"href":"https:\/\/profma.ma\/en\/wp-json\/wp\/v2\/product"}],"about":[{"href":"https:\/\/profma.ma\/en\/wp-json\/wp\/v2\/types\/product"}],"replies":[{"embeddable":true,"href":"https:\/\/profma.ma\/en\/wp-json\/wp\/v2\/comments?post=2682"}],"wp:featuredmedia":[{"embeddable":true,"href":"https:\/\/profma.ma\/en\/wp-json\/wp\/v2\/media\/3999"}],"wp:attachment":[{"href":"https:\/\/profma.ma\/en\/wp-json\/wp\/v2\/media?parent=2682"}],"wp:term":[{"taxonomy":"product_brand","embeddable":true,"href":"https:\/\/profma.ma\/en\/wp-json\/wp\/v2\/product_brand?post=2682"},{"taxonomy":"product_cat","embeddable":true,"href":"https:\/\/profma.ma\/en\/wp-json\/wp\/v2\/product_cat?post=2682"},{"taxonomy":"product_tag","embeddable":true,"href":"https:\/\/profma.ma\/en\/wp-json\/wp\/v2\/product_tag?post=2682"}],"curies":[{"name":"wp","href":"https:\/\/api.w.org\/{rel}","templated":true}]}}