{"id":2677,"date":"2021-12-23T15:52:43","date_gmt":"2021-12-23T15:52:43","guid":{"rendered":"https:\/\/profma.ma\/?post_type=product&#038;p=2677"},"modified":"2024-06-06T22:26:44","modified_gmt":"2024-06-06T20:26:44","slug":"entonnoir-pvc","status":"publish","type":"product","link":"https:\/\/profma.ma\/en\/product\/entonnoir-pvc\/","title":{"rendered":"ENTONNOIR PVC"},"content":{"rendered":"<p>C\u00f4ne entonnoir en PVC blanc pour Cyclone Classic ou Tornador.<\/p>","protected":false},"excerpt":{"rendered":"<div id=\"description\" class=\"tab-pane fade in active\">\n<div class=\"product-description\">\n<p>Pi\u00e8ce de rechange pour Cyclone classic ou tornador Z010.<\/p>\n<p>Montage simple gr\u00e2ce \u00e0 un raccord viss\u00e9.<\/p>\n<p>Coloris : blanc<\/p>\n<p>Longueur : 12,5 cm<\/p>\n<p>Existe aussi en mod\u00e8les renforc\u00e9 ou avec brosse.<\/p>\n<\/div>\n<\/div>","protected":false},"featured_media":3911,"comment_status":"open","ping_status":"closed","template":"","meta":[],"product_brand":[],"product_cat":[176],"product_tag":[],"class_list":{"0":"post-2677","1":"product","2":"type-product","3":"status-publish","4":"has-post-thumbnail","6":"product_cat-accessoires","8":"first","9":"instock","10":"taxable","11":"shipping-taxable","12":"purchasable","13":"product-type-simple"},"_links":{"self":[{"href":"https:\/\/profma.ma\/en\/wp-json\/wp\/v2\/product\/2677","targetHints":{"allow":["GET"]}}],"collection":[{"href":"https:\/\/profma.ma\/en\/wp-json\/wp\/v2\/product"}],"about":[{"href":"https:\/\/profma.ma\/en\/wp-json\/wp\/v2\/types\/product"}],"replies":[{"embeddable":true,"href":"https:\/\/profma.ma\/en\/wp-json\/wp\/v2\/comments?post=2677"}],"wp:featuredmedia":[{"embeddable":true,"href":"https:\/\/profma.ma\/en\/wp-json\/wp\/v2\/media\/3911"}],"wp:attachment":[{"href":"https:\/\/profma.ma\/en\/wp-json\/wp\/v2\/media?parent=2677"}],"wp:term":[{"taxonomy":"product_brand","embeddable":true,"href":"https:\/\/profma.ma\/en\/wp-json\/wp\/v2\/product_brand?post=2677"},{"taxonomy":"product_cat","embeddable":true,"href":"https:\/\/profma.ma\/en\/wp-json\/wp\/v2\/product_cat?post=2677"},{"taxonomy":"product_tag","embeddable":true,"href":"https:\/\/profma.ma\/en\/wp-json\/wp\/v2\/product_tag?post=2677"}],"curies":[{"name":"wp","href":"https:\/\/api.w.org\/{rel}","templated":true}]}}