{"id":2666,"date":"2021-12-23T15:34:28","date_gmt":"2021-12-23T15:34:28","guid":{"rendered":"https:\/\/profma.ma\/?post_type=product&#038;p=2666"},"modified":"2024-06-06T22:26:09","modified_gmt":"2024-06-06T20:26:09","slug":"disque-de-lustrage-conique","status":"publish","type":"product","link":"https:\/\/profma.ma\/en\/product\/disque-de-lustrage-conique\/","title":{"rendered":"DISQUE DE LUSTRAGE C\u00d4NIQUE"},"content":{"rendered":"<p>Disque \u00e9ponge en forme de c\u00f4ne pour nettoyer et lustrer facilement les roues, garde-boue, pare-chocs et autres endroits difficiles d&rsquo;acc\u00e8s !<\/p>","protected":false},"excerpt":{"rendered":"<div id=\"description\" class=\"tab-pane fade in active\">\n<div class=\"product-description\">\n<p>S&rsquo;adapte \u00e0 toutes les visseuses et perceuses.<\/p>\n<p>Domaines d&rsquo;applications : autos, motos, bateaux&#8230;<\/p>\n<p>Longue dur\u00e9e de vie, peut \u00eatre utilis\u00e9 \u00e0 plusieurs fois apr\u00e8s le nettoyage.<\/p>\n<p><strong>Caract\u00e9ristiques :<\/strong><\/p>\n<ul>\n<li>Mat\u00e9riau : mousse et tige en acier<\/li>\n<li>Duret\u00e9 \u00e9ponge : moyenne<\/li>\n<li>Coloris orange<\/li>\n<\/ul>\n<\/div>\n<\/div>","protected":false},"featured_media":4000,"comment_status":"open","ping_status":"closed","template":"","meta":[],"product_brand":[],"product_cat":[176],"product_tag":[],"class_list":{"0":"post-2666","1":"product","2":"type-product","3":"status-publish","4":"has-post-thumbnail","6":"product_cat-accessoires","8":"first","9":"instock","10":"taxable","11":"shipping-taxable","12":"purchasable","13":"product-type-simple"},"_links":{"self":[{"href":"https:\/\/profma.ma\/en\/wp-json\/wp\/v2\/product\/2666","targetHints":{"allow":["GET"]}}],"collection":[{"href":"https:\/\/profma.ma\/en\/wp-json\/wp\/v2\/product"}],"about":[{"href":"https:\/\/profma.ma\/en\/wp-json\/wp\/v2\/types\/product"}],"replies":[{"embeddable":true,"href":"https:\/\/profma.ma\/en\/wp-json\/wp\/v2\/comments?post=2666"}],"wp:featuredmedia":[{"embeddable":true,"href":"https:\/\/profma.ma\/en\/wp-json\/wp\/v2\/media\/4000"}],"wp:attachment":[{"href":"https:\/\/profma.ma\/en\/wp-json\/wp\/v2\/media?parent=2666"}],"wp:term":[{"taxonomy":"product_brand","embeddable":true,"href":"https:\/\/profma.ma\/en\/wp-json\/wp\/v2\/product_brand?post=2666"},{"taxonomy":"product_cat","embeddable":true,"href":"https:\/\/profma.ma\/en\/wp-json\/wp\/v2\/product_cat?post=2666"},{"taxonomy":"product_tag","embeddable":true,"href":"https:\/\/profma.ma\/en\/wp-json\/wp\/v2\/product_tag?post=2666"}],"curies":[{"name":"wp","href":"https:\/\/api.w.org\/{rel}","templated":true}]}}