{"id":2661,"date":"2021-12-23T15:04:31","date_gmt":"2021-12-23T15:04:31","guid":{"rendered":"https:\/\/profma.ma\/?post_type=product&#038;p=2661"},"modified":"2024-06-06T22:25:57","modified_gmt":"2024-06-06T20:25:57","slug":"eponge-applicateur-pneus","status":"publish","type":"product","link":"https:\/\/profma.ma\/en\/product\/eponge-applicateur-pneus\/","title":{"rendered":"EPONGE APPLICATEUR PNEUS"},"content":{"rendered":"<p>Un \u00e9ponge double face :<\/p>\n<p>&#8211; cot\u00e9 noir incurv\u00e9 pour appliquer le produit r\u00e9novateur sur les pneus<\/p>\n<p>&#8211; c\u00f4t\u00e9 jaune pour nettoyer les roues<\/p>\n<p>Prise en main facile.<\/p>\n<p>&nbsp;<\/p>\n<p>Coloris : noir\/jaune<\/p>\n<p>Dimension: 9.5cm x 6.8cm x 4cm<\/p>\n<p>&nbsp;<\/p>","protected":false},"excerpt":{"rendered":"<div id=\"product-description-short-388\" class=\"product_desc\">\n<p>\u00c9ponge en forme de U sp\u00e9cialement con\u00e7ue pour le nettoyage des pneus.<\/p>\n<\/div>\n<div class=\"product-actions\">\n<div class=\"product-variants allow_oosp_0\">\n<div class=\"clearfix product-variants-item\"><\/div>\n<\/div>\n<\/div>","protected":false},"featured_media":3860,"comment_status":"open","ping_status":"closed","template":"","meta":[],"product_brand":[],"product_cat":[180,178],"product_tag":[],"class_list":{"0":"post-2661","1":"product","2":"type-product","3":"status-publish","4":"has-post-thumbnail","6":"product_cat-eponge","7":"product_cat-essuyage-et-lustrage","9":"first","10":"instock","11":"taxable","12":"shipping-taxable","13":"purchasable","14":"product-type-simple"},"_links":{"self":[{"href":"https:\/\/profma.ma\/en\/wp-json\/wp\/v2\/product\/2661","targetHints":{"allow":["GET"]}}],"collection":[{"href":"https:\/\/profma.ma\/en\/wp-json\/wp\/v2\/product"}],"about":[{"href":"https:\/\/profma.ma\/en\/wp-json\/wp\/v2\/types\/product"}],"replies":[{"embeddable":true,"href":"https:\/\/profma.ma\/en\/wp-json\/wp\/v2\/comments?post=2661"}],"wp:featuredmedia":[{"embeddable":true,"href":"https:\/\/profma.ma\/en\/wp-json\/wp\/v2\/media\/3860"}],"wp:attachment":[{"href":"https:\/\/profma.ma\/en\/wp-json\/wp\/v2\/media?parent=2661"}],"wp:term":[{"taxonomy":"product_brand","embeddable":true,"href":"https:\/\/profma.ma\/en\/wp-json\/wp\/v2\/product_brand?post=2661"},{"taxonomy":"product_cat","embeddable":true,"href":"https:\/\/profma.ma\/en\/wp-json\/wp\/v2\/product_cat?post=2661"},{"taxonomy":"product_tag","embeddable":true,"href":"https:\/\/profma.ma\/en\/wp-json\/wp\/v2\/product_tag?post=2661"}],"curies":[{"name":"wp","href":"https:\/\/api.w.org\/{rel}","templated":true}]}}