{"id":2653,"date":"2021-12-23T14:39:54","date_gmt":"2021-12-23T14:39:54","guid":{"rendered":"https:\/\/profma.ma\/?post_type=product&#038;p=2653"},"modified":"2024-06-06T22:25:48","modified_gmt":"2024-06-06T20:25:48","slug":"eponges-magiques-anti-taches","status":"publish","type":"product","link":"https:\/\/profma.ma\/en\/product\/eponges-magiques-anti-taches\/","title":{"rendered":"\u00c9PONGES MAGIQUES ANTI-T\u00c2CHES"},"content":{"rendered":"<p>Enl\u00e8ve sans peine toutes les t\u00e2ches !<\/p>\n<p>Cette \u00e9ponge convient parfaitement pour nettoyer l&rsquo;int\u00e9rieur\u00a0et l&rsquo;ext\u00e9rieur de votre voiture,\u00a0maison,\u00a0bateau&#8230;<\/p>\n<p>Elle \u00e9limine\u00a0facilement\u00a0tous types de traces, de t\u00e2ches et de graffitis. Supprime facilement les marques de caoutchouc, de feutre, de cirage, de graisse, de tartre, d&#8217;empreintes sales, etc&#8230;<\/p>\n<p>Simple d&rsquo;utilisation : humidifier l\u00e9g\u00e8rement et frotter doucement.<\/p>\n<p><strong>Caract\u00e9ristiques :\u00a0<\/strong><\/p>\n<ul>\n<li>Composition\u00a0: m\u00e9lamine<\/li>\n<li>Inodore<\/li>\n<li>Dimensions : 110 x 63 x 38 mm<\/li>\n<\/ul>","protected":false},"excerpt":{"rendered":"<p>L&rsquo;\u00e9ponge magique SUBLIMO \u00e9limine n&rsquo;importe quelle t\u00e2che ou trace sur tous types de surfaces lisses !\u00a0Vendu par lot 10 pi\u00e8ces.<\/p>","protected":false},"featured_media":3856,"comment_status":"open","ping_status":"closed","template":"","meta":[],"product_brand":[],"product_cat":[180,178],"product_tag":[],"class_list":{"0":"post-2653","1":"product","2":"type-product","3":"status-publish","4":"has-post-thumbnail","6":"product_cat-eponge","7":"product_cat-essuyage-et-lustrage","9":"first","10":"instock","11":"taxable","12":"shipping-taxable","13":"purchasable","14":"product-type-simple"},"_links":{"self":[{"href":"https:\/\/profma.ma\/en\/wp-json\/wp\/v2\/product\/2653","targetHints":{"allow":["GET"]}}],"collection":[{"href":"https:\/\/profma.ma\/en\/wp-json\/wp\/v2\/product"}],"about":[{"href":"https:\/\/profma.ma\/en\/wp-json\/wp\/v2\/types\/product"}],"replies":[{"embeddable":true,"href":"https:\/\/profma.ma\/en\/wp-json\/wp\/v2\/comments?post=2653"}],"wp:featuredmedia":[{"embeddable":true,"href":"https:\/\/profma.ma\/en\/wp-json\/wp\/v2\/media\/3856"}],"wp:attachment":[{"href":"https:\/\/profma.ma\/en\/wp-json\/wp\/v2\/media?parent=2653"}],"wp:term":[{"taxonomy":"product_brand","embeddable":true,"href":"https:\/\/profma.ma\/en\/wp-json\/wp\/v2\/product_brand?post=2653"},{"taxonomy":"product_cat","embeddable":true,"href":"https:\/\/profma.ma\/en\/wp-json\/wp\/v2\/product_cat?post=2653"},{"taxonomy":"product_tag","embeddable":true,"href":"https:\/\/profma.ma\/en\/wp-json\/wp\/v2\/product_tag?post=2653"}],"curies":[{"name":"wp","href":"https:\/\/api.w.org\/{rel}","templated":true}]}}