{"id":2632,"date":"2021-12-23T14:03:37","date_gmt":"2021-12-23T14:03:37","guid":{"rendered":"https:\/\/profma.ma\/?post_type=product&#038;p=2632"},"modified":"2024-06-06T22:24:46","modified_gmt":"2024-06-06T20:24:46","slug":"microfibre-speciale-vitres-bleue","status":"publish","type":"product","link":"https:\/\/profma.ma\/en\/product\/microfibre-speciale-vitres-bleue\/","title":{"rendered":"MICROFIBRE SP\u00c9CIALE VITRES BLEUE"},"content":{"rendered":"<div class=\"tabs\">\n<div id=\"tab-content\" class=\"tab-content\">\n<div id=\"description\" class=\"tab-pane fade in active\" role=\"tabpanel\">\n<div class=\"product-description\">\n<p>Cette microfibre de belle qualit\u00e9 est sp\u00e9cialement con\u00e7ue pour le nettoyage des vitres, miroirs, tables et plateaux de verre.<\/p>\n<p>Elle ne laisse aucune trace sur les surfaces essuy\u00e9es, et s\u2019utilise en association avec le produit vitres de AM Performance.<\/p>\n<p><strong>Caract\u00e9ristiques<\/strong>\u00a0:<\/p>\n<ul>\n<li>300 gr\/m\u00b2<\/li>\n<li>70 % Polyester \u2013 30 % Polyamide<\/li>\n<li>40 x 40 cm<\/li>\n<li>Lavage jusqu&rsquo;\u00e0 90\u00b0C<\/li>\n<\/ul>\n<p>&nbsp;<\/p>\n<\/div>\n<\/div>\n<\/div>\n<\/div>","protected":false},"excerpt":{"rendered":"<p>La microfibre indispensable pour le nettoyage et le d\u00e9graissage des surfaces vitr\u00e9es !<\/p>","protected":false},"featured_media":3927,"comment_status":"open","ping_status":"closed","template":"","meta":[],"product_brand":[],"product_cat":[178,179],"product_tag":[],"class_list":{"0":"post-2632","1":"product","2":"type-product","3":"status-publish","4":"has-post-thumbnail","6":"product_cat-essuyage-et-lustrage","7":"product_cat-microfibre","9":"first","10":"instock","11":"taxable","12":"shipping-taxable","13":"purchasable","14":"product-type-simple"},"_links":{"self":[{"href":"https:\/\/profma.ma\/en\/wp-json\/wp\/v2\/product\/2632","targetHints":{"allow":["GET"]}}],"collection":[{"href":"https:\/\/profma.ma\/en\/wp-json\/wp\/v2\/product"}],"about":[{"href":"https:\/\/profma.ma\/en\/wp-json\/wp\/v2\/types\/product"}],"replies":[{"embeddable":true,"href":"https:\/\/profma.ma\/en\/wp-json\/wp\/v2\/comments?post=2632"}],"wp:featuredmedia":[{"embeddable":true,"href":"https:\/\/profma.ma\/en\/wp-json\/wp\/v2\/media\/3927"}],"wp:attachment":[{"href":"https:\/\/profma.ma\/en\/wp-json\/wp\/v2\/media?parent=2632"}],"wp:term":[{"taxonomy":"product_brand","embeddable":true,"href":"https:\/\/profma.ma\/en\/wp-json\/wp\/v2\/product_brand?post=2632"},{"taxonomy":"product_cat","embeddable":true,"href":"https:\/\/profma.ma\/en\/wp-json\/wp\/v2\/product_cat?post=2632"},{"taxonomy":"product_tag","embeddable":true,"href":"https:\/\/profma.ma\/en\/wp-json\/wp\/v2\/product_tag?post=2632"}],"curies":[{"name":"wp","href":"https:\/\/api.w.org\/{rel}","templated":true}]}}