{"id":2625,"date":"2021-12-23T13:52:08","date_gmt":"2021-12-23T13:52:08","guid":{"rendered":"https:\/\/profma.ma\/?post_type=product&#038;p=2625"},"modified":"2024-06-06T22:24:08","modified_gmt":"2024-06-06T20:24:08","slug":"microfibre-top-silk-blanche","status":"publish","type":"product","link":"https:\/\/profma.ma\/en\/product\/microfibre-top-silk-blanche\/","title":{"rendered":"MICROFIBRE TOP SILK BLANCHE"},"content":{"rendered":"<p>\u00c9limine sans peine les salet\u00e9s et la poussi\u00e8re de vos\u00a0surfaces vitr\u00e9es !<\/p>\n<ul>\n<li>Fait briller<\/li>\n<li>S\u00e8che vite<\/li>\n<li>Ne laisse pas de traces<\/li>\n<li>Ne peluche pas<\/li>\n<\/ul>\n<p><strong>Applications :\u00a0<\/strong><\/p>\n<p>Vitres, verres, miroirs, surfaces lisses fragiles tels que : \u00e9crans d\u2019ordinateur, tablettes, t\u00e9l\u00e9phones portables\u2026<\/p>\n<p><strong>Caract\u00e9ristiques :<\/strong><\/p>\n<ul>\n<li>Microfibre en tricotage fa\u00e7on soie, mailles serr\u00e9es<\/li>\n<li>Polyester 70%, Polyamide 30%<\/li>\n<li>220 g\/ m2<\/li>\n<li>Dimensions : 50x70cm<\/li>\n<li>Lavable en machine jusqu\u2019\u00e0 90\u00b0C<\/li>\n<li>R\u00e9sistant jusqu\u2019\u00e0 300 lavages<\/li>\n<li>Vendu en sachet<\/li>\n<\/ul>","protected":false},"excerpt":{"rendered":"<p>Microfibre professionnelle de haute qualit\u00e9 pour le nettoyage et l\u2019essuyage des surfaces vitr\u00e9es les plus fragiles.<br \/>\n<img loading=\"lazy\" decoding=\"async\" src=\"https:\/\/www.am-performance.fr\/img\/cms\/Top%20qualite.png\" alt=\"\" width=\"51\" height=\"51\" \/>\u00a0<img loading=\"lazy\" decoding=\"async\" src=\"https:\/\/www.am-performance.fr\/img\/cms\/Top%20vente.png\" alt=\"\" width=\"52\" height=\"52\" \/><\/p>","protected":false},"featured_media":3850,"comment_status":"open","ping_status":"closed","template":"","meta":[],"product_brand":[],"product_cat":[178,179],"product_tag":[],"class_list":{"0":"post-2625","1":"product","2":"type-product","3":"status-publish","4":"has-post-thumbnail","6":"product_cat-essuyage-et-lustrage","7":"product_cat-microfibre","9":"first","10":"instock","11":"taxable","12":"shipping-taxable","13":"product-type-simple"},"_links":{"self":[{"href":"https:\/\/profma.ma\/en\/wp-json\/wp\/v2\/product\/2625","targetHints":{"allow":["GET"]}}],"collection":[{"href":"https:\/\/profma.ma\/en\/wp-json\/wp\/v2\/product"}],"about":[{"href":"https:\/\/profma.ma\/en\/wp-json\/wp\/v2\/types\/product"}],"replies":[{"embeddable":true,"href":"https:\/\/profma.ma\/en\/wp-json\/wp\/v2\/comments?post=2625"}],"wp:featuredmedia":[{"embeddable":true,"href":"https:\/\/profma.ma\/en\/wp-json\/wp\/v2\/media\/3850"}],"wp:attachment":[{"href":"https:\/\/profma.ma\/en\/wp-json\/wp\/v2\/media?parent=2625"}],"wp:term":[{"taxonomy":"product_brand","embeddable":true,"href":"https:\/\/profma.ma\/en\/wp-json\/wp\/v2\/product_brand?post=2625"},{"taxonomy":"product_cat","embeddable":true,"href":"https:\/\/profma.ma\/en\/wp-json\/wp\/v2\/product_cat?post=2625"},{"taxonomy":"product_tag","embeddable":true,"href":"https:\/\/profma.ma\/en\/wp-json\/wp\/v2\/product_tag?post=2625"}],"curies":[{"name":"wp","href":"https:\/\/api.w.org\/{rel}","templated":true}]}}