{"id":2595,"date":"2021-12-22T15:52:05","date_gmt":"2021-12-22T15:52:05","guid":{"rendered":"https:\/\/profma.ma\/?post_type=product&#038;p=2595"},"modified":"2024-06-06T22:23:08","modified_gmt":"2024-06-06T20:23:08","slug":"kenotek-coat-it-pre-coat-500ml","status":"publish","type":"product","link":"https:\/\/profma.ma\/en\/product\/kenotek-coat-it-pre-coat-500ml\/","title":{"rendered":"KENOTEK COAT&rsquo; IT \u00ab\u00a0PRE COAT\u00a0\u00bb 500ML"},"content":{"rendered":"<p><strong><em>\u00a0\u00ab\u00a0Pre Coat\u00a0\u00bb de Kenotek<\/em><\/strong><\/p>\n<p>est un spray pour le d\u00e9graissage des v\u00e9hicules, issu du nouveau programme COAT IT. Il dissout les anciennes couches de cire et de r\u00e9sidus, et pr\u00e9pare la surface avant application d\u2019une protection.<\/p>","protected":false},"excerpt":{"rendered":"<p>NETTOYANT ET DEGRAISSANT ACTIF<\/p>\n<ul>\n<li>Excellente connexion entre la surface et les rev\u00eatements Kenotek Coat&rsquo;it<\/li>\n<li>\u00c0 base d&rsquo;alcool et de tensioactifs<\/li>\n<li>Facile \u00e0 utiliser<\/li>\n<li>Pr\u00eat \u00e0 l&#8217;emploi<\/li>\n<li>Appliquer le produit sur une surface parfaitement propre, \u00e0 l&rsquo;aide d&rsquo;une microfibre.Contenance : 500ml<\/li>\n<\/ul>","protected":false},"featured_media":3976,"comment_status":"open","ping_status":"closed","template":"","meta":[],"product_brand":[],"product_cat":[166],"product_tag":[],"class_list":{"0":"post-2595","1":"product","2":"type-product","3":"status-publish","4":"has-post-thumbnail","6":"product_cat-produits-exterieur0","8":"first","9":"instock","10":"taxable","11":"shipping-taxable","12":"purchasable","13":"product-type-simple"},"_links":{"self":[{"href":"https:\/\/profma.ma\/en\/wp-json\/wp\/v2\/product\/2595","targetHints":{"allow":["GET"]}}],"collection":[{"href":"https:\/\/profma.ma\/en\/wp-json\/wp\/v2\/product"}],"about":[{"href":"https:\/\/profma.ma\/en\/wp-json\/wp\/v2\/types\/product"}],"replies":[{"embeddable":true,"href":"https:\/\/profma.ma\/en\/wp-json\/wp\/v2\/comments?post=2595"}],"wp:featuredmedia":[{"embeddable":true,"href":"https:\/\/profma.ma\/en\/wp-json\/wp\/v2\/media\/3976"}],"wp:attachment":[{"href":"https:\/\/profma.ma\/en\/wp-json\/wp\/v2\/media?parent=2595"}],"wp:term":[{"taxonomy":"product_brand","embeddable":true,"href":"https:\/\/profma.ma\/en\/wp-json\/wp\/v2\/product_brand?post=2595"},{"taxonomy":"product_cat","embeddable":true,"href":"https:\/\/profma.ma\/en\/wp-json\/wp\/v2\/product_cat?post=2595"},{"taxonomy":"product_tag","embeddable":true,"href":"https:\/\/profma.ma\/en\/wp-json\/wp\/v2\/product_tag?post=2595"}],"curies":[{"name":"wp","href":"https:\/\/api.w.org\/{rel}","templated":true}]}}