{"id":2585,"date":"2021-12-22T15:10:01","date_gmt":"2021-12-22T15:10:01","guid":{"rendered":"https:\/\/profma.ma\/?post_type=product&#038;p=2585"},"modified":"2024-06-06T22:22:34","modified_gmt":"2024-06-06T20:22:34","slug":"nettoyant-vitre-kenotek-pro-1l","status":"publish","type":"product","link":"https:\/\/profma.ma\/en\/product\/nettoyant-vitre-kenotek-pro-1l\/","title":{"rendered":"NETTOYANT VITRE KENOTEK PRO 1L"},"content":{"rendered":"<h3><em><strong>Glass Cleaner<\/strong><\/em><\/h3>\n<p>Nettoyant efficace des vitres, sans coulures<\/p>\n<ul>\n<li>nettoyage sans coulures<\/li>\n<li>\u00e0 base d&rsquo;alcool<\/li>\n<li>enl\u00e8ve efficacement la nicotine et le d\u00e9p\u00f4t d\u00fb \u00e0 la climatisation<\/li>\n<li>sans ammoniaque<\/li>\n<\/ul>","protected":false},"excerpt":{"rendered":"<p>Le \u201cGlass cleaner\u201d de Kenotek nettoie sans laisser de traces : fen\u00eatres, miroirs, plastiques et chromes. Il enl\u00e8ve efficacement la nicotine.<br \/>\n<img loading=\"lazy\" decoding=\"async\" src=\"https:\/\/www.am-performance.fr\/img\/cms\/Top%20qualite.png\" alt=\"\" width=\"80\" height=\"80\" \/>\u00a0<img loading=\"lazy\" decoding=\"async\" src=\"https:\/\/www.am-performance.fr\/img\/cms\/Top%20vente.png\" alt=\"\" width=\"80\" height=\"80\" \/><\/p>","protected":false},"featured_media":3756,"comment_status":"open","ping_status":"closed","template":"","meta":[],"product_brand":[],"product_cat":[171,166],"product_tag":[],"class_list":{"0":"post-2585","1":"product","2":"type-product","3":"status-publish","4":"has-post-thumbnail","6":"product_cat-nettoyant-vitres","7":"product_cat-produits-exterieur0","9":"first","10":"instock","11":"taxable","12":"shipping-taxable","13":"purchasable","14":"product-type-simple"},"_links":{"self":[{"href":"https:\/\/profma.ma\/en\/wp-json\/wp\/v2\/product\/2585","targetHints":{"allow":["GET"]}}],"collection":[{"href":"https:\/\/profma.ma\/en\/wp-json\/wp\/v2\/product"}],"about":[{"href":"https:\/\/profma.ma\/en\/wp-json\/wp\/v2\/types\/product"}],"replies":[{"embeddable":true,"href":"https:\/\/profma.ma\/en\/wp-json\/wp\/v2\/comments?post=2585"}],"wp:featuredmedia":[{"embeddable":true,"href":"https:\/\/profma.ma\/en\/wp-json\/wp\/v2\/media\/3756"}],"wp:attachment":[{"href":"https:\/\/profma.ma\/en\/wp-json\/wp\/v2\/media?parent=2585"}],"wp:term":[{"taxonomy":"product_brand","embeddable":true,"href":"https:\/\/profma.ma\/en\/wp-json\/wp\/v2\/product_brand?post=2585"},{"taxonomy":"product_cat","embeddable":true,"href":"https:\/\/profma.ma\/en\/wp-json\/wp\/v2\/product_cat?post=2585"},{"taxonomy":"product_tag","embeddable":true,"href":"https:\/\/profma.ma\/en\/wp-json\/wp\/v2\/product_tag?post=2585"}],"curies":[{"name":"wp","href":"https:\/\/api.w.org\/{rel}","templated":true}]}}