{"id":2572,"date":"2021-12-22T14:49:56","date_gmt":"2021-12-22T14:49:56","guid":{"rendered":"https:\/\/profma.ma\/?post_type=product&#038;p=2572"},"modified":"2024-06-06T22:22:22","modified_gmt":"2024-06-06T20:22:22","slug":"coat-it-camiq","status":"publish","type":"product","link":"https:\/\/profma.ma\/en\/product\/coat-it-camiq\/","title":{"rendered":"COAT &lsquo;IT CAMIQ"},"content":{"rendered":"<p><em><strong>Kenotek Coat &lsquo;It Camiq est un traitement hydro- et ol\u00e9ophobe pour les v\u00e9hicules (36 mois)<\/strong><\/em><\/p>\n<div class=\"field field-name-field-usps field-type-text-long field-label-hidden\">\n<div class=\"field-items\">\n<div class=\"field-item even\">\n<ul>\n<li>Duret\u00e9 9H<\/li>\n<li>Effet anti-adh\u00e9rent<\/li>\n<li>Des surfaces lisses pour minimiser les micro-rayures<\/li>\n<li>Une meilleure r\u00e9sistance aux taches d&rsquo;eau<\/li>\n<li>Dur\u00e9e de vie de 36 mois<\/li>\n<\/ul>\n<\/div>\n<\/div>\n<\/div>","protected":false},"excerpt":{"rendered":"<div id=\"tab-product-desc\" class=\"col-md-12 product_description\">\n<div class=\"field field-name-body field-type-text-with-summary field-label-hidden\">\n<div class=\"field-items\">\n<div class=\"field-item even\">\n<p>Kenotek Coat &lsquo;It Camiq est un traitement hydro- et ol\u00e9ophobe pour les v\u00e9hicules. Il donne une duret\u00e9 de 9H \u00e0 la voiture. Camiq a une excellente qualit\u00e9 hydrophobe : l&rsquo;angle de contact de l&rsquo;eau d\u00e9passe 110\u00b0. Camiq a une dur\u00e9e de vie de 36 mois avec une utilisation correcte et r\u00e9guli\u00e8re des produits d&rsquo;entretien recommand\u00e9s.<\/p>\n<p>Available packages: 50 ml<\/p>\n<\/div>\n<\/div>\n<\/div>\n<\/div>","protected":false},"featured_media":4063,"comment_status":"open","ping_status":"closed","template":"","meta":[],"product_brand":[],"product_cat":[166,170],"product_tag":[],"class_list":{"0":"post-2572","1":"product","2":"type-product","3":"status-publish","4":"has-post-thumbnail","6":"product_cat-produits-exterieur0","7":"product_cat-protection","9":"first","10":"instock","11":"taxable","12":"shipping-taxable","13":"product-type-simple"},"_links":{"self":[{"href":"https:\/\/profma.ma\/en\/wp-json\/wp\/v2\/product\/2572","targetHints":{"allow":["GET"]}}],"collection":[{"href":"https:\/\/profma.ma\/en\/wp-json\/wp\/v2\/product"}],"about":[{"href":"https:\/\/profma.ma\/en\/wp-json\/wp\/v2\/types\/product"}],"replies":[{"embeddable":true,"href":"https:\/\/profma.ma\/en\/wp-json\/wp\/v2\/comments?post=2572"}],"wp:featuredmedia":[{"embeddable":true,"href":"https:\/\/profma.ma\/en\/wp-json\/wp\/v2\/media\/4063"}],"wp:attachment":[{"href":"https:\/\/profma.ma\/en\/wp-json\/wp\/v2\/media?parent=2572"}],"wp:term":[{"taxonomy":"product_brand","embeddable":true,"href":"https:\/\/profma.ma\/en\/wp-json\/wp\/v2\/product_brand?post=2572"},{"taxonomy":"product_cat","embeddable":true,"href":"https:\/\/profma.ma\/en\/wp-json\/wp\/v2\/product_cat?post=2572"},{"taxonomy":"product_tag","embeddable":true,"href":"https:\/\/profma.ma\/en\/wp-json\/wp\/v2\/product_tag?post=2572"}],"curies":[{"name":"wp","href":"https:\/\/api.w.org\/{rel}","templated":true}]}}