{"id":2537,"date":"2021-12-20T15:41:04","date_gmt":"2021-12-20T15:41:04","guid":{"rendered":"https:\/\/profma.ma\/?post_type=product&#038;p=2537"},"modified":"2024-06-06T22:22:11","modified_gmt":"2024-06-06T20:22:11","slug":"ceramiq-coat-it-force%c2%b2","status":"publish","type":"product","link":"https:\/\/profma.ma\/en\/product\/ceramiq-coat-it-force%c2%b2\/","title":{"rendered":"CERAMIQ COAT &lsquo;IT FORCE\u00b2"},"content":{"rendered":"<div style=\"width: 480px;\" class=\"wp-video\"><video class=\"wp-video-shortcode\" id=\"video-2537-1\" width=\"480\" height=\"480\" preload=\"metadata\" controls=\"controls\"><source type=\"video\/mp4\" src=\"https:\/\/profma.ma\/wp-content\/uploads\/2021\/12\/FORCE-2.mp4?_=1\" \/><a href=\"https:\/\/profma.ma\/wp-content\/uploads\/2021\/12\/FORCE-2.mp4\">https:\/\/profma.ma\/wp-content\/uploads\/2021\/12\/FORCE-2.mp4<\/a><\/video><\/div>\n<p><em><strong>Traitement hydro- et ol\u00e9ophobe \u00e0 2 composants pour les v\u00e9hicules<\/strong> <\/em><\/p>\n<div class=\"field field-name-field-usps field-type-text-long field-label-hidden\">\n<div class=\"field-items\">\n<div class=\"field-item even\">\n<ul>\n<li>Duret\u00e9 9H<\/li>\n<li>Effet anti-adh\u00e9rent<\/li>\n<li>Des surfaces lisses pour minimiser les micro-rayures<\/li>\n<li>Une meilleure r\u00e9sistance aux taches d&rsquo;eau<\/li>\n<li>Dur\u00e9e de vie de 60 mois<\/li>\n<li>Surfaces lisses<\/li>\n<\/ul>\n<\/div>\n<\/div>\n<\/div>","protected":false},"excerpt":{"rendered":"<p>Kenotek \u00ab\u00a0It Force\u00a0\u00bb est un traitement hydro- et ol\u00e9ophobe \u00e0 deux composants pour les v\u00e9hicules. Il donne une duret\u00e9 de 9H \u00e0 la voiture. Force\u00b2 a une excellente qualit\u00e9 hydrophobe : l&rsquo;angle de contact de l&rsquo;eau d\u00e9passe +120\u00b0. Force\u00b2 a une dur\u00e9e de vie de 60 mois avec une utilisation correcte et r\u00e9guli\u00e8re des produits d&rsquo;entretien recommand\u00e9s. Il donne une surface lisse et soyeuse \u00e0 la voiture.<\/p>\n<p>Available packages: 50 ml 100 ml<\/p>","protected":false},"featured_media":3777,"comment_status":"open","ping_status":"closed","template":"","meta":[],"product_brand":[],"product_cat":[166],"product_tag":[],"class_list":{"0":"post-2537","1":"product","2":"type-product","3":"status-publish","4":"has-post-thumbnail","6":"product_cat-produits-exterieur0","8":"first","9":"instock","10":"taxable","11":"shipping-taxable","12":"product-type-simple"},"_links":{"self":[{"href":"https:\/\/profma.ma\/en\/wp-json\/wp\/v2\/product\/2537","targetHints":{"allow":["GET"]}}],"collection":[{"href":"https:\/\/profma.ma\/en\/wp-json\/wp\/v2\/product"}],"about":[{"href":"https:\/\/profma.ma\/en\/wp-json\/wp\/v2\/types\/product"}],"replies":[{"embeddable":true,"href":"https:\/\/profma.ma\/en\/wp-json\/wp\/v2\/comments?post=2537"}],"wp:featuredmedia":[{"embeddable":true,"href":"https:\/\/profma.ma\/en\/wp-json\/wp\/v2\/media\/3777"}],"wp:attachment":[{"href":"https:\/\/profma.ma\/en\/wp-json\/wp\/v2\/media?parent=2537"}],"wp:term":[{"taxonomy":"product_brand","embeddable":true,"href":"https:\/\/profma.ma\/en\/wp-json\/wp\/v2\/product_brand?post=2537"},{"taxonomy":"product_cat","embeddable":true,"href":"https:\/\/profma.ma\/en\/wp-json\/wp\/v2\/product_cat?post=2537"},{"taxonomy":"product_tag","embeddable":true,"href":"https:\/\/profma.ma\/en\/wp-json\/wp\/v2\/product_tag?post=2537"}],"curies":[{"name":"wp","href":"https:\/\/api.w.org\/{rel}","templated":true}]}}