{"id":2524,"date":"2021-12-20T14:59:29","date_gmt":"2021-12-20T14:59:29","guid":{"rendered":"https:\/\/profma.ma\/?post_type=product&#038;p=2524"},"modified":"2024-05-05T15:48:40","modified_gmt":"2024-05-05T13:48:40","slug":"heavy-cut-400","status":"publish","type":"product","link":"https:\/\/profma.ma\/en\/product\/heavy-cut-400\/","title":{"rendered":"HEAVY CUT 400"},"content":{"rendered":"<p><strong><em>Menzerna Heavy Cut 400<\/em><\/strong><\/p>\n<p>est un compound dont la r\u00e9putation n&rsquo;est plus \u00e0 faire. Il s&rsquo;agit d&rsquo;un polish puissant contenant des abrasifs ultra fins permettant de supprimer rapidement les swirls et micro-rayures ainsi que les marques laiss\u00e9es par un wetsanding (pon\u00e7age \u00e0 l&rsquo;eau) jusqu&rsquo;au grain 1200.<\/p>\n<p>Sa grande force r\u00e9side dans sa capacit\u00e9 \u00e0 laisser un fini brillant et sans hologrammes, surtout pour un compound.<\/p>","protected":false},"excerpt":{"rendered":"<p>Le polish le plus vendu !<br \/>\nLe Heavy Cut Compound 400 est un polish innovant qui \u00e9limine en un temps record les marques de pon\u00e7age et fait briller en une seule et m\u00eame op\u00e9ration.<br \/>\n<img loading=\"lazy\" decoding=\"async\" src=\"https:\/\/www.am-performance.fr\/img\/cms\/MENZERNA.png\" alt=\"\" width=\"219\" height=\"50\" \/>\u00a0 \u00a0<img loading=\"lazy\" decoding=\"async\" src=\"https:\/\/www.am-performance.fr\/img\/cms\/DOSSIER%20MENZERNA.png\" alt=\"\" width=\"73\" height=\"72\" \/><\/p>","protected":false},"featured_media":3752,"comment_status":"open","ping_status":"closed","template":"","meta":[],"product_brand":[],"product_cat":[163,166],"product_tag":[],"class_list":{"0":"post-2524","1":"product","2":"type-product","3":"status-publish","4":"has-post-thumbnail","6":"product_cat-nettoyants-carrosserie","7":"product_cat-produits-exterieur0","9":"first","10":"instock","11":"taxable","12":"shipping-taxable","13":"purchasable","14":"product-type-simple"},"_links":{"self":[{"href":"https:\/\/profma.ma\/en\/wp-json\/wp\/v2\/product\/2524","targetHints":{"allow":["GET"]}}],"collection":[{"href":"https:\/\/profma.ma\/en\/wp-json\/wp\/v2\/product"}],"about":[{"href":"https:\/\/profma.ma\/en\/wp-json\/wp\/v2\/types\/product"}],"replies":[{"embeddable":true,"href":"https:\/\/profma.ma\/en\/wp-json\/wp\/v2\/comments?post=2524"}],"wp:featuredmedia":[{"embeddable":true,"href":"https:\/\/profma.ma\/en\/wp-json\/wp\/v2\/media\/3752"}],"wp:attachment":[{"href":"https:\/\/profma.ma\/en\/wp-json\/wp\/v2\/media?parent=2524"}],"wp:term":[{"taxonomy":"product_brand","embeddable":true,"href":"https:\/\/profma.ma\/en\/wp-json\/wp\/v2\/product_brand?post=2524"},{"taxonomy":"product_cat","embeddable":true,"href":"https:\/\/profma.ma\/en\/wp-json\/wp\/v2\/product_cat?post=2524"},{"taxonomy":"product_tag","embeddable":true,"href":"https:\/\/profma.ma\/en\/wp-json\/wp\/v2\/product_tag?post=2524"}],"curies":[{"name":"wp","href":"https:\/\/api.w.org\/{rel}","templated":true}]}}